{"id":87,"date":"2022-10-21T19:57:32","date_gmt":"2022-10-21T19:57:32","guid":{"rendered":"https:\/\/blogceta.zaragoza.unam.mx\/vbioesta\/?page_id=87"},"modified":"2024-09-06T18:49:37","modified_gmt":"2024-09-06T18:49:37","slug":"inicio","status":"publish","type":"page","link":"https:\/\/blogceta.zaragoza.unam.mx\/vbioesta\/","title":{"rendered":"Presentaci\u00f3n"},"content":{"rendered":"<div class=\"wp-block-image\">\n<figure class=\"alignright size-full is-resized\"><img decoding=\"async\" loading=\"lazy\" src=\"https:\/\/blogceta.zaragoza.unam.mx\/vbioesta\/wp-content\/uploads\/sites\/90\/2024\/09\/Inferencia_QR-1.png\" alt=\"\" class=\"wp-image-433\" width=\"176\" height=\"176\" srcset=\"https:\/\/blogceta.zaragoza.unam.mx\/vbioesta\/wp-content\/uploads\/sites\/90\/2024\/09\/Inferencia_QR-1.png 328w, https:\/\/blogceta.zaragoza.unam.mx\/vbioesta\/wp-content\/uploads\/sites\/90\/2024\/09\/Inferencia_QR-1-300x300.png 300w, https:\/\/blogceta.zaragoza.unam.mx\/vbioesta\/wp-content\/uploads\/sites\/90\/2024\/09\/Inferencia_QR-1-150x150.png 150w\" sizes=\"(max-width: 176px) 100vw, 176px\" \/><\/figure><\/div>\n\n\n<figure class=\"wp-block-image size-large is-resized\"><img decoding=\"async\" loading=\"lazy\" src=\"https:\/\/blogceta.zaragoza.unam.mx\/vbioesta\/wp-content\/uploads\/sites\/90\/2023\/04\/ocelote-presentacion-1024x722.png\" alt=\"\" class=\"wp-image-191\" width=\"214\" height=\"151\" srcset=\"https:\/\/blogceta.zaragoza.unam.mx\/vbioesta\/wp-content\/uploads\/sites\/90\/2023\/04\/ocelote-presentacion-1024x722.png 1024w, https:\/\/blogceta.zaragoza.unam.mx\/vbioesta\/wp-content\/uploads\/sites\/90\/2023\/04\/ocelote-presentacion-300x212.png 300w, https:\/\/blogceta.zaragoza.unam.mx\/vbioesta\/wp-content\/uploads\/sites\/90\/2023\/04\/ocelote-presentacion-768x542.png 768w, https:\/\/blogceta.zaragoza.unam.mx\/vbioesta\/wp-content\/uploads\/sites\/90\/2023\/04\/ocelote-presentacion.png 1489w\" sizes=\"(max-width: 214px) 100vw, 214px\" \/><\/figure>\n\n\n\n<p>Uno de los grandes objetivos de la estad\u00edstica consiste en estimar par\u00e1metros de una poblaci\u00f3n. Por lo que la inferencia estad\u00edstica es el conjunto de m\u00e9todos y t\u00e9cnicas que permiten inducir o estimar, a partir de la informaci\u00f3n proporcionada por una muestra, cual es el comportamiento de los par\u00e1metros de una determinada poblaci\u00f3n, con una incertidumbre o riesgo de error que se mide en t\u00e9rminos de probabilidad.<\/p>\n\n\n\n<p>La inferencia estad\u00edstica considera dos tipos de estrategias:<\/p>\n\n\n\n<ul>\n<li>La estimaci\u00f3n de intervalos de confianza, que permite conocer el rango de valores entre los que se encontrar\u00e1 el par\u00e1metro poblacional que se est\u00e1 estimando.<\/li>\n\n\n\n<li>El contraste o prueba de hip\u00f3tesis, con el que habitualmente se comparan dos o m\u00e1s alternativas, cuantificando la probabilidad de que las diferencias entre ellas se deban al azar.<\/li>\n<\/ul>\n\n\n\n<p>Ambas estrategias se basan en el conocimiento te\u00f3rico de la distribuci\u00f3n de probabilidad del estad\u00edstico muestral que se utiliza como estimador de alg\u00fan par\u00e1metro.<\/p>\n\n\n\n<p class=\"has-bright-blue-color has-text-color\"><strong><span style=\"color: #0000ff\">En cada tema se revisa un m\u00ednimo de teor\u00eda y varios ejemplos resueltos, paso a paso, por lo que el enfoque es predominantemente pr\u00e1ctico.<\/span><\/strong><\/p>\n","protected":false},"excerpt":{"rendered":"<p>Uno de los grandes objetivos de la estad\u00edstica consiste en estimar par\u00e1metros de una poblaci\u00f3n. Por lo que la inferencia estad\u00edstica es el conjunto de m\u00e9todos y t\u00e9cnicas que permiten inducir o estimar, a partir de la informaci\u00f3n proporcionada por &hellip; <a href=\"https:\/\/blogceta.zaragoza.unam.mx\/vbioesta\/\">Sigue leyendo <span class=\"meta-nav\">&rarr;<\/span><\/a><\/p>\n","protected":false},"author":53,"featured_media":0,"parent":0,"menu_order":0,"comment_status":"closed","ping_status":"closed","template":"","meta":{"_bbp_topic_count":0,"_bbp_reply_count":0,"_bbp_total_topic_count":0,"_bbp_total_reply_count":0,"_bbp_voice_count":0,"_bbp_anonymous_reply_count":0,"_bbp_topic_count_hidden":0,"_bbp_reply_count_hidden":0,"_bbp_forum_subforum_count":0},"_links":{"self":[{"href":"https:\/\/blogceta.zaragoza.unam.mx\/vbioesta\/wp-json\/wp\/v2\/pages\/87"}],"collection":[{"href":"https:\/\/blogceta.zaragoza.unam.mx\/vbioesta\/wp-json\/wp\/v2\/pages"}],"about":[{"href":"https:\/\/blogceta.zaragoza.unam.mx\/vbioesta\/wp-json\/wp\/v2\/types\/page"}],"author":[{"embeddable":true,"href":"https:\/\/blogceta.zaragoza.unam.mx\/vbioesta\/wp-json\/wp\/v2\/users\/53"}],"replies":[{"embeddable":true,"href":"https:\/\/blogceta.zaragoza.unam.mx\/vbioesta\/wp-json\/wp\/v2\/comments?post=87"}],"version-history":[{"count":9,"href":"https:\/\/blogceta.zaragoza.unam.mx\/vbioesta\/wp-json\/wp\/v2\/pages\/87\/revisions"}],"predecessor-version":[{"id":193,"href":"https:\/\/blogceta.zaragoza.unam.mx\/vbioesta\/wp-json\/wp\/v2\/pages\/87\/revisions\/193"}],"wp:attachment":[{"href":"https:\/\/blogceta.zaragoza.unam.mx\/vbioesta\/wp-json\/wp\/v2\/media?parent=87"}],"curies":[{"name":"wp","href":"https:\/\/api.w.org\/{rel}","templated":true}]}}