{"id":104,"date":"2022-10-21T20:19:46","date_gmt":"2022-10-21T20:19:46","guid":{"rendered":"https:\/\/blogceta.zaragoza.unam.mx\/vbioesta\/?page_id=104"},"modified":"2024-07-21T03:02:08","modified_gmt":"2024-07-21T03:02:08","slug":"concepto-de-hipotesis","status":"publish","type":"page","link":"https:\/\/blogceta.zaragoza.unam.mx\/vbioesta\/concepto-de-hipotesis\/","title":{"rendered":"Concepto de hip\u00f3tesis"},"content":{"rendered":"\n<p>La hip\u00f3tesis nula, representada por Ho:, se usa para enunciar algo que se conoce como \u201ccierto\u201d con base en el conocimiento previo del proceso o fen\u00f3meno en estudio.<\/p>\n\n\n\n<p>Por otro lado, la hip\u00f3tesis alternativa, representada por &nbsp;Ha: o H1:, enuncia lo contrario a la hip\u00f3tesis nula y la complementa en todas sus posibilidades de respuesta, esta se conoce tambi\u00e9n como \u201cla hip\u00f3tesis del investigador\u201d.<\/p>\n\n\n\n<p>Este juego de hip\u00f3tesis tiene tres formas de representarse y estas dependen del tipo de prueba:<\/p>\n\n\n\n<figure class=\"wp-block-image size-full\"><img decoding=\"async\" loading=\"lazy\" width=\"756\" height=\"141\" src=\"https:\/\/blogceta.zaragoza.unam.mx\/vbioesta\/wp-content\/uploads\/sites\/90\/2024\/06\/hipotesis_00.png\" alt=\"\" class=\"wp-image-330\" srcset=\"https:\/\/blogceta.zaragoza.unam.mx\/vbioesta\/wp-content\/uploads\/sites\/90\/2024\/06\/hipotesis_00.png 756w, https:\/\/blogceta.zaragoza.unam.mx\/vbioesta\/wp-content\/uploads\/sites\/90\/2024\/06\/hipotesis_00-300x56.png 300w\" sizes=\"(max-width: 756px) 100vw, 756px\" \/><\/figure>\n\n\n\n<h2><a>Ejemplo<\/a><\/h2>\n\n\n\n<p>Cierto producto qu\u00edmico se utiliz\u00f3 para la fumigaci\u00f3n de cucarachas y chinches, despu\u00e9s de cierto n\u00famero de aplicaciones <strong>se observ\u00f3 que el producto afectaba en promedio, m\u00e1s a chinches que a cucarachas.<\/strong> Para tener mayor certeza de esta observaci\u00f3n, se realizaron 10 aplicaciones a grupos con 100 cucarachas y 100 chinches, al finalizar se contabiliz\u00f3 el n\u00famero de individuos muertos.<\/p>\n\n\n\n<figure class=\"wp-block-table is-style-stripes\"><table><tbody><tr><td><strong>Aplicaci\u00f3n<\/strong><strong><\/strong><\/td><td><strong>Cucarachas (<\/strong> X1<strong>)<\/strong><\/td><td><strong>Chinches (<\/strong>X2 <strong>)<\/strong><\/td><\/tr><tr><td>1<\/td><td>52<\/td><td>84<\/td><\/tr><tr><td>2<\/td><td>63<\/td><td>79<\/td><\/tr><tr><td>3<\/td><td>47<\/td><td>91<\/td><\/tr><tr><td>4<\/td><td>56<\/td><td>88<\/td><\/tr><tr><td>5<\/td><td>66<\/td><td>94<\/td><\/tr><tr><td>6<\/td><td>71<\/td><td>81<\/td><\/tr><tr><td>7<\/td><td>56<\/td><td>72<\/td><\/tr><tr><td>8<\/td><td>39<\/td><td>64<\/td><\/tr><tr><td>9<\/td><td>46<\/td><td>67<\/td><\/tr><tr><td>10<\/td><td>73<\/td><td>85<\/td><\/tr><\/tbody><\/table><\/figure>\n\n\n\n<p>Entonces, la hip\u00f3tesis estad\u00edstica es:<\/p>\n\n\n\n<p>La aplicaci\u00f3n del producto qu\u00edmico exterminar\u00e1 m\u00e1s chinches que cucarachas.<\/p>\n\n\n\n<p>Como <strong>la hip\u00f3tesis nula<\/strong> es aquello que sabemos, entonces:<\/p>\n\n\n<div class=\"wp-block-image\">\n<figure class=\"aligncenter size-full\"><img decoding=\"async\" loading=\"lazy\" width=\"126\" height=\"45\" src=\"https:\/\/blogceta.zaragoza.unam.mx\/vbioesta\/wp-content\/uploads\/sites\/90\/2024\/07\/hipotesis_02.png\" alt=\"\" class=\"wp-image-341\" \/><\/figure><\/div>\n\n\n<p>El promedio de muertes en cucarachas es igual o mayor que el de las chinches o el n\u00famero de muertes en chinches es menor o igual al de cucarachas.<\/p>\n\n\n\n<p>Mientras que la <strong>hip\u00f3tesis alternativa<\/strong> nos indica la conjetura del investigador:<\/p>\n\n\n<div class=\"wp-block-image\">\n<figure class=\"aligncenter size-full\"><img decoding=\"async\" loading=\"lazy\" width=\"126\" height=\"48\" src=\"https:\/\/blogceta.zaragoza.unam.mx\/vbioesta\/wp-content\/uploads\/sites\/90\/2024\/07\/hipotesis_03.png\" alt=\"\" class=\"wp-image-342\" \/><\/figure><\/div>\n\n\n<p>El promedio de muertes de las chinches  es mayor al promedio de las cucarachas muertas<\/p>\n\n\n\n<p>De acuerdo con algo observado se realiza la afirmaci\u00f3n de que el producto tiene mayor eficacia en su uso contra las chinches, esta es la conjetura del investigador.<\/p>\n\n\n\n<p>Posteriormente, ya se puede continuar con el procedimiento para tener evidencia para rechazar o no rechazar la hip\u00f3tesis nula.<\/p>\n\n\n\n<p>NOTA: las hip\u00f3tesis nunca se \u201caceptan\u201d ya que estad\u00edsticamente existe la probabilidad de que esa conjetura no se cumpla. Es decir, el investigador puede afirmar con cierto grado de confianza que el supuesto si se cumpla, pero este porcentaje  generalmente no es del 100.<\/p>\n","protected":false},"excerpt":{"rendered":"<p>La hip\u00f3tesis nula, representada por Ho:, se usa para enunciar algo que se conoce como \u201ccierto\u201d con base en el conocimiento previo del proceso o fen\u00f3meno en estudio. Por otro lado, la hip\u00f3tesis alternativa, representada por &nbsp;Ha: o H1:, enuncia &hellip; <a href=\"https:\/\/blogceta.zaragoza.unam.mx\/vbioesta\/concepto-de-hipotesis\/\">Sigue leyendo <span class=\"meta-nav\">&rarr;<\/span><\/a><\/p>\n","protected":false},"author":53,"featured_media":0,"parent":0,"menu_order":0,"comment_status":"closed","ping_status":"closed","template":"","meta":{"_bbp_topic_count":0,"_bbp_reply_count":0,"_bbp_total_topic_count":0,"_bbp_total_reply_count":0,"_bbp_voice_count":0,"_bbp_anonymous_reply_count":0,"_bbp_topic_count_hidden":0,"_bbp_reply_count_hidden":0,"_bbp_forum_subforum_count":0},"_links":{"self":[{"href":"https:\/\/blogceta.zaragoza.unam.mx\/vbioesta\/wp-json\/wp\/v2\/pages\/104"}],"collection":[{"href":"https:\/\/blogceta.zaragoza.unam.mx\/vbioesta\/wp-json\/wp\/v2\/pages"}],"about":[{"href":"https:\/\/blogceta.zaragoza.unam.mx\/vbioesta\/wp-json\/wp\/v2\/types\/page"}],"author":[{"embeddable":true,"href":"https:\/\/blogceta.zaragoza.unam.mx\/vbioesta\/wp-json\/wp\/v2\/users\/53"}],"replies":[{"embeddable":true,"href":"https:\/\/blogceta.zaragoza.unam.mx\/vbioesta\/wp-json\/wp\/v2\/comments?post=104"}],"version-history":[{"count":4,"href":"https:\/\/blogceta.zaragoza.unam.mx\/vbioesta\/wp-json\/wp\/v2\/pages\/104\/revisions"}],"predecessor-version":[{"id":329,"href":"https:\/\/blogceta.zaragoza.unam.mx\/vbioesta\/wp-json\/wp\/v2\/pages\/104\/revisions\/329"}],"wp:attachment":[{"href":"https:\/\/blogceta.zaragoza.unam.mx\/vbioesta\/wp-json\/wp\/v2\/media?parent=104"}],"curies":[{"name":"wp","href":"https:\/\/api.w.org\/{rel}","templated":true}]}}