{"id":935,"date":"2024-03-12T17:18:47","date_gmt":"2024-03-12T17:18:47","guid":{"rendered":"https:\/\/blogceta.zaragoza.unam.mx\/uig\/?page_id=935"},"modified":"2024-07-25T16:32:39","modified_gmt":"2024-07-25T16:32:39","slug":"objetivos","status":"publish","type":"page","link":"https:\/\/blogceta.zaragoza.unam.mx\/uig\/objetivos\/","title":{"rendered":"Objetivos"},"content":{"rendered":"\n<figure class=\"wp-block-image size-large\"><img data-attachment-id=\"2160\" data-permalink=\"https:\/\/blogceta.zaragoza.unam.mx\/uig\/objetivos\/image-7-2\/\" data-orig-file=\"https:\/\/blogceta.zaragoza.unam.mx\/uig\/wp-content\/uploads\/sites\/84\/2024\/07\/image-7.png\" data-orig-size=\"1754,209\" data-comments-opened=\"1\" data-image-meta=\"{&quot;aperture&quot;:&quot;0&quot;,&quot;credit&quot;:&quot;&quot;,&quot;camera&quot;:&quot;&quot;,&quot;caption&quot;:&quot;&quot;,&quot;created_timestamp&quot;:&quot;0&quot;,&quot;copyright&quot;:&quot;&quot;,&quot;focal_length&quot;:&quot;0&quot;,&quot;iso&quot;:&quot;0&quot;,&quot;shutter_speed&quot;:&quot;0&quot;,&quot;title&quot;:&quot;&quot;,&quot;orientation&quot;:&quot;0&quot;}\" data-image-title=\"image-7\" data-image-description=\"\" data-image-caption=\"\" data-medium-file=\"https:\/\/blogceta.zaragoza.unam.mx\/uig\/wp-content\/uploads\/sites\/84\/2024\/07\/image-7-300x36.png\" data-large-file=\"https:\/\/blogceta.zaragoza.unam.mx\/uig\/wp-content\/uploads\/sites\/84\/2024\/07\/image-7-1024x122.png\" decoding=\"async\" loading=\"lazy\" width=\"1024\" height=\"122\" src=\"https:\/\/blogceta.zaragoza.unam.mx\/uig\/wp-content\/uploads\/sites\/84\/2024\/07\/image-7-1024x122.png\" alt=\"\" class=\"wp-image-2160\" srcset=\"https:\/\/blogceta.zaragoza.unam.mx\/uig\/wp-content\/uploads\/sites\/84\/2024\/07\/image-7-1024x122.png 1024w, https:\/\/blogceta.zaragoza.unam.mx\/uig\/wp-content\/uploads\/sites\/84\/2024\/07\/image-7-300x36.png 300w, https:\/\/blogceta.zaragoza.unam.mx\/uig\/wp-content\/uploads\/sites\/84\/2024\/07\/image-7-768x92.png 768w, https:\/\/blogceta.zaragoza.unam.mx\/uig\/wp-content\/uploads\/sites\/84\/2024\/07\/image-7-1536x183.png 1536w, https:\/\/blogceta.zaragoza.unam.mx\/uig\/wp-content\/uploads\/sites\/84\/2024\/07\/image-7.png 1754w\" sizes=\"(max-width: 1024px) 100vw, 1024px\" \/><\/figure>\n\n\n\n<div class=\"wp-block-cover is-light\"><span aria-hidden=\"true\" class=\"wp-block-cover__background has-background-dim\"><\/span><img data-attachment-id=\"1268\" data-permalink=\"https:\/\/blogceta.zaragoza.unam.mx\/uig\/objetivos\/20230830_095302\/\" data-orig-file=\"https:\/\/blogceta.zaragoza.unam.mx\/uig\/wp-content\/uploads\/sites\/84\/2024\/04\/20230830_095302-scaled.jpg\" data-orig-size=\"2560,1213\" data-comments-opened=\"1\" data-image-meta=\"{&quot;aperture&quot;:&quot;2.2&quot;,&quot;credit&quot;:&quot;&quot;,&quot;camera&quot;:&quot;SM-G975F&quot;,&quot;caption&quot;:&quot;&quot;,&quot;created_timestamp&quot;:&quot;1693389182&quot;,&quot;copyright&quot;:&quot;&quot;,&quot;focal_length&quot;:&quot;1.8&quot;,&quot;iso&quot;:&quot;50&quot;,&quot;shutter_speed&quot;:&quot;0.016666666666667&quot;,&quot;title&quot;:&quot;&quot;,&quot;orientation&quot;:&quot;1&quot;}\" data-image-title=\"20230830_095302\" data-image-description=\"\" data-image-caption=\"\" data-medium-file=\"https:\/\/blogceta.zaragoza.unam.mx\/uig\/wp-content\/uploads\/sites\/84\/2024\/04\/20230830_095302-300x142.jpg\" data-large-file=\"https:\/\/blogceta.zaragoza.unam.mx\/uig\/wp-content\/uploads\/sites\/84\/2024\/04\/20230830_095302-1024x485.jpg\" decoding=\"async\" loading=\"lazy\" width=\"1024\" height=\"485\" class=\"wp-block-cover__image-background wp-image-1268\" alt=\"\" src=\"https:\/\/blogceta.zaragoza.unam.mx\/uig\/wp-content\/uploads\/sites\/84\/2024\/04\/20230830_095302-1024x485.jpg\" data-object-fit=\"cover\" srcset=\"https:\/\/blogceta.zaragoza.unam.mx\/uig\/wp-content\/uploads\/sites\/84\/2024\/04\/20230830_095302-1024x485.jpg 1024w, https:\/\/blogceta.zaragoza.unam.mx\/uig\/wp-content\/uploads\/sites\/84\/2024\/04\/20230830_095302-300x142.jpg 300w, https:\/\/blogceta.zaragoza.unam.mx\/uig\/wp-content\/uploads\/sites\/84\/2024\/04\/20230830_095302-768x364.jpg 768w, https:\/\/blogceta.zaragoza.unam.mx\/uig\/wp-content\/uploads\/sites\/84\/2024\/04\/20230830_095302-1536x728.jpg 1536w, https:\/\/blogceta.zaragoza.unam.mx\/uig\/wp-content\/uploads\/sites\/84\/2024\/04\/20230830_095302-2048x971.jpg 2048w\" sizes=\"(max-width: 1024px) 100vw, 1024px\" \/><div class=\"wp-block-cover__inner-container\">\n<p class=\"has-white-color has-text-color has-medium-font-size\"><strong>Objetivo general<\/strong><\/p>\n\n\n\n<p class=\"has-text-align-justify has-white-color has-text-color has-medium-font-size\">Desarrollar un modelo de n\u00facleos gerontol\u00f3gicos adaptado al ICOPE centrado en la persona para el envejecimiento saludable en diferentes contextos.<\/p>\n<\/div><\/div>\n\n\n\n<hr class=\"wp-block-separator has-text-color has-luminous-vivid-amber-color has-alpha-channel-opacity has-luminous-vivid-amber-background-color has-background is-style-wide\" \/>\n\n\n\n<div class=\"wp-block-cover is-light\"><span aria-hidden=\"true\" class=\"wp-block-cover__background has-background-dim\"><\/span><img data-attachment-id=\"1269\" data-permalink=\"https:\/\/blogceta.zaragoza.unam.mx\/uig\/objetivos\/20230829_092002\/\" data-orig-file=\"https:\/\/blogceta.zaragoza.unam.mx\/uig\/wp-content\/uploads\/sites\/84\/2024\/04\/20230829_092002-scaled.jpg\" data-orig-size=\"2560,1213\" data-comments-opened=\"1\" data-image-meta=\"{&quot;aperture&quot;:&quot;2.2&quot;,&quot;credit&quot;:&quot;&quot;,&quot;camera&quot;:&quot;SM-G975F&quot;,&quot;caption&quot;:&quot;&quot;,&quot;created_timestamp&quot;:&quot;1693300802&quot;,&quot;copyright&quot;:&quot;&quot;,&quot;focal_length&quot;:&quot;1.8&quot;,&quot;iso&quot;:&quot;64&quot;,&quot;shutter_speed&quot;:&quot;0.0083333333333333&quot;,&quot;title&quot;:&quot;&quot;,&quot;orientation&quot;:&quot;1&quot;}\" data-image-title=\"20230829_092002\" data-image-description=\"\" data-image-caption=\"\" data-medium-file=\"https:\/\/blogceta.zaragoza.unam.mx\/uig\/wp-content\/uploads\/sites\/84\/2024\/04\/20230829_092002-300x142.jpg\" data-large-file=\"https:\/\/blogceta.zaragoza.unam.mx\/uig\/wp-content\/uploads\/sites\/84\/2024\/04\/20230829_092002-1024x485.jpg\" decoding=\"async\" loading=\"lazy\" width=\"1024\" height=\"485\" class=\"wp-block-cover__image-background wp-image-1269\" alt=\"\" src=\"https:\/\/blogceta.zaragoza.unam.mx\/uig\/wp-content\/uploads\/sites\/84\/2024\/04\/20230829_092002-1024x485.jpg\" data-object-fit=\"cover\" srcset=\"https:\/\/blogceta.zaragoza.unam.mx\/uig\/wp-content\/uploads\/sites\/84\/2024\/04\/20230829_092002-1024x485.jpg 1024w, https:\/\/blogceta.zaragoza.unam.mx\/uig\/wp-content\/uploads\/sites\/84\/2024\/04\/20230829_092002-300x142.jpg 300w, https:\/\/blogceta.zaragoza.unam.mx\/uig\/wp-content\/uploads\/sites\/84\/2024\/04\/20230829_092002-768x364.jpg 768w, https:\/\/blogceta.zaragoza.unam.mx\/uig\/wp-content\/uploads\/sites\/84\/2024\/04\/20230829_092002-1536x728.jpg 1536w, https:\/\/blogceta.zaragoza.unam.mx\/uig\/wp-content\/uploads\/sites\/84\/2024\/04\/20230829_092002-2048x971.jpg 2048w\" sizes=\"(max-width: 1024px) 100vw, 1024px\" \/><div class=\"wp-block-cover__inner-container\">\n<p class=\"has-white-color has-text-color has-medium-font-size\"><strong>Objetivos espec\u00edficos<\/strong><\/p>\n\n\n\n<ul class=\"has-white-color has-text-color\">\n<li>Identificar y evaluar las condiciones cl\u00ednicas y personales relacionadas con la capacidad intr\u00ednseca.<\/li>\n\n\n\n<li>Identificar y evaluar las caracter\u00edsticas del entorno.<\/li>\n\n\n\n<li>Identificar los factores asociados a la capacidad intr\u00ednseca y entorno, que favorezcan o limiten la capacidad funcional para el envejecimiento saludable en la comunidad.<\/li>\n\n\n\n<li>Formar recursos humanos de pregrado y posgrado en el desarrollo de competencias para el diagn\u00f3stico, intervenciones personales y comunitarias para el envejecimiento saludable en el marco del ICOPE.<\/li>\n\n\n\n<li>Desarrollar proyectos de investigaci\u00f3n multidisciplinarios para implementar y evaluar el impacto de programas comunitarios de estilos de vida y entornos, que favorezcan los dominios del ICOPE en los n\u00facleos gerontol\u00f3gicos.&nbsp;&nbsp;<\/li>\n\n\n\n<li>Formar adultos mayores como promotores de salud gerontol\u00f3gica, para la coordinaci\u00f3n de n\u00facleos gerontol\u00f3gicos y otros proyectos generativos.<\/li>\n<\/ul>\n<\/div><\/div>\n\n\n\n<div style=\"height:100px\" aria-hidden=\"true\" class=\"wp-block-spacer\"><\/div>\n\n\n\n<hr class=\"wp-block-separator has-text-color has-luminous-vivid-amber-color has-alpha-channel-opacity has-luminous-vivid-amber-background-color has-background is-style-wide\" \/>\n\n\n\n<div class=\"wp-block-media-text is-stacked-on-mobile\" style=\"grid-template-columns:26% auto\"><figure class=\"wp-block-media-text__media\"><a href=\"https:\/\/drive.google.com\/file\/d\/1X4z6tfsGalNZAnLSfyNvJo0x8psYn1fX\/view?usp=sharing\" target=\"_blank\" rel=\"noreferrer noopener\"><img data-attachment-id=\"1967\" data-permalink=\"https:\/\/blogceta.zaragoza.unam.mx\/uig\/historia\/captura-de-pantalla-2024-06-21-121936\/\" data-orig-file=\"https:\/\/blogceta.zaragoza.unam.mx\/uig\/wp-content\/uploads\/sites\/84\/2024\/06\/Captura-de-pantalla-2024-06-21-121936.png\" data-orig-size=\"608,774\" data-comments-opened=\"1\" data-image-meta=\"{&quot;aperture&quot;:&quot;0&quot;,&quot;credit&quot;:&quot;&quot;,&quot;camera&quot;:&quot;&quot;,&quot;caption&quot;:&quot;&quot;,&quot;created_timestamp&quot;:&quot;0&quot;,&quot;copyright&quot;:&quot;&quot;,&quot;focal_length&quot;:&quot;0&quot;,&quot;iso&quot;:&quot;0&quot;,&quot;shutter_speed&quot;:&quot;0&quot;,&quot;title&quot;:&quot;&quot;,&quot;orientation&quot;:&quot;0&quot;}\" data-image-title=\"Captura-de-pantalla-2024-06-21-121936\" data-image-description=\"\" data-image-caption=\"\" data-medium-file=\"https:\/\/blogceta.zaragoza.unam.mx\/uig\/wp-content\/uploads\/sites\/84\/2024\/06\/Captura-de-pantalla-2024-06-21-121936-236x300.png\" data-large-file=\"https:\/\/blogceta.zaragoza.unam.mx\/uig\/wp-content\/uploads\/sites\/84\/2024\/06\/Captura-de-pantalla-2024-06-21-121936.png\" decoding=\"async\" loading=\"lazy\" width=\"608\" height=\"774\" src=\"https:\/\/blogceta.zaragoza.unam.mx\/uig\/wp-content\/uploads\/sites\/84\/2024\/06\/Captura-de-pantalla-2024-06-21-121936.png\" alt=\"\" class=\"wp-image-1967 size-full\" srcset=\"https:\/\/blogceta.zaragoza.unam.mx\/uig\/wp-content\/uploads\/sites\/84\/2024\/06\/Captura-de-pantalla-2024-06-21-121936.png 608w, https:\/\/blogceta.zaragoza.unam.mx\/uig\/wp-content\/uploads\/sites\/84\/2024\/06\/Captura-de-pantalla-2024-06-21-121936-236x300.png 236w\" sizes=\"(max-width: 608px) 100vw, 608px\" \/><\/a><\/figure><div class=\"wp-block-media-text__content\">\n<h3>DESCARGA BOLETIN<\/h3>\n\n\n\n<p>Centro Universitario de Envejecimiento Saludable (CUENSA) de la FES Zaragoza, UNAM: Una propuesta para la Atenci\u00f3n Integrada para las Personas Mayores (ICOPE)<\/p>\n\n\n\n<p>Bolet\u00edn completo relacionado al programa CUENSA<\/p>\n\n\n\n<div class=\"is-layout-flex wp-block-buttons\">\n<div class=\"wp-block-button\"><a class=\"wp-block-button__link has-white-color has-text-color has-background wp-element-button\" href=\"https:\/\/drive.google.com\/file\/d\/1X4z6tfsGalNZAnLSfyNvJo0x8psYn1fX\/view?usp=sharing\" style=\"background-color:#003687\" target=\"_blank\" rel=\"noreferrer noopener\">Descarga PDF<\/a><\/div>\n<\/div>\n<\/div><\/div>\n\n\n\n<hr class=\"wp-block-separator has-text-color has-luminous-vivid-amber-color has-alpha-channel-opacity has-luminous-vivid-amber-background-color has-background is-style-wide\" \/>\n\n\n\n<div class=\"is-layout-flex wp-container-5 wp-block-columns are-vertically-aligned-center\">\n<div class=\"is-layout-flow wp-block-column is-vertically-aligned-center has-luminous-vivid-amber-background-color has-background has-medium-font-size\" style=\"flex-basis:66.66%\">\n<p class=\"has-text-align-center\"><strong>Da clic en los botones del sub-men\u00fa para seguir navegando <\/strong><\/p>\n<\/div>\n\n\n\n<div class=\"is-layout-flow wp-block-column is-vertically-aligned-center has-medium-font-size\"><\/div>\n\n\n\n<div class=\"is-layout-flow wp-block-column is-vertically-aligned-center has-medium-font-size\" style=\"flex-basis:33.33%\">\n<figure class=\"wp-block-image size-full\"><img data-attachment-id=\"2754\" data-permalink=\"https:\/\/blogceta.zaragoza.unam.mx\/uig\/quienes-somos\/clic-boton-1\/\" data-orig-file=\"https:\/\/blogceta.zaragoza.unam.mx\/uig\/wp-content\/uploads\/sites\/84\/2024\/08\/Clic-boton-1.gif\" data-orig-size=\"844,424\" data-comments-opened=\"1\" data-image-meta=\"{&quot;aperture&quot;:&quot;0&quot;,&quot;credit&quot;:&quot;&quot;,&quot;camera&quot;:&quot;&quot;,&quot;caption&quot;:&quot;&quot;,&quot;created_timestamp&quot;:&quot;0&quot;,&quot;copyright&quot;:&quot;&quot;,&quot;focal_length&quot;:&quot;0&quot;,&quot;iso&quot;:&quot;0&quot;,&quot;shutter_speed&quot;:&quot;0&quot;,&quot;title&quot;:&quot;&quot;,&quot;orientation&quot;:&quot;0&quot;}\" data-image-title=\"Clic-boton-1\" data-image-description=\"\" data-image-caption=\"\" data-medium-file=\"https:\/\/blogceta.zaragoza.unam.mx\/uig\/wp-content\/uploads\/sites\/84\/2024\/08\/Clic-boton-1-300x151.gif\" data-large-file=\"https:\/\/blogceta.zaragoza.unam.mx\/uig\/wp-content\/uploads\/sites\/84\/2024\/08\/Clic-boton-1.gif\" decoding=\"async\" loading=\"lazy\" width=\"844\" height=\"424\" src=\"https:\/\/blogceta.zaragoza.unam.mx\/uig\/wp-content\/uploads\/sites\/84\/2024\/08\/Clic-boton-1.gif\" alt=\"\" class=\"wp-image-2754\" \/><\/figure>\n<\/div>\n<\/div>\n\n\n\n<div class=\"is-content-justification-center is-layout-flex wp-container-6 wp-block-buttons\">\n<div class=\"wp-block-button\"><a class=\"wp-block-button__link has-white-color has-text-color has-background wp-element-button\" href=\"https:\/\/blogceta.zaragoza.unam.mx\/uig\/quienes-somos\/\" style=\"background-color:#003687\">Quienes somos<\/a><\/div>\n\n\n\n<div class=\"wp-block-button\"><a class=\"wp-block-button__link has-white-color has-text-color has-background wp-element-button\" href=\"https:\/\/blogceta.zaragoza.unam.mx\/uig\/historia\/\" style=\"background-color:#003687\">Historia<\/a><\/div>\n\n\n\n<div class=\"wp-block-button\"><a class=\"wp-block-button__link has-white-color has-text-color has-background wp-element-button\" href=\"https:\/\/blogceta.zaragoza.unam.mx\/uig\/mision-y-vision\/\" style=\"background-color:#003687\">Misi\u00f3n y visi\u00f3n<\/a><\/div>\n\n\n\n<div class=\"wp-block-button\"><a class=\"wp-block-button__link has-white-color has-text-color has-background wp-element-button\" href=\"https:\/\/blogceta.zaragoza.unam.mx\/uig\/objetivos\/\" style=\"background-color:#003687\">Objetivos<\/a><\/div>\n\n\n\n<div class=\"wp-block-button\"><a class=\"wp-block-button__link has-white-color has-text-color has-background wp-element-button\" href=\"https:\/\/blogceta.zaragoza.unam.mx\/uig\/integrantes-2\/\" style=\"background-color:#003687\">Integrantes<\/a><\/div>\n\n\n\n<div class=\"wp-block-button\"><a class=\"wp-block-button__link has-white-color has-text-color has-background wp-element-button\" href=\"https:\/\/blogceta.zaragoza.unam.mx\/uig\/agradecimientos-y-financiamiento\/\" style=\"background-color:#003687\">Agradecimiento y Financiamiento<\/a><\/div>\n\n\n\n<div class=\"wp-block-button\"><a class=\"wp-block-button__link has-white-color has-text-color has-background wp-element-button\" href=\"https:\/\/blogceta.zaragoza.unam.mx\/uig\/contacto-y-ubicacion\/\" style=\"background-color:#003687\">Cont\u00e1ctanos<\/a><\/div>\n<\/div>\n\n\n\n<hr class=\"wp-block-separator has-text-color has-luminous-vivid-amber-color has-alpha-channel-opacity has-luminous-vivid-amber-background-color has-background is-style-wide\" \/>\n","protected":false},"excerpt":{"rendered":"","protected":false},"author":269,"featured_media":1255,"parent":0,"menu_order":0,"comment_status":"closed","ping_status":"closed","template":"","meta":{"_bbp_topic_count":0,"_bbp_reply_count":0,"_bbp_total_topic_count":0,"_bbp_total_reply_count":0,"_bbp_voice_count":0,"_bbp_anonymous_reply_count":0,"_bbp_topic_count_hidden":0,"_bbp_reply_count_hidden":0,"_bbp_forum_subforum_count":0},"jetpack-related-posts":[{"id":943,"url":"https:\/\/blogceta.zaragoza.unam.mx\/uig\/vitalidad\/","url_meta":{"origin":935,"position":0},"title":"Vitalidad","author":"uig","date":"12 marzo, 2024","format":false,"excerpt":"El dominio de Vitalidad del CUENSA (Centro Universitario para el Envejecimiento Saludable) se centra en evaluar y promover aspectos clave para el bienestar f\u00edsico adultos mayores. Este abarca varios componentes, incluyendo nutrici\u00f3n, ejercicio f\u00edsico, composici\u00f3n corporal, fuerza muscular e higiene personal, con el objetivo de mejorar la vitalidad y la\u2026","rel":"","context":"Entrada similar ","block_context":{"text":"Entrada similar ","link":""},"img":{"alt_text":"","src":"https:\/\/i0.wp.com\/blogceta.zaragoza.unam.mx\/uig\/wp-content\/uploads\/sites\/84\/2024\/05\/dominio-vitalidad.png?resize=350%2C200&ssl=1","width":350,"height":200},"classes":[]},{"id":909,"url":"https:\/\/blogceta.zaragoza.unam.mx\/uig\/quienes-somos\/","url_meta":{"origin":935,"position":1},"title":"Quienes somos","author":"uig","date":"12 marzo, 2024","format":false,"excerpt":"https:\/\/youtu.be\/92regVknQl8 \u00a1Bienvenidos a la secci\u00f3n \"Qui\u00e9nes Somos\" del CUENSA! Nos complace recibirlos en este espacio dedicado a compartir nuestra esencia. Aqu\u00ed podr\u00e1n conocer la historia que nos ha llevado a ser un referente en gerontolog\u00eda comunitaria, nuestros objetivos que gu\u00edan nuestras acciones, y los valores que nos inspiran a contribuir\u2026","rel":"","context":"Entrada similar ","block_context":{"text":"Entrada similar ","link":""},"img":{"alt_text":"","src":"https:\/\/i0.wp.com\/blogceta.zaragoza.unam.mx\/uig\/wp-content\/uploads\/sites\/84\/2024\/03\/20240311_130429-scaled.jpg?resize=350%2C200&ssl=1","width":350,"height":200,"srcset":"https:\/\/i0.wp.com\/blogceta.zaragoza.unam.mx\/uig\/wp-content\/uploads\/sites\/84\/2024\/03\/20240311_130429-scaled.jpg?resize=350%2C200&ssl=1 1x, https:\/\/i0.wp.com\/blogceta.zaragoza.unam.mx\/uig\/wp-content\/uploads\/sites\/84\/2024\/03\/20240311_130429-scaled.jpg?resize=700%2C400&ssl=1 2x, https:\/\/i0.wp.com\/blogceta.zaragoza.unam.mx\/uig\/wp-content\/uploads\/sites\/84\/2024\/03\/20240311_130429-scaled.jpg?resize=1050%2C600&ssl=1 3x, https:\/\/i0.wp.com\/blogceta.zaragoza.unam.mx\/uig\/wp-content\/uploads\/sites\/84\/2024\/03\/20240311_130429-scaled.jpg?resize=1400%2C800&ssl=1 4x"},"classes":[]},{"id":1283,"url":"https:\/\/blogceta.zaragoza.unam.mx\/uig\/agradecimientos-y-financiamiento\/","url_meta":{"origin":935,"position":2},"title":"Agradecimientos y financiamiento","author":"uig","date":"11 abril, 2024","format":false,"excerpt":"Nombre del proyecto: Desarrollo de un modelo para el mejoramiento de la ense\u00f1anza sobre las estrategias para el envejecimiento saludable a nivel comunitario. Clave: PE308923 Objetivo: Adaptaci\u00f3n del modelo de n\u00facleos gerontol\u00f3gicos para el desarrollo de competencias profesionales en torno a la valoraci\u00f3n y seguimiento del envejecimiento saludable en el\u2026","rel":"","context":"Entrada similar ","block_context":{"text":"Entrada similar ","link":""},"img":{"alt_text":"","src":"https:\/\/i0.wp.com\/blogceta.zaragoza.unam.mx\/uig\/wp-content\/uploads\/sites\/84\/2024\/07\/image-10.png?resize=350%2C200&ssl=1","width":350,"height":200,"srcset":"https:\/\/i0.wp.com\/blogceta.zaragoza.unam.mx\/uig\/wp-content\/uploads\/sites\/84\/2024\/07\/image-10.png?resize=350%2C200&ssl=1 1x, https:\/\/i0.wp.com\/blogceta.zaragoza.unam.mx\/uig\/wp-content\/uploads\/sites\/84\/2024\/07\/image-10.png?resize=700%2C400&ssl=1 2x, https:\/\/i0.wp.com\/blogceta.zaragoza.unam.mx\/uig\/wp-content\/uploads\/sites\/84\/2024\/07\/image-10.png?resize=1050%2C600&ssl=1 3x, https:\/\/i0.wp.com\/blogceta.zaragoza.unam.mx\/uig\/wp-content\/uploads\/sites\/84\/2024\/07\/image-10.png?resize=1400%2C800&ssl=1 4x"},"classes":[]},{"id":644,"url":"https:\/\/blogceta.zaragoza.unam.mx\/uig\/3-elementos-de-seguridad\/","url_meta":{"origin":935,"position":3},"title":"3. Elementos de seguridad","author":"uig","date":"20 septiembre, 2022","format":false,"excerpt":"Tema: Medici\u00f3n de la frecuencia cardiaca, c\u00e1lculo de frecuencia cardiaca m\u00e1xima, ventajas del uso de monitores de actividad f\u00edsica, medidas de seguridad para cuidar posturas y t\u00e9cnicas del ejercicio y ejemplos de ejercicios cuidando postura y t\u00e9cnica para realizaci\u00f3n de forma \u00f3ptima. Objetivo: Aprender a medir la frecuencia cardiaca, calcular\u2026","rel":"","context":"Entrada similar ","block_context":{"text":"Entrada similar ","link":""},"img":{"alt_text":"","src":"https:\/\/i0.wp.com\/blogceta.zaragoza.unam.mx\/uig\/wp-content\/uploads\/sites\/84\/2024\/05\/Captura-de-pantalla-2024-05-21-122013.png?resize=350%2C200&ssl=1","width":350,"height":200,"srcset":"https:\/\/i0.wp.com\/blogceta.zaragoza.unam.mx\/uig\/wp-content\/uploads\/sites\/84\/2024\/05\/Captura-de-pantalla-2024-05-21-122013.png?resize=350%2C200&ssl=1 1x, https:\/\/i0.wp.com\/blogceta.zaragoza.unam.mx\/uig\/wp-content\/uploads\/sites\/84\/2024\/05\/Captura-de-pantalla-2024-05-21-122013.png?resize=700%2C400&ssl=1 2x, https:\/\/i0.wp.com\/blogceta.zaragoza.unam.mx\/uig\/wp-content\/uploads\/sites\/84\/2024\/05\/Captura-de-pantalla-2024-05-21-122013.png?resize=1050%2C600&ssl=1 3x"},"classes":[]},{"id":936,"url":"https:\/\/blogceta.zaragoza.unam.mx\/uig\/integrantes-2\/","url_meta":{"origin":935,"position":4},"title":"Integrantes","author":"uig","date":"12 marzo, 2024","format":false,"excerpt":"Coordinadores por dominio Pasantes","rel":"","context":"Entrada similar ","block_context":{"text":"Entrada similar ","link":""},"img":{"alt_text":"","src":"https:\/\/i0.wp.com\/blogceta.zaragoza.unam.mx\/uig\/wp-content\/uploads\/sites\/84\/2024\/03\/20240311_130429-scaled.jpg?resize=350%2C200&ssl=1","width":350,"height":200,"srcset":"https:\/\/i0.wp.com\/blogceta.zaragoza.unam.mx\/uig\/wp-content\/uploads\/sites\/84\/2024\/03\/20240311_130429-scaled.jpg?resize=350%2C200&ssl=1 1x, https:\/\/i0.wp.com\/blogceta.zaragoza.unam.mx\/uig\/wp-content\/uploads\/sites\/84\/2024\/03\/20240311_130429-scaled.jpg?resize=700%2C400&ssl=1 2x, https:\/\/i0.wp.com\/blogceta.zaragoza.unam.mx\/uig\/wp-content\/uploads\/sites\/84\/2024\/03\/20240311_130429-scaled.jpg?resize=1050%2C600&ssl=1 3x, https:\/\/i0.wp.com\/blogceta.zaragoza.unam.mx\/uig\/wp-content\/uploads\/sites\/84\/2024\/03\/20240311_130429-scaled.jpg?resize=1400%2C800&ssl=1 4x"},"classes":[]},{"id":122,"url":"https:\/\/blogceta.zaragoza.unam.mx\/uig\/nosotros\/","url_meta":{"origin":935,"position":5},"title":"Nosotros","author":"uig","date":"30 abril, 2021","format":false,"excerpt":"\u00bfQui\u00e9nes somos? Objetivo La Unidad de Investigaci\u00f3n en Gerontolog\u00eda tiene como prop\u00f3sito \u00a0la generaci\u00f3n de conocimientos, sobre el envejecimiento y la vejez en los \u00e1mbitos biol\u00f3gico, psicol\u00f3gico y social, con el fin de lograr el m\u00e1ximo de salud, bienestar y calidad de vida de los ancianos \u00a0en su entorno familiar\u2026","rel":"","context":"Entrada similar ","block_context":{"text":"Entrada similar ","link":""},"img":{"alt_text":"","src":"","width":0,"height":0},"classes":[]}],"jetpack_sharing_enabled":true,"_links":{"self":[{"href":"https:\/\/blogceta.zaragoza.unam.mx\/uig\/wp-json\/wp\/v2\/pages\/935"}],"collection":[{"href":"https:\/\/blogceta.zaragoza.unam.mx\/uig\/wp-json\/wp\/v2\/pages"}],"about":[{"href":"https:\/\/blogceta.zaragoza.unam.mx\/uig\/wp-json\/wp\/v2\/types\/page"}],"author":[{"embeddable":true,"href":"https:\/\/blogceta.zaragoza.unam.mx\/uig\/wp-json\/wp\/v2\/users\/269"}],"replies":[{"embeddable":true,"href":"https:\/\/blogceta.zaragoza.unam.mx\/uig\/wp-json\/wp\/v2\/comments?post=935"}],"version-history":[{"count":9,"href":"https:\/\/blogceta.zaragoza.unam.mx\/uig\/wp-json\/wp\/v2\/pages\/935\/revisions"}],"predecessor-version":[{"id":2161,"href":"https:\/\/blogceta.zaragoza.unam.mx\/uig\/wp-json\/wp\/v2\/pages\/935\/revisions\/2161"}],"wp:featuredmedia":[{"embeddable":true,"href":"https:\/\/blogceta.zaragoza.unam.mx\/uig\/wp-json\/wp\/v2\/media\/1255"}],"wp:attachment":[{"href":"https:\/\/blogceta.zaragoza.unam.mx\/uig\/wp-json\/wp\/v2\/media?parent=935"}],"curies":[{"name":"wp","href":"https:\/\/api.w.org\/{rel}","templated":true}]}}