{"id":3831,"date":"2023-10-13T11:17:52","date_gmt":"2023-10-13T17:17:52","guid":{"rendered":"https:\/\/blogceta.zaragoza.unam.mx\/quimicaindustrial\/?page_id=3831"},"modified":"2025-06-04T13:50:10","modified_gmt":"2025-06-04T19:50:10","slug":"bombeo","status":"publish","type":"page","link":"https:\/\/blogceta.zaragoza.unam.mx\/quimicaindustrial\/unidad1\/unidad-11\/bombeo\/","title":{"rendered":"Bombeo"},"content":{"rendered":"\n<p>Es el aquel sistema que cuenta con diversas partes que hacen posible el recorrido mediante tuber\u00edas, as\u00ed como tambi\u00e9n el acopio eventual de l\u00edquidos, permitiendo que las especificaciones de caudal y presi\u00f3n sean cumplidas en los procesos. El equilibrio hidr\u00e1ulico se da gracias al balance de energ\u00eda donde se contabiliza o se tiene en cuenta a la energ\u00eda potencial, cin\u00e9tica y p\u00e9rdidas en energ\u00eda.<\/p>\n\n\n\n<h3 class=\"has-text-align-left\">Funci\u00f3n principal del&nbsp;<strong>sistema de bombeo<\/strong><\/h3>\n\n\n\n<p>Un&nbsp;<strong>equipo de bombeo<\/strong>&nbsp;est\u00e1 formado principalmente por dos partes, la&nbsp;<strong>bomba&nbsp;<\/strong>y su accionador (puede ser motor el\u00e9ctrico o de combusti\u00f3n interna, etc.). El procedimiento de acci\u00f3n es el siguiente: El accionador se encarga de derivar la&nbsp;<strong>energ\u00eda mec\u00e1nica<\/strong>&nbsp;y, cuando esto sucede, la&nbsp;<strong>bomba<\/strong>&nbsp;la transforma en&nbsp;<strong>energ\u00eda cin\u00e9tica,<\/strong>&nbsp;el fluido lo obtiene en forma de presi\u00f3n, velocidad y posici\u00f3n.<\/p>\n\n\n\n<h2>Tipos de&nbsp;<strong>sistemas de bombeo<\/strong>&nbsp;<\/h2>\n\n\n\n<p><strong>Sistemas de bombeo centr\u00edfugo<\/strong><\/p>\n\n\n\n<p>Este tipo de&nbsp;bombas&nbsp;est\u00e1n conformadas por un impulsor giratorio conectado en un eje que a su vez est\u00e1 conectado a la fuente de energ\u00eda. Este impulsor aumenta la velocidad del agua haciendo que se descargue a una tuber\u00eda, precisamente, dise\u00f1ada para disminuir el caudal del agua y convertir su velocidad en presi\u00f3n.<\/p>\n\n\n\n<p><strong>Sistemas de bombeo sumergibles<\/strong><\/p>\n\n\n\n<p>Sirven para&nbsp;bombear&nbsp;l\u00edquido de piscinas, dep\u00f3sitos de agua o simplemente pozos. Se sumergen al fluido a&nbsp;bombear&nbsp;puesto que son el\u00e9ctricas. Al momento de adquirir, se deben tener en cuenta algunos aspectos como, por ejemplo, su caudal m\u00e1ximo, longitud de la cuerda que se suspende, profundidad m\u00e1xima, etc.<\/p>\n\n\n\n<p><strong>Sistemas de bombeo solares<\/strong>&nbsp;<\/p>\n\n\n\n<p>Estas funcionan mediante la&nbsp;energ\u00eda&nbsp;que el sol provee, hay diversos tipos desde la m\u00e1s simples para estanques en jardines, hasta las m\u00e1s complejas que tienen la funci\u00f3n de riego autom\u00e1tico con GPS.<\/p>\n","protected":false},"excerpt":{"rendered":"<p>Es el aquel sistema que cuenta con diversas partes que hacen posible el recorrido mediante tuber\u00edas, as\u00ed como tambi\u00e9n el acopio eventual de l\u00edquidos, permitiendo que las especificaciones de caudal y presi\u00f3n sean cumplidas en los procesos. El equilibrio hidr\u00e1ulico se da gracias al balance de energ\u00eda donde se contabiliza o se tiene en cuenta &hellip; <a href=\"https:\/\/blogceta.zaragoza.unam.mx\/quimicaindustrial\/unidad1\/unidad-11\/bombeo\/\" class=\"more-link\">Contin\u00faa leyendo <span class=\"screen-reader-text\">Bombeo<\/span><\/a><\/p>\n","protected":false},"author":123458,"featured_media":0,"parent":2902,"menu_order":5,"comment_status":"closed","ping_status":"closed","template":"","meta":{"_bbp_topic_count":0,"_bbp_reply_count":0,"_bbp_total_topic_count":0,"_bbp_total_reply_count":0,"_bbp_voice_count":0,"_bbp_anonymous_reply_count":0,"_bbp_topic_count_hidden":0,"_bbp_reply_count_hidden":0,"_bbp_forum_subforum_count":0},"_links":{"self":[{"href":"https:\/\/blogceta.zaragoza.unam.mx\/quimicaindustrial\/wp-json\/wp\/v2\/pages\/3831"}],"collection":[{"href":"https:\/\/blogceta.zaragoza.unam.mx\/quimicaindustrial\/wp-json\/wp\/v2\/pages"}],"about":[{"href":"https:\/\/blogceta.zaragoza.unam.mx\/quimicaindustrial\/wp-json\/wp\/v2\/types\/page"}],"author":[{"embeddable":true,"href":"https:\/\/blogceta.zaragoza.unam.mx\/quimicaindustrial\/wp-json\/wp\/v2\/users\/123458"}],"replies":[{"embeddable":true,"href":"https:\/\/blogceta.zaragoza.unam.mx\/quimicaindustrial\/wp-json\/wp\/v2\/comments?post=3831"}],"version-history":[{"count":3,"href":"https:\/\/blogceta.zaragoza.unam.mx\/quimicaindustrial\/wp-json\/wp\/v2\/pages\/3831\/revisions"}],"predecessor-version":[{"id":4584,"href":"https:\/\/blogceta.zaragoza.unam.mx\/quimicaindustrial\/wp-json\/wp\/v2\/pages\/3831\/revisions\/4584"}],"up":[{"embeddable":true,"href":"https:\/\/blogceta.zaragoza.unam.mx\/quimicaindustrial\/wp-json\/wp\/v2\/pages\/2902"}],"wp:attachment":[{"href":"https:\/\/blogceta.zaragoza.unam.mx\/quimicaindustrial\/wp-json\/wp\/v2\/media?parent=3831"}],"curies":[{"name":"wp","href":"https:\/\/api.w.org\/{rel}","templated":true}]}}