{"id":126,"date":"2024-06-26T06:18:21","date_gmt":"2024-06-26T06:18:21","guid":{"rendered":"https:\/\/blogceta.zaragoza.unam.mx\/multibio\/?page_id=126"},"modified":"2024-07-11T18:31:56","modified_gmt":"2024-07-11T18:31:56","slug":"correspondencias-simples","status":"publish","type":"page","link":"https:\/\/blogceta.zaragoza.unam.mx\/multibio\/correspondencias-simples\/","title":{"rendered":"Correspondencias simples"},"content":{"rendered":"\n<p>El an\u00e1lisis de correspondencia continua cuando se tiene certeza de que existe asociaci\u00f3n entre las variables. Si bien la prueba de independencia nos confirma dicha asociaci\u00f3n, el an\u00e1lisis de correspondencia explora que categor\u00edas de una variable est\u00e1n asociadas a las categor\u00edas de la otra variable. <\/p>\n\n\n\n<p>Desarrollar el an\u00e1lisis a mano se vuelve complejo es por eso que se realiza con ayuda del software el cual ejecuta un an\u00e1lisis de columnas llamados perfil columnas, perfil filas para obtener un mapa llamado bitplot.<\/p>\n\n\n\n<p>A continuaci\u00f3n encontraras un apunte que describe cada una de las etapas del an\u00e1lisis de correspondencia, conceptos e interpretaci\u00f3n de bitplots y tres ejemplos de su aplicaci\u00f3n<\/p>\n\n\n\n<div class=\"wp-block-file\"><object class=\"wp-block-file__embed\" data=\"https:\/\/blogceta.zaragoza.unam.mx\/multibio\/wp-content\/uploads\/sites\/102\/2024\/07\/Acs-1-2-part-1-comprimido.pdf\" type=\"application\/pdf\" style=\"width:100%;height:600px\" aria-label=\"Incrustado de Acs-1-2-part-1.\"><\/object><a id=\"wp-block-file--media-c9ddd36c-1dd0-4034-ab99-f89f3db015ad\" href=\"https:\/\/blogceta.zaragoza.unam.mx\/multibio\/wp-content\/uploads\/sites\/102\/2024\/07\/Acs-1-2-part-1-comprimido.pdf\">Acs-1-2-part-1<\/a><a href=\"https:\/\/blogceta.zaragoza.unam.mx\/multibio\/wp-content\/uploads\/sites\/102\/2024\/07\/Acs-1-2-part-1-comprimido.pdf\" class=\"wp-block-file__button wp-element-button\" download aria-describedby=\"wp-block-file--media-c9ddd36c-1dd0-4034-ab99-f89f3db015ad\">Descarga<\/a><\/div>\n\n\n\n<div class=\"wp-block-file\"><object class=\"wp-block-file__embed\" data=\"https:\/\/blogceta.zaragoza.unam.mx\/multibio\/wp-content\/uploads\/sites\/102\/2024\/07\/Acs-1-2-part-2-comprimido.pdf\" type=\"application\/pdf\" style=\"width:100%;height:600px\" aria-label=\"Incrustado de Acs-1-2-part-2.\"><\/object><a id=\"wp-block-file--media-3302f2bc-7170-4b4d-987f-a55d48ce6704\" href=\"https:\/\/blogceta.zaragoza.unam.mx\/multibio\/wp-content\/uploads\/sites\/102\/2024\/07\/Acs-1-2-part-2-comprimido.pdf\">Acs-1-2-part-2<\/a><a href=\"https:\/\/blogceta.zaragoza.unam.mx\/multibio\/wp-content\/uploads\/sites\/102\/2024\/07\/Acs-1-2-part-2-comprimido.pdf\" class=\"wp-block-file__button wp-element-button\" download aria-describedby=\"wp-block-file--media-3302f2bc-7170-4b4d-987f-a55d48ce6704\">Descarga<\/a><\/div>\n","protected":false},"excerpt":{"rendered":"<p>El an\u00e1lisis de correspondencia continua cuando se tiene certeza de que existe asociaci\u00f3n entre las variables. Si bien la prueba de independencia nos confirma dicha asociaci\u00f3n, el an\u00e1lisis de correspondencia explora que categor\u00edas de una variable est\u00e1n asociadas a las &hellip; <a href=\"https:\/\/blogceta.zaragoza.unam.mx\/multibio\/correspondencias-simples\/\">Sigue leyendo <span class=\"meta-nav\">&rarr;<\/span><\/a><\/p>\n","protected":false},"author":53,"featured_media":0,"parent":0,"menu_order":0,"comment_status":"closed","ping_status":"closed","template":"","meta":{"_bbp_topic_count":0,"_bbp_reply_count":0,"_bbp_total_topic_count":0,"_bbp_total_reply_count":0,"_bbp_voice_count":0,"_bbp_anonymous_reply_count":0,"_bbp_topic_count_hidden":0,"_bbp_reply_count_hidden":0,"_bbp_forum_subforum_count":0},"_links":{"self":[{"href":"https:\/\/blogceta.zaragoza.unam.mx\/multibio\/wp-json\/wp\/v2\/pages\/126"}],"collection":[{"href":"https:\/\/blogceta.zaragoza.unam.mx\/multibio\/wp-json\/wp\/v2\/pages"}],"about":[{"href":"https:\/\/blogceta.zaragoza.unam.mx\/multibio\/wp-json\/wp\/v2\/types\/page"}],"author":[{"embeddable":true,"href":"https:\/\/blogceta.zaragoza.unam.mx\/multibio\/wp-json\/wp\/v2\/users\/53"}],"replies":[{"embeddable":true,"href":"https:\/\/blogceta.zaragoza.unam.mx\/multibio\/wp-json\/wp\/v2\/comments?post=126"}],"version-history":[{"count":3,"href":"https:\/\/blogceta.zaragoza.unam.mx\/multibio\/wp-json\/wp\/v2\/pages\/126\/revisions"}],"predecessor-version":[{"id":151,"href":"https:\/\/blogceta.zaragoza.unam.mx\/multibio\/wp-json\/wp\/v2\/pages\/126\/revisions\/151"}],"wp:attachment":[{"href":"https:\/\/blogceta.zaragoza.unam.mx\/multibio\/wp-json\/wp\/v2\/media?parent=126"}],"curies":[{"name":"wp","href":"https:\/\/api.w.org\/{rel}","templated":true}]}}