{"id":108,"date":"2024-06-25T21:20:05","date_gmt":"2024-06-25T21:20:05","guid":{"rendered":"https:\/\/blogceta.zaragoza.unam.mx\/multibio\/?page_id=108"},"modified":"2024-07-10T20:08:44","modified_gmt":"2024-07-10T20:08:44","slug":"presentacion","status":"publish","type":"page","link":"https:\/\/blogceta.zaragoza.unam.mx\/multibio\/","title":{"rendered":"Presentaci\u00f3n"},"content":{"rendered":"\n<p>El an\u00e1lisis de correspondencia es una t\u00e9cnica estad\u00edstica que permite encontrar asociaciones o relaciones entre variables y conjuntos de variables de tipo categ\u00f3rico. En ecolog\u00eda las variables tomadas en cuenta no son siempre cuantitativas sino cualitativas, como especie, sitio, plumaje, h\u00e1bito etc. Para analizar estas variables y poder encontrar posibles relaciones utilizamos an\u00e1lisis de correspondencias. <\/p>\n\n\n\n<p>Aqu\u00ed vas a encontrar una serie de materiales como apuntes y v\u00eddeos con aplicaciones en ecolog\u00eda, aspectos b\u00e1sicos y como se realiza la t\u00e9cnica utilizando el paquete Rcmdr del software estad\u00edstico de uso libre: R.<\/p>\n\n\n\n<p class=\"has-text-align-right\"><img decoding=\"async\" loading=\"lazy\" src=\"https:\/\/lh7-us.googleusercontent.com\/docsz\/AD_4nXfdX-KiuBshS0hes_Fvam4x7biQg-bG7rBWCvCU1sjU-cepBmrZtn8hL96C6mqmZdo2lLkxrpm4_-smhyog7xcU6QGvhK7C6faEBR3pRoM44wZ3IpWviz72fRu8xPSne6ptLVT8RC8T82mSiuwLh_iPoSvN?key=jhTrnVC0J7JHxuI5sS3b3g\" width=\"173\" height=\"177\"><\/p>\n","protected":false},"excerpt":{"rendered":"<p>El an\u00e1lisis de correspondencia es una t\u00e9cnica estad\u00edstica que permite encontrar asociaciones o relaciones entre variables y conjuntos de variables de tipo categ\u00f3rico. En ecolog\u00eda las variables tomadas en cuenta no son siempre cuantitativas sino cualitativas, como especie, sitio, plumaje, &hellip; <a href=\"https:\/\/blogceta.zaragoza.unam.mx\/multibio\/\">Sigue leyendo <span class=\"meta-nav\">&rarr;<\/span><\/a><\/p>\n","protected":false},"author":53,"featured_media":0,"parent":0,"menu_order":0,"comment_status":"closed","ping_status":"closed","template":"","meta":{"_bbp_topic_count":0,"_bbp_reply_count":0,"_bbp_total_topic_count":0,"_bbp_total_reply_count":0,"_bbp_voice_count":0,"_bbp_anonymous_reply_count":0,"_bbp_topic_count_hidden":0,"_bbp_reply_count_hidden":0,"_bbp_forum_subforum_count":0},"_links":{"self":[{"href":"https:\/\/blogceta.zaragoza.unam.mx\/multibio\/wp-json\/wp\/v2\/pages\/108"}],"collection":[{"href":"https:\/\/blogceta.zaragoza.unam.mx\/multibio\/wp-json\/wp\/v2\/pages"}],"about":[{"href":"https:\/\/blogceta.zaragoza.unam.mx\/multibio\/wp-json\/wp\/v2\/types\/page"}],"author":[{"embeddable":true,"href":"https:\/\/blogceta.zaragoza.unam.mx\/multibio\/wp-json\/wp\/v2\/users\/53"}],"replies":[{"embeddable":true,"href":"https:\/\/blogceta.zaragoza.unam.mx\/multibio\/wp-json\/wp\/v2\/comments?post=108"}],"version-history":[{"count":3,"href":"https:\/\/blogceta.zaragoza.unam.mx\/multibio\/wp-json\/wp\/v2\/pages\/108\/revisions"}],"predecessor-version":[{"id":139,"href":"https:\/\/blogceta.zaragoza.unam.mx\/multibio\/wp-json\/wp\/v2\/pages\/108\/revisions\/139"}],"wp:attachment":[{"href":"https:\/\/blogceta.zaragoza.unam.mx\/multibio\/wp-json\/wp\/v2\/media?parent=108"}],"curies":[{"name":"wp","href":"https:\/\/api.w.org\/{rel}","templated":true}]}}