{"id":149,"date":"2024-04-09T03:56:55","date_gmt":"2024-04-09T03:56:55","guid":{"rendered":"https:\/\/blogceta.zaragoza.unam.mx\/modina\/?page_id=149"},"modified":"2024-09-23T20:10:26","modified_gmt":"2024-09-23T20:10:26","slug":"modelo-logistico","status":"publish","type":"page","link":"https:\/\/blogceta.zaragoza.unam.mx\/modina\/modelo-logistico\/","title":{"rendered":"Modelo log\u00edstico"},"content":{"rendered":"\n<p>El modelo log\u00edstico es un refinamiento del modelo de Malthus. Cuando una magnitud crece en un sistema finito, a partir de cierto punto el tama\u00f1o finito del sistema limita el crecimiento de la magnitud al no existir recursos abundantes suficientes para seguir permitiendo el crecimiento exponencial (Chiappa <em>et al<\/em>., 2009).<\/p>\n\n\n\n<p>Dicho modelo representa el crecimiento de una poblaci\u00f3n cuando la densidad de la misma ejerce cierta presi\u00f3n sobre la tasa intr\u00ednseca de crecimiento, resultando as\u00ed una curva en forma de <em>S<\/em>.<\/p>\n\n\n<div class=\"wp-block-image\">\n<figure class=\"aligncenter size-full\"><img decoding=\"async\" loading=\"lazy\" width=\"153\" height=\"51\" src=\"https:\/\/i0.wp.com\/blogceta.zaragoza.unam.mx\/modina\/wp-content\/uploads\/sites\/106\/2024\/09\/image-10.png?resize=153%2C51&#038;ssl=1\" alt=\"\" class=\"wp-image-252\" srcset=\"https:\/\/i0.wp.com\/blogceta.zaragoza.unam.mx\/modina\/wp-content\/uploads\/sites\/106\/2024\/09\/image-10.png?w=153&amp;ssl=1 153w, https:\/\/i0.wp.com\/blogceta.zaragoza.unam.mx\/modina\/wp-content\/uploads\/sites\/106\/2024\/09\/image-10.png?resize=150%2C51&amp;ssl=1 150w\" sizes=\"(max-width: 153px) 100vw, 153px\" data-recalc-dims=\"1\" \/><\/figure><\/div>\n\n\n<p>Esta es la ecuaci\u00f3n log\u00edstica del crecimiento poblacional encontrada en muchos textos de ecolog\u00eda y demograf\u00eda.<\/p>\n\n\n\n<p><strong>Donde:<\/strong><\/p>\n\n\n\n<p><strong><em>K<\/em><\/strong> es la \u201ccapacidad de carga\u201d del ambiente.<\/p>\n\n\n\n<p><strong><em>N(t)<\/em><\/strong> es el n\u00famero de individuos de la poblaci\u00f3n en el tiempo <strong><em>t.<\/em><\/strong><\/p>\n\n\n\n<p><strong><em>r<\/em><\/strong><strong> <\/strong>es el coeficiente que indica la magnitud del potencial reproductivo de cada individuo.<\/p>\n\n\n\n<p>Estos valores se pueden calcular de manera sencilla en una hoja de Excel.<\/p>\n\n\n\n<p><\/p>\n\n\n\n<p><\/p>\n\n\n\n<p><strong>Referencia:<\/strong><\/p>\n\n\n\n<ul>\n<li>Chiappa, X., Galindo, M., Cervantes, A. Introducci\u00f3n a los modelos matem\u00e1ticos de crecimiento con aplicaciones en sistemas biol\u00f3gicos. UMDI-Sisal, Facultad de Ciencias Facultad de Estudios Superiores Zaragoza.<\/li>\n<\/ul>\n","protected":false},"excerpt":{"rendered":"<p>El modelo log\u00edstico es un refinamiento del modelo de Malthus. Cuando una magnitud crece en un sistema finito, a partir de cierto punto el tama\u00f1o finito del sistema limita el crecimiento de la magnitud al no existir recursos abundantes suficientes&#8230; <a class=\"more-link\" href=\"https:\/\/blogceta.zaragoza.unam.mx\/modina\/modelo-logistico\/\">Continue Reading &rarr;<\/a><\/p>\n","protected":false},"author":53,"featured_media":0,"parent":0,"menu_order":0,"comment_status":"closed","ping_status":"closed","template":"","meta":{"_bbp_topic_count":0,"_bbp_reply_count":0,"_bbp_total_topic_count":0,"_bbp_total_reply_count":0,"_bbp_voice_count":0,"_bbp_anonymous_reply_count":0,"_bbp_topic_count_hidden":0,"_bbp_reply_count_hidden":0,"_bbp_forum_subforum_count":0},"_links":{"self":[{"href":"https:\/\/blogceta.zaragoza.unam.mx\/modina\/wp-json\/wp\/v2\/pages\/149"}],"collection":[{"href":"https:\/\/blogceta.zaragoza.unam.mx\/modina\/wp-json\/wp\/v2\/pages"}],"about":[{"href":"https:\/\/blogceta.zaragoza.unam.mx\/modina\/wp-json\/wp\/v2\/types\/page"}],"author":[{"embeddable":true,"href":"https:\/\/blogceta.zaragoza.unam.mx\/modina\/wp-json\/wp\/v2\/users\/53"}],"replies":[{"embeddable":true,"href":"https:\/\/blogceta.zaragoza.unam.mx\/modina\/wp-json\/wp\/v2\/comments?post=149"}],"version-history":[{"count":3,"href":"https:\/\/blogceta.zaragoza.unam.mx\/modina\/wp-json\/wp\/v2\/pages\/149\/revisions"}],"predecessor-version":[{"id":254,"href":"https:\/\/blogceta.zaragoza.unam.mx\/modina\/wp-json\/wp\/v2\/pages\/149\/revisions\/254"}],"wp:attachment":[{"href":"https:\/\/blogceta.zaragoza.unam.mx\/modina\/wp-json\/wp\/v2\/media?parent=149"}],"curies":[{"name":"wp","href":"https:\/\/api.w.org\/{rel}","templated":true}]}}