{"id":7250,"date":"2025-12-02T12:09:08","date_gmt":"2025-12-02T18:09:08","guid":{"rendered":"https:\/\/blogceta.zaragoza.unam.mx\/mnumericos\/?page_id=7250"},"modified":"2025-12-02T13:18:46","modified_gmt":"2025-12-02T19:18:46","slug":"m2l18","status":"publish","type":"page","link":"https:\/\/blogceta.zaragoza.unam.mx\/mnumericos\/lecciones-m2\/m2l18\/","title":{"rendered":"m2l18"},"content":{"rendered":"\n<h2 id=\"integracion-de-funciones-trigonometricas\"><strong>Integraci\u00f3n de funciones trigonom\u00e9tricas<\/strong><\/h2>\n\n\n\n<h1>18 Integraci\u00f3n sen x y cos x<\/h1>\n\n\n\n<figure class=\"wp-block-image\"><img decoding=\"async\" src=\"https:\/\/paramate2.wordpress.com\/wp-content\/uploads\/2021\/12\/image-90.png?w=746\" alt=\"\" class=\"wp-image-919\" \/><\/figure>\n\n\n\n<figure class=\"wp-block-image\"><img decoding=\"async\" src=\"https:\/\/paramate2.wordpress.com\/wp-content\/uploads\/2021\/12\/image-91.png?w=752\" alt=\"\" class=\"wp-image-920\" \/><\/figure>\n\n\n\n<figure class=\"wp-block-image\"><img decoding=\"async\" src=\"https:\/\/paramate2.wordpress.com\/wp-content\/uploads\/2021\/12\/image-92.png?w=512\" alt=\"\" class=\"wp-image-921\" \/><\/figure>\n\n\n\n<p>Enseguida se resuelven problemas relacionados con el tema.<\/p>\n\n\n\n<figure class=\"wp-block-image\"><img decoding=\"async\" src=\"https:\/\/paramate2.wordpress.com\/wp-content\/uploads\/2021\/12\/image-93.png?w=750\" alt=\"\" class=\"wp-image-923\" \/><\/figure>\n\n\n\n<figure class=\"wp-block-image\"><img decoding=\"async\" src=\"https:\/\/paramate2.wordpress.com\/wp-content\/uploads\/2021\/12\/image-94.png?w=752\" alt=\"\" class=\"wp-image-924\" \/><\/figure>\n\n\n\n<figure class=\"wp-block-image\"><img decoding=\"async\" src=\"https:\/\/paramate2.wordpress.com\/wp-content\/uploads\/2021\/12\/image-95.png?w=751\" alt=\"\" class=\"wp-image-925\" \/><\/figure>\n\n\n\n<figure class=\"wp-block-image\"><img decoding=\"async\" src=\"https:\/\/paramate2.wordpress.com\/wp-content\/uploads\/2021\/12\/image-96.png?w=667\" alt=\"\" class=\"wp-image-927\" \/><\/figure>\n\n\n\n<figure class=\"wp-block-image\"><img decoding=\"async\" src=\"https:\/\/paramate2.wordpress.com\/wp-content\/uploads\/2021\/12\/image-97.png?w=764\" alt=\"\" class=\"wp-image-928\" \/><\/figure>\n\n\n\n<figure class=\"wp-block-image\"><img decoding=\"async\" src=\"https:\/\/paramate2.wordpress.com\/wp-content\/uploads\/2021\/12\/image-98.png?w=774\" alt=\"\" class=\"wp-image-929\" \/><\/figure>\n\n\n\n<figure class=\"wp-block-image\"><img decoding=\"async\" src=\"https:\/\/paramate2.wordpress.com\/wp-content\/uploads\/2021\/12\/image-99.png?w=748\" alt=\"\" class=\"wp-image-931\" \/><\/figure>\n\n\n\n<figure class=\"wp-block-image\"><img decoding=\"async\" src=\"https:\/\/paramate2.wordpress.com\/wp-content\/uploads\/2021\/12\/image-100.png?w=530\" alt=\"\" class=\"wp-image-932\" \/><\/figure>\n\n\n\n<figure class=\"wp-block-image\"><img decoding=\"async\" src=\"https:\/\/paramate2.wordpress.com\/wp-content\/uploads\/2021\/12\/image-101.png?w=614\" alt=\"\" class=\"wp-image-933\" \/><\/figure>\n\n\n\n<figure class=\"wp-block-image\"><img decoding=\"async\" src=\"https:\/\/paramate2.wordpress.com\/wp-content\/uploads\/2021\/12\/image-102.png?w=739\" alt=\"\" class=\"wp-image-935\" \/><\/figure>\n\n\n\n<figure class=\"wp-block-image\"><img decoding=\"async\" src=\"https:\/\/paramate2.wordpress.com\/wp-content\/uploads\/2021\/12\/image-103.png?w=748\" alt=\"\" class=\"wp-image-936\" \/><\/figure>\n\n\n\n<figure class=\"wp-block-image\"><img decoding=\"async\" src=\"https:\/\/paramate2.wordpress.com\/wp-content\/uploads\/2021\/12\/image-104.png?w=758\" alt=\"\" class=\"wp-image-937\" \/><\/figure>\n\n\n\n<figure class=\"wp-block-image\"><img decoding=\"async\" src=\"https:\/\/paramate2.wordpress.com\/wp-content\/uploads\/2021\/12\/image-105.png?w=745\" alt=\"\" class=\"wp-image-939\" \/><\/figure>\n\n\n\n<figure class=\"wp-block-image\"><img decoding=\"async\" src=\"https:\/\/paramate2.wordpress.com\/wp-content\/uploads\/2021\/12\/image-106.png?w=598\" alt=\"\" class=\"wp-image-940\" \/><\/figure>\n\n\n\n<figure class=\"wp-block-image\"><img decoding=\"async\" src=\"https:\/\/paramate2.wordpress.com\/wp-content\/uploads\/2021\/12\/image-107.png?w=601\" alt=\"\" class=\"wp-image-942\" \/><\/figure>\n\n\n\n<figure class=\"wp-block-image\"><img decoding=\"async\" src=\"https:\/\/paramate2.wordpress.com\/wp-content\/uploads\/2021\/12\/image-108.png?w=632\" alt=\"\" class=\"wp-image-943\" \/><\/figure>\n\n\n\n<figure class=\"wp-block-image\"><img decoding=\"async\" src=\"https:\/\/paramate2.wordpress.com\/wp-content\/uploads\/2021\/12\/image-109.png?w=539\" alt=\"\" class=\"wp-image-944\" \/><\/figure>\n\n\n\n<figure class=\"wp-block-image\"><img decoding=\"async\" src=\"https:\/\/paramate2.wordpress.com\/wp-content\/uploads\/2021\/12\/image-110.png?w=718\" alt=\"\" class=\"wp-image-945\" \/><\/figure>\n\n\n\n<figure class=\"wp-block-image\"><img decoding=\"async\" src=\"https:\/\/paramate2.wordpress.com\/wp-content\/uploads\/2021\/12\/image-111.png?w=614\" alt=\"\" class=\"wp-image-947\" \/><\/figure>\n\n\n\n<figure class=\"wp-block-image\"><img decoding=\"async\" src=\"https:\/\/paramate2.wordpress.com\/wp-content\/uploads\/2021\/12\/image-112.png?w=612\" alt=\"\" class=\"wp-image-948\" \/><\/figure>\n\n\n\n<figure class=\"wp-block-image\"><img decoding=\"async\" src=\"https:\/\/paramate2.wordpress.com\/wp-content\/uploads\/2021\/12\/image-113.png?w=688\" alt=\"\" class=\"wp-image-949\" \/><\/figure>\n\n\n\n<figure class=\"wp-block-image\"><img decoding=\"async\" src=\"https:\/\/paramate2.wordpress.com\/wp-content\/uploads\/2021\/12\/image-114.png?w=628\" alt=\"\" class=\"wp-image-950\" \/><\/figure>\n\n\n\n<figure class=\"wp-block-image\"><img decoding=\"async\" src=\"https:\/\/paramate2.wordpress.com\/wp-content\/uploads\/2021\/12\/image-115.png?w=765\" alt=\"\" class=\"wp-image-951\" \/><\/figure>\n\n\n\n<figure class=\"wp-block-image\"><img decoding=\"async\" src=\"https:\/\/paramate2.wordpress.com\/wp-content\/uploads\/2021\/12\/image-116.png?w=759\" alt=\"\" class=\"wp-image-952\" \/><\/figure>\n\n\n\n<figure class=\"wp-block-image\"><img decoding=\"async\" src=\"https:\/\/paramate2.wordpress.com\/wp-content\/uploads\/2021\/12\/image-117.png?w=762\" alt=\"\" class=\"wp-image-953\" \/><\/figure>\n\n\n\n<figure class=\"wp-block-image\"><img decoding=\"async\" src=\"https:\/\/paramate2.wordpress.com\/wp-content\/uploads\/2021\/12\/image-118.png?w=759\" alt=\"\" class=\"wp-image-955\" \/><\/figure>\n\n\n\n<figure class=\"wp-block-image\"><img decoding=\"async\" src=\"https:\/\/paramate2.wordpress.com\/wp-content\/uploads\/2021\/12\/image-119.png?w=755\" alt=\"\" class=\"wp-image-956\" \/><\/figure>\n\n\n\n<figure class=\"wp-block-image\"><img decoding=\"async\" src=\"https:\/\/paramate2.wordpress.com\/wp-content\/uploads\/2021\/12\/image-120.png?w=465\" alt=\"\" class=\"wp-image-958\" \/><\/figure>\n\n\n\n<figure class=\"wp-block-image\"><img decoding=\"async\" src=\"https:\/\/paramate2.wordpress.com\/wp-content\/uploads\/2021\/12\/image-121.png?w=704\" alt=\"\" class=\"wp-image-959\" \/><\/figure>\n\n\n\n<figure class=\"wp-block-image\"><img decoding=\"async\" src=\"https:\/\/paramate2.wordpress.com\/wp-content\/uploads\/2021\/12\/image-122.png?w=748\" alt=\"\" class=\"wp-image-960\" \/><\/figure>\n\n\n\n<figure class=\"wp-block-image\"><img decoding=\"async\" src=\"https:\/\/paramate2.wordpress.com\/wp-content\/uploads\/2021\/12\/image-123.png?w=749\" alt=\"\" class=\"wp-image-961\" \/><\/figure>\n\n\n\n<figure class=\"wp-block-image\"><img decoding=\"async\" src=\"https:\/\/paramate2.wordpress.com\/wp-content\/uploads\/2021\/12\/image-124.png?w=588\" alt=\"\" class=\"wp-image-962\" \/><\/figure>\n\n\n\n<figure class=\"wp-block-image\"><img decoding=\"async\" src=\"https:\/\/paramate2.wordpress.com\/wp-content\/uploads\/2021\/12\/image-125.png?w=719\" alt=\"\" class=\"wp-image-964\" \/><\/figure>\n\n\n\n<figure class=\"wp-block-image\"><img decoding=\"async\" src=\"https:\/\/paramate2.wordpress.com\/wp-content\/uploads\/2021\/12\/image-126.png?w=765\" alt=\"\" class=\"wp-image-965\" \/><\/figure>\n\n\n\n<figure class=\"wp-block-image\"><img decoding=\"async\" src=\"https:\/\/paramate2.wordpress.com\/wp-content\/uploads\/2021\/12\/image-127.png?w=629\" alt=\"\" class=\"wp-image-966\" \/><\/figure>\n\n\n\n<figure class=\"wp-block-image\"><img decoding=\"async\" src=\"https:\/\/paramate2.wordpress.com\/wp-content\/uploads\/2021\/12\/image-128.png?w=749\" alt=\"\" class=\"wp-image-968\" \/><\/figure>\n\n\n\n<figure class=\"wp-block-image\"><img decoding=\"async\" src=\"https:\/\/paramate2.wordpress.com\/wp-content\/uploads\/2021\/12\/image-129.png?w=775\" alt=\"\" class=\"wp-image-969\" \/><\/figure>\n\n\n\n<figure class=\"wp-block-image\"><img decoding=\"async\" src=\"https:\/\/paramate2.wordpress.com\/wp-content\/uploads\/2021\/12\/image-130.png?w=737\" alt=\"\" class=\"wp-image-971\" \/><\/figure>\n\n\n\n<figure class=\"wp-block-image\"><img decoding=\"async\" src=\"https:\/\/paramate2.wordpress.com\/wp-content\/uploads\/2021\/12\/image-131.png?w=659\" alt=\"\" class=\"wp-image-972\" \/><\/figure>\n\n\n\n<figure class=\"wp-block-image\"><img decoding=\"async\" src=\"https:\/\/paramate2.wordpress.com\/wp-content\/uploads\/2021\/12\/image-132.png?w=614\" alt=\"\" class=\"wp-image-973\" \/><\/figure>\n\n\n\n<figure class=\"wp-block-image\"><img decoding=\"async\" src=\"https:\/\/paramate2.wordpress.com\/wp-content\/uploads\/2021\/12\/image-133.png?w=715\" alt=\"\" class=\"wp-image-975\" \/><\/figure>\n\n\n\n<figure class=\"wp-block-image\"><img decoding=\"async\" src=\"https:\/\/paramate2.wordpress.com\/wp-content\/uploads\/2021\/12\/image-134.png?w=764\" alt=\"\" class=\"wp-image-976\" \/><\/figure>\n\n\n\n<figure class=\"wp-block-image\"><img decoding=\"async\" src=\"https:\/\/paramate2.wordpress.com\/wp-content\/uploads\/2021\/12\/image-135.png?w=610\" alt=\"\" class=\"wp-image-977\" \/><\/figure>\n\n\n\n<figure class=\"wp-block-image\"><img decoding=\"async\" src=\"https:\/\/paramate2.wordpress.com\/wp-content\/uploads\/2021\/12\/image-136.png?w=714\" alt=\"\" class=\"wp-image-978\" \/><\/figure>\n\n\n\n<figure class=\"wp-block-image\"><img decoding=\"async\" src=\"https:\/\/paramate2.wordpress.com\/wp-content\/uploads\/2021\/12\/image-137.png?w=697\" alt=\"\" class=\"wp-image-980\" \/><\/figure>\n\n\n\n<figure class=\"wp-block-image\"><img decoding=\"async\" src=\"https:\/\/paramate2.wordpress.com\/wp-content\/uploads\/2021\/12\/image-138.png?w=750\" alt=\"\" class=\"wp-image-981\" \/><\/figure>\n\n\n\n<figure class=\"wp-block-image\"><img decoding=\"async\" src=\"https:\/\/paramate2.wordpress.com\/wp-content\/uploads\/2021\/12\/image-139.png?w=734\" alt=\"\" class=\"wp-image-983\" \/><\/figure>\n\n\n\n<figure class=\"wp-block-image\"><img decoding=\"async\" src=\"https:\/\/paramate2.wordpress.com\/wp-content\/uploads\/2021\/12\/image-140.png?w=735\" alt=\"\" class=\"wp-image-984\" \/><\/figure>\n\n\n\n<figure class=\"wp-block-image\"><img decoding=\"async\" src=\"https:\/\/paramate2.wordpress.com\/wp-content\/uploads\/2021\/12\/image-141.png?w=746\" alt=\"\" class=\"wp-image-985\" \/><\/figure>\n\n\n\n<figure class=\"wp-block-image\"><img decoding=\"async\" src=\"https:\/\/paramate2.wordpress.com\/wp-content\/uploads\/2021\/12\/image-142.png?w=751\" alt=\"\" class=\"wp-image-986\" \/><\/figure>\n\n\n\n<figure class=\"wp-block-image\"><img decoding=\"async\" src=\"https:\/\/paramate2.wordpress.com\/wp-content\/uploads\/2021\/12\/image-143.png?w=758\" alt=\"\" class=\"wp-image-988\" \/><\/figure>\n\n\n\n<figure class=\"wp-block-image\"><img decoding=\"async\" src=\"https:\/\/paramate2.wordpress.com\/wp-content\/uploads\/2021\/12\/image-144.png?w=772\" alt=\"\" class=\"wp-image-989\" \/><\/figure>\n\n\n\n<figure class=\"wp-block-image\"><img decoding=\"async\" src=\"https:\/\/paramate2.wordpress.com\/wp-content\/uploads\/2021\/12\/image-145.png?w=754\" alt=\"\" class=\"wp-image-991\" \/><\/figure>\n\n\n\n<figure class=\"wp-block-image\"><img decoding=\"async\" src=\"https:\/\/paramate2.wordpress.com\/wp-content\/uploads\/2021\/12\/image-146.png?w=502\" alt=\"\" class=\"wp-image-992\" \/><\/figure>\n\n\n\n<figure class=\"wp-block-image\"><img decoding=\"async\" src=\"https:\/\/paramate2.wordpress.com\/wp-content\/uploads\/2021\/12\/image-147.png?w=755\" alt=\"\" class=\"wp-image-993\" \/><\/figure>\n\n\n\n<figure class=\"wp-block-image\"><img decoding=\"async\" src=\"https:\/\/paramate2.wordpress.com\/wp-content\/uploads\/2021\/12\/image-148.png?w=764\" alt=\"\" class=\"wp-image-994\" \/><\/figure>\n\n\n\n<figure class=\"wp-block-image\"><img decoding=\"async\" src=\"https:\/\/paramate2.wordpress.com\/wp-content\/uploads\/2021\/12\/image-149.png?w=519\" alt=\"\" class=\"wp-image-996\" \/><\/figure>\n\n\n\n<figure class=\"wp-block-image\"><img decoding=\"async\" src=\"https:\/\/paramate2.wordpress.com\/wp-content\/uploads\/2021\/12\/image-150.png?w=575\" alt=\"\" class=\"wp-image-997\" \/><\/figure>\n\n\n\n<figure class=\"wp-block-image\"><img decoding=\"async\" src=\"https:\/\/paramate2.wordpress.com\/wp-content\/uploads\/2021\/12\/image-151.png?w=758\" alt=\"\" class=\"wp-image-998\" \/><\/figure>\n\n\n\n<figure class=\"wp-block-image\"><img decoding=\"async\" src=\"https:\/\/paramate2.wordpress.com\/wp-content\/uploads\/2021\/12\/image-152.png?w=708\" alt=\"\" class=\"wp-image-1000\" \/><\/figure>\n\n\n\n<figure class=\"wp-block-image\"><img decoding=\"async\" src=\"https:\/\/paramate2.wordpress.com\/wp-content\/uploads\/2021\/12\/image-153.png?w=748\" alt=\"\" class=\"wp-image-1001\" \/><\/figure>\n\n\n\n<figure class=\"wp-block-image\"><img decoding=\"async\" src=\"https:\/\/paramate2.wordpress.com\/wp-content\/uploads\/2021\/12\/image-154.png?w=765\" alt=\"\" class=\"wp-image-1002\" \/><\/figure>\n\n\n\n<figure class=\"wp-block-image\"><img decoding=\"async\" src=\"https:\/\/paramate2.wordpress.com\/wp-content\/uploads\/2021\/12\/image-155.png?w=760\" alt=\"\" class=\"wp-image-1004\" \/><\/figure>\n\n\n\n<figure class=\"wp-block-image\"><img decoding=\"async\" src=\"https:\/\/paramate2.wordpress.com\/wp-content\/uploads\/2021\/12\/image-156.png?w=758\" alt=\"\" class=\"wp-image-1005\" \/><\/figure>\n\n\n\n<figure class=\"wp-block-image\"><img decoding=\"async\" src=\"https:\/\/paramate2.wordpress.com\/wp-content\/uploads\/2021\/12\/image-157.png?w=557\" alt=\"\" class=\"wp-image-1006\" \/><\/figure>\n\n\n\n<figure class=\"wp-block-image\"><img decoding=\"async\" src=\"https:\/\/paramate2.wordpress.com\/wp-content\/uploads\/2021\/12\/image-158.png?w=474\" alt=\"\" class=\"wp-image-1007\" \/><\/figure>\n\n\n\n<figure class=\"wp-block-image\"><img decoding=\"async\" src=\"https:\/\/paramate2.wordpress.com\/wp-content\/uploads\/2021\/12\/image-159.png?w=751\" alt=\"\" class=\"wp-image-1009\" \/><\/figure>\n\n\n\n<figure class=\"wp-block-image\"><img decoding=\"async\" src=\"https:\/\/paramate2.wordpress.com\/wp-content\/uploads\/2021\/12\/image-160.png?w=748\" alt=\"\" class=\"wp-image-1010\" \/><\/figure>\n\n\n\n<figure class=\"wp-block-image\"><img decoding=\"async\" src=\"https:\/\/paramate2.wordpress.com\/wp-content\/uploads\/2021\/12\/image-161.png?w=768\" alt=\"\" class=\"wp-image-1011\" \/><\/figure>\n\n\n\n<figure class=\"wp-block-image\"><img decoding=\"async\" src=\"https:\/\/paramate2.wordpress.com\/wp-content\/uploads\/2021\/12\/image-162.png?w=538\" alt=\"\" class=\"wp-image-1013\" \/><\/figure>\n\n\n\n<figure class=\"wp-block-image\"><img decoding=\"async\" src=\"https:\/\/paramate2.wordpress.com\/wp-content\/uploads\/2021\/12\/image-163.png?w=712\" alt=\"\" class=\"wp-image-1014\" \/><\/figure>\n\n\n\n<figure class=\"wp-block-image\"><img decoding=\"async\" src=\"https:\/\/paramate2.wordpress.com\/wp-content\/uploads\/2021\/12\/image-164.png?w=526\" alt=\"\" class=\"wp-image-1015\" \/><\/figure>\n\n\n\n<figure class=\"wp-block-image\"><img decoding=\"async\" src=\"https:\/\/paramate2.wordpress.com\/wp-content\/uploads\/2021\/12\/image-165.png?w=496\" alt=\"\" class=\"wp-image-1017\" \/><\/figure>\n\n\n\n<figure class=\"wp-block-image\"><img decoding=\"async\" src=\"https:\/\/paramate2.wordpress.com\/wp-content\/uploads\/2021\/12\/image-166.png?w=714\" alt=\"\" class=\"wp-image-1018\" \/><\/figure>\n\n\n\n<figure class=\"wp-block-image\"><img decoding=\"async\" src=\"https:\/\/paramate2.wordpress.com\/wp-content\/uploads\/2021\/12\/image-167.png?w=759\" alt=\"\" class=\"wp-image-1020\" \/><\/figure>\n\n\n\n<h2 id=\"tarea\">Tarea<\/h2>\n\n\n\n<figure class=\"wp-block-image\"><img decoding=\"async\" src=\"https:\/\/paramate2.wordpress.com\/wp-content\/uploads\/2021\/12\/image-168.png?w=421\" alt=\"\" class=\"wp-image-1021\" \/><\/figure>\n\n\n\n<p><\/p>\n\n\n\n<div class=\"is-layout-flex wp-block-buttons\">\n<div class=\"wp-block-button\"><a class=\"wp-block-button__link wp-element-button\" href=\"https:\/\/blogceta.zaragoza.unam.mx\/mnumericos\/m2l19\/\">siguiente<\/a><\/div>\n\n\n\n<div class=\"wp-block-button\"><a class=\"wp-block-button__link wp-element-button\" href=\"https:\/\/blogceta.zaragoza.unam.mx\/mnumericos\/lecciones-m2\/\">lecciones<\/a><\/div>\n<\/div>\n","protected":false},"excerpt":{"rendered":"<p>Integraci\u00f3n de funciones trigonom\u00e9tricas 18 Integraci\u00f3n sen x y cos x Enseguida se resuelven problemas relacionados con el tema. Tarea<\/p>\n","protected":false},"author":123458,"featured_media":0,"parent":7208,"menu_order":18,"comment_status":"closed","ping_status":"closed","template":"","meta":{"_bbp_topic_count":0,"_bbp_reply_count":0,"_bbp_total_topic_count":0,"_bbp_total_reply_count":0,"_bbp_voice_count":0,"_bbp_anonymous_reply_count":0,"_bbp_topic_count_hidden":0,"_bbp_reply_count_hidden":0,"_bbp_forum_subforum_count":0},"_links":{"self":[{"href":"https:\/\/blogceta.zaragoza.unam.mx\/mnumericos\/wp-json\/wp\/v2\/pages\/7250"}],"collection":[{"href":"https:\/\/blogceta.zaragoza.unam.mx\/mnumericos\/wp-json\/wp\/v2\/pages"}],"about":[{"href":"https:\/\/blogceta.zaragoza.unam.mx\/mnumericos\/wp-json\/wp\/v2\/types\/page"}],"author":[{"embeddable":true,"href":"https:\/\/blogceta.zaragoza.unam.mx\/mnumericos\/wp-json\/wp\/v2\/users\/123458"}],"replies":[{"embeddable":true,"href":"https:\/\/blogceta.zaragoza.unam.mx\/mnumericos\/wp-json\/wp\/v2\/comments?post=7250"}],"version-history":[{"count":2,"href":"https:\/\/blogceta.zaragoza.unam.mx\/mnumericos\/wp-json\/wp\/v2\/pages\/7250\/revisions"}],"predecessor-version":[{"id":7286,"href":"https:\/\/blogceta.zaragoza.unam.mx\/mnumericos\/wp-json\/wp\/v2\/pages\/7250\/revisions\/7286"}],"up":[{"embeddable":true,"href":"https:\/\/blogceta.zaragoza.unam.mx\/mnumericos\/wp-json\/wp\/v2\/pages\/7208"}],"wp:attachment":[{"href":"https:\/\/blogceta.zaragoza.unam.mx\/mnumericos\/wp-json\/wp\/v2\/media?parent=7250"}],"curies":[{"name":"wp","href":"https:\/\/api.w.org\/{rel}","templated":true}]}}