{"id":7215,"date":"2025-12-02T11:24:19","date_gmt":"2025-12-02T17:24:19","guid":{"rendered":"https:\/\/blogceta.zaragoza.unam.mx\/mnumericos\/?page_id=7215"},"modified":"2025-12-02T13:20:00","modified_gmt":"2025-12-02T19:20:00","slug":"m2l3","status":"publish","type":"page","link":"https:\/\/blogceta.zaragoza.unam.mx\/mnumericos\/lecciones-m2\/m2l3\/","title":{"rendered":"m2l3"},"content":{"rendered":"\n<h1>Tema 3 Series Covergentes<\/h1>\n\n\n\n<figure class=\"wp-block-image\"><img decoding=\"async\" src=\"https:\/\/paramate2.wordpress.com\/wp-content\/uploads\/2021\/10\/image-24.png?w=757\" alt=\"\" class=\"wp-image-363\" \/><\/figure>\n\n\n\n<figure class=\"wp-block-image\"><img decoding=\"async\" src=\"https:\/\/paramate2.wordpress.com\/wp-content\/uploads\/2021\/10\/image-25.png?w=668\" alt=\"\" class=\"wp-image-365\" \/><\/figure>\n\n\n\n<figure class=\"wp-block-image\"><img decoding=\"async\" src=\"https:\/\/paramate2.wordpress.com\/wp-content\/uploads\/2021\/10\/image-26.png?w=730\" alt=\"\" class=\"wp-image-366\" \/><\/figure>\n\n\n\n<h3 id=\"prueba-de-comparacion\">Prueba de comparaci\u00f3n<\/h3>\n\n\n\n<figure class=\"wp-block-image\"><img decoding=\"async\" src=\"https:\/\/paramate2.wordpress.com\/wp-content\/uploads\/2021\/10\/image-27.png?w=747\" alt=\"\" class=\"wp-image-368\" \/><\/figure>\n\n\n\n<figure class=\"wp-block-image\"><img decoding=\"async\" src=\"https:\/\/paramate2.wordpress.com\/wp-content\/uploads\/2021\/10\/image-28.png?w=620\" alt=\"\" class=\"wp-image-370\" \/><\/figure>\n\n\n\n<figure class=\"wp-block-image\"><img decoding=\"async\" src=\"https:\/\/paramate2.wordpress.com\/wp-content\/uploads\/2021\/10\/image-29.png?w=725\" alt=\"\" class=\"wp-image-371\" \/><\/figure>\n\n\n\n<h3 id=\"ejemplos\">Ejemplos<\/h3>\n\n\n\n<figure class=\"wp-block-image\"><img decoding=\"async\" src=\"https:\/\/paramate2.wordpress.com\/wp-content\/uploads\/2021\/10\/image-30.png?w=742\" alt=\"\" class=\"wp-image-372\" \/><\/figure>\n\n\n\n<h3 id=\"criterio-de-comparacion-por-el-limite\">Criterio de comparaci\u00f3n por el l\u00edmite<\/h3>\n\n\n\n<figure class=\"wp-block-image\"><img decoding=\"async\" src=\"https:\/\/paramate2.wordpress.com\/wp-content\/uploads\/2021\/10\/image-31.png?w=744\" alt=\"\" class=\"wp-image-373\" \/><\/figure>\n\n\n\n<figure class=\"wp-block-image\"><img decoding=\"async\" src=\"https:\/\/paramate2.wordpress.com\/wp-content\/uploads\/2021\/10\/image-32.png?w=732\" alt=\"\" class=\"wp-image-375\" \/><\/figure>\n\n\n\n<figure class=\"wp-block-image\"><img decoding=\"async\" src=\"https:\/\/paramate2.wordpress.com\/wp-content\/uploads\/2021\/10\/image-33.png?w=734\" alt=\"\" class=\"wp-image-377\" \/><\/figure>\n\n\n\n<figure class=\"wp-block-image\"><img decoding=\"async\" src=\"https:\/\/paramate2.wordpress.com\/wp-content\/uploads\/2021\/10\/image-34.png?w=723\" alt=\"\" class=\"wp-image-378\" \/><\/figure>\n\n\n\n<h3 id=\"tarea-3\">Tarea 3<\/h3>\n\n\n\n<figure class=\"wp-block-image\"><img decoding=\"async\" src=\"https:\/\/paramate2.wordpress.com\/wp-content\/uploads\/2021\/10\/image-35.png?w=742\" alt=\"\" class=\"wp-image-380\" \/><\/figure>\n\n\n\n<figure class=\"wp-block-image\"><img decoding=\"async\" src=\"https:\/\/paramate2.wordpress.com\/wp-content\/uploads\/2021\/10\/image-36.png?w=671\" alt=\"\" class=\"wp-image-381\" \/><\/figure>\n\n\n\n<div class=\"is-layout-flex wp-block-buttons\">\n<div class=\"wp-block-button\"><a class=\"wp-block-button__link wp-element-button\" href=\"https:\/\/blogceta.zaragoza.unam.mx\/mnumericos\/m2l4\/\">siguiente<\/a><\/div>\n\n\n\n<div class=\"wp-block-button\"><a class=\"wp-block-button__link wp-element-button\" href=\"https:\/\/blogceta.zaragoza.unam.mx\/mnumericos\/lecciones-m2\/\">lecciones<\/a><\/div>\n<\/div>\n","protected":false},"excerpt":{"rendered":"<p>Tema 3 Series Covergentes Prueba de comparaci\u00f3n Ejemplos Criterio de comparaci\u00f3n por el l\u00edmite Tarea 3<\/p>\n","protected":false},"author":123458,"featured_media":0,"parent":7208,"menu_order":3,"comment_status":"closed","ping_status":"closed","template":"","meta":{"_bbp_topic_count":0,"_bbp_reply_count":0,"_bbp_total_topic_count":0,"_bbp_total_reply_count":0,"_bbp_voice_count":0,"_bbp_anonymous_reply_count":0,"_bbp_topic_count_hidden":0,"_bbp_reply_count_hidden":0,"_bbp_forum_subforum_count":0},"_links":{"self":[{"href":"https:\/\/blogceta.zaragoza.unam.mx\/mnumericos\/wp-json\/wp\/v2\/pages\/7215"}],"collection":[{"href":"https:\/\/blogceta.zaragoza.unam.mx\/mnumericos\/wp-json\/wp\/v2\/pages"}],"about":[{"href":"https:\/\/blogceta.zaragoza.unam.mx\/mnumericos\/wp-json\/wp\/v2\/types\/page"}],"author":[{"embeddable":true,"href":"https:\/\/blogceta.zaragoza.unam.mx\/mnumericos\/wp-json\/wp\/v2\/users\/123458"}],"replies":[{"embeddable":true,"href":"https:\/\/blogceta.zaragoza.unam.mx\/mnumericos\/wp-json\/wp\/v2\/comments?post=7215"}],"version-history":[{"count":2,"href":"https:\/\/blogceta.zaragoza.unam.mx\/mnumericos\/wp-json\/wp\/v2\/pages\/7215\/revisions"}],"predecessor-version":[{"id":7221,"href":"https:\/\/blogceta.zaragoza.unam.mx\/mnumericos\/wp-json\/wp\/v2\/pages\/7215\/revisions\/7221"}],"up":[{"embeddable":true,"href":"https:\/\/blogceta.zaragoza.unam.mx\/mnumericos\/wp-json\/wp\/v2\/pages\/7208"}],"wp:attachment":[{"href":"https:\/\/blogceta.zaragoza.unam.mx\/mnumericos\/wp-json\/wp\/v2\/media?parent=7215"}],"curies":[{"name":"wp","href":"https:\/\/api.w.org\/{rel}","templated":true}]}}