{"id":7211,"date":"2025-12-02T11:20:52","date_gmt":"2025-12-02T17:20:52","guid":{"rendered":"https:\/\/blogceta.zaragoza.unam.mx\/mnumericos\/?page_id=7211"},"modified":"2026-02-26T09:02:00","modified_gmt":"2026-02-26T15:02:00","slug":"m2l1","status":"publish","type":"page","link":"https:\/\/blogceta.zaragoza.unam.mx\/mnumericos\/lecciones-m2\/m2l1\/","title":{"rendered":"m2l1"},"content":{"rendered":"\n<h1>Tema 1. Presentaci\u00f3n del curso<\/h1>\n\n\n\n<p>La asignatura de Matem\u00e1ticas II, tiene como antecedente la asignatura de Matem\u00e1ticas I. La asignatura de Matem\u00e1ticas II comparte el campo de formaci\u00f3n del ingeniero con algunas asignaturas que estructuran el plan de estudios y provee las herramientas necesarias, por una parte, para estudiar estas asignaturas y, por la otra, luego de analizar situaciones, ayudar a identificar, construir, plantear y resolver problemas; lo que incide en el desarrollo de capacidades y, consecuentemente, en el fortalecimiento de la formaci\u00f3n del estudiante.<\/p>\n\n\n\n<p>Por consiguiente, \u00bfQu\u00e9 se espera del curso de Matem\u00e1ticas II?<\/p>\n\n\n\n<p>Que el estudiante participe en las actividades que le permitan revisar, reconstruir, adquirir, incorporar, manejar y aplicar conceptos matem\u00e1ticos y procedimientos; y, de paso, desarrollar capacidades que apoyen su formaci\u00f3n y favorezcan la construcci\u00f3n de su propio conocimiento. Para resolver ecuaciones diferenciales.<\/p>\n\n\n\n<h2 id=\"como\"><strong>\u00bfC\u00f3mo?<\/strong><\/h2>\n\n\n\n<p>En la consecuencia del prop\u00f3sito, desarrollar<strong>&nbsp;<\/strong>el material propuesto. \u00bfqu\u00e9 enlaza las actividades del profesor y estudiante?<\/p>\n\n\n\n<p>El material que enlaza las actividades del profesor y estudiante se denomina tarea y est\u00e1 conformada con los elementos siguientes.<\/p>\n\n\n\n<ol>\n<li>Exposici\u00f3n escrita<\/li>\n\n\n\n<li>Problemas resueltos<\/li>\n\n\n\n<li>Problemas propuestos<\/li>\n<\/ol>\n\n\n\n<h3 id=\"cual-es-la-dinamica-de-las-actividades\">\u00bfCu\u00e1l&nbsp;es la&nbsp;din\u00e1mica&nbsp;de las actividades?<\/h3>\n\n\n\n<p>Se elabora la clase y se publica; el estudiante resuelve los problemas propuestos en la tarea.<\/p>\n\n\n\n<p>El horario del grupo son los d\u00edas martes, mi\u00e9rcoles y jueves, pero tambi\u00e9n se enviar\u00e1 material de trabajo el viernes.<\/p>\n\n\n\n<h2 id=\"con-que-se-evalua\">\u00bfCon qu\u00e9 se&nbsp;<strong>eval\u00faa<\/strong>?<\/h2>\n\n\n\n<ol>\n<li>Tarea entregada a tiempo. (compromiso, responsabilidad, participaci\u00f3n, orden, claridad, contenido, cumplimiento).<\/li>\n\n\n\n<li>Ex\u00e1menes parciales y los ex\u00e1menes A y B. (orden, claridad, procedimiento, contenido, responsabilidad).<\/li>\n<\/ol>\n\n\n\n<hr class=\"wp-block-separator has-alpha-channel-opacity\" \/>\n\n\n\n<div class=\"is-content-justification-center is-layout-flex wp-container-1 wp-block-buttons\">\n<div class=\"wp-block-button\"><a class=\"wp-block-button__link wp-element-button\" href=\"https:\/\/blogceta.zaragoza.unam.mx\/mnumericos\/m2l2\/\">Siguiente lecci\u00f3n<\/a><\/div>\n\n\n\n<div class=\"wp-block-button\"><a class=\"wp-block-button__link wp-element-button\" href=\"https:\/\/blogceta.zaragoza.unam.mx\/mnumericos\/lecciones-m2\/\">lecciones<\/a><\/div>\n<\/div>\n","protected":false},"excerpt":{"rendered":"<p>Tema 1. Presentaci\u00f3n del curso La asignatura de Matem\u00e1ticas II, tiene como antecedente la asignatura de Matem\u00e1ticas I. La asignatura de Matem\u00e1ticas II comparte el campo de formaci\u00f3n del ingeniero con algunas asignaturas que estructuran el plan de estudios y provee las herramientas necesarias, por una parte, para estudiar estas asignaturas y, por la otra, &hellip; <a href=\"https:\/\/blogceta.zaragoza.unam.mx\/mnumericos\/lecciones-m2\/m2l1\/\" class=\"more-link\">Contin\u00faa leyendo <span class=\"screen-reader-text\">m2l1<\/span><\/a><\/p>\n","protected":false},"author":123458,"featured_media":0,"parent":7208,"menu_order":1,"comment_status":"closed","ping_status":"closed","template":"","meta":{"_bbp_topic_count":0,"_bbp_reply_count":0,"_bbp_total_topic_count":0,"_bbp_total_reply_count":0,"_bbp_voice_count":0,"_bbp_anonymous_reply_count":0,"_bbp_topic_count_hidden":0,"_bbp_reply_count_hidden":0,"_bbp_forum_subforum_count":0},"_links":{"self":[{"href":"https:\/\/blogceta.zaragoza.unam.mx\/mnumericos\/wp-json\/wp\/v2\/pages\/7211"}],"collection":[{"href":"https:\/\/blogceta.zaragoza.unam.mx\/mnumericos\/wp-json\/wp\/v2\/pages"}],"about":[{"href":"https:\/\/blogceta.zaragoza.unam.mx\/mnumericos\/wp-json\/wp\/v2\/types\/page"}],"author":[{"embeddable":true,"href":"https:\/\/blogceta.zaragoza.unam.mx\/mnumericos\/wp-json\/wp\/v2\/users\/123458"}],"replies":[{"embeddable":true,"href":"https:\/\/blogceta.zaragoza.unam.mx\/mnumericos\/wp-json\/wp\/v2\/comments?post=7211"}],"version-history":[{"count":3,"href":"https:\/\/blogceta.zaragoza.unam.mx\/mnumericos\/wp-json\/wp\/v2\/pages\/7211\/revisions"}],"predecessor-version":[{"id":7991,"href":"https:\/\/blogceta.zaragoza.unam.mx\/mnumericos\/wp-json\/wp\/v2\/pages\/7211\/revisions\/7991"}],"up":[{"embeddable":true,"href":"https:\/\/blogceta.zaragoza.unam.mx\/mnumericos\/wp-json\/wp\/v2\/pages\/7208"}],"wp:attachment":[{"href":"https:\/\/blogceta.zaragoza.unam.mx\/mnumericos\/wp-json\/wp\/v2\/media?parent=7211"}],"curies":[{"name":"wp","href":"https:\/\/api.w.org\/{rel}","templated":true}]}}