{"id":6486,"date":"2024-11-21T12:24:57","date_gmt":"2024-11-21T18:24:57","guid":{"rendered":"https:\/\/blogceta.zaragoza.unam.mx\/mnumericos\/?page_id=6486"},"modified":"2025-12-02T13:21:58","modified_gmt":"2025-12-02T19:21:58","slug":"m2l35","status":"publish","type":"page","link":"https:\/\/blogceta.zaragoza.unam.mx\/mnumericos\/lecciones-m2\/m2l35\/","title":{"rendered":"m2l35"},"content":{"rendered":"\n<h2>Lecci\u00f3n 35<\/h2>\n\n\n\n<h2 class=\"has-text-align-center\" id=\"ecuacion-de-bernoulli\">Ecuaci\u00f3n de Bernoulli<\/h2>\n\n\n\n<figure class=\"wp-block-image\"><img decoding=\"async\" src=\"https:\/\/paramate2.wordpress.com\/wp-content\/uploads\/2022\/02\/image-522.png?w=896\" alt=\"\" class=\"wp-image-1817\" \/><\/figure>\n\n\n\n<figure class=\"wp-block-image\"><img decoding=\"async\" src=\"https:\/\/paramate2.wordpress.com\/wp-content\/uploads\/2022\/02\/image-523.png?w=882\" alt=\"\" class=\"wp-image-1818\" \/><\/figure>\n\n\n\n<figure class=\"wp-block-image\"><img decoding=\"async\" src=\"https:\/\/paramate2.wordpress.com\/wp-content\/uploads\/2022\/02\/image-524.png?w=904\" alt=\"\" class=\"wp-image-1819\" \/><\/figure>\n\n\n\n<figure class=\"wp-block-image\"><img decoding=\"async\" src=\"https:\/\/paramate2.wordpress.com\/wp-content\/uploads\/2022\/02\/image-525.png?w=868\" alt=\"\" class=\"wp-image-1821\" \/><\/figure>\n\n\n\n<figure class=\"wp-block-image\"><img decoding=\"async\" src=\"https:\/\/paramate2.wordpress.com\/wp-content\/uploads\/2022\/02\/image-526.png?w=885\" alt=\"\" class=\"wp-image-1822\" \/><\/figure>\n\n\n\n<figure class=\"wp-block-image\"><img decoding=\"async\" src=\"https:\/\/paramate2.wordpress.com\/wp-content\/uploads\/2022\/02\/image-527.png?w=540\" alt=\"\" class=\"wp-image-1823\" \/><\/figure>\n\n\n\n<figure class=\"wp-block-image\"><img decoding=\"async\" src=\"https:\/\/paramate2.wordpress.com\/wp-content\/uploads\/2022\/02\/image-528.png?w=817\" alt=\"\" class=\"wp-image-1824\" \/><\/figure>\n\n\n\n<figure class=\"wp-block-image\"><img decoding=\"async\" src=\"https:\/\/paramate2.wordpress.com\/wp-content\/uploads\/2022\/02\/image-529.png?w=876\" alt=\"\" class=\"wp-image-1825\" \/><\/figure>\n\n\n\n<h2 id=\"tarea-1\">Autoevaluaci\u00f3n<\/h2>\n\n\n\n<figure class=\"wp-block-image\"><img decoding=\"async\" src=\"https:\/\/paramate2.wordpress.com\/wp-content\/uploads\/2022\/02\/image-530.png?w=696\" alt=\"\" class=\"wp-image-1827\" \/><\/figure>\n\n\n<div class=\"wp-block-image\">\n<figure class=\"aligncenter is-resized\"><a href=\"https:\/\/blogceta.zaragoza.unam.mx\/mnumericos\/m2\/m2l36\"><img decoding=\"async\" loading=\"lazy\" src=\"https:\/\/paramate2.wordpress.com\/wp-content\/uploads\/2021\/02\/5e95d-siguiente.png?w=533\" alt=\"\" class=\"wp-image-302\" width=\"177\" height=\"131\" \/><\/a><\/figure><\/div>","protected":false},"excerpt":{"rendered":"<p>Lecci\u00f3n 35 Ecuaci\u00f3n de Bernoulli Autoevaluaci\u00f3n<\/p>\n","protected":false},"author":123458,"featured_media":0,"parent":7208,"menu_order":35,"comment_status":"closed","ping_status":"closed","template":"","meta":{"_bbp_topic_count":0,"_bbp_reply_count":0,"_bbp_total_topic_count":0,"_bbp_total_reply_count":0,"_bbp_voice_count":0,"_bbp_anonymous_reply_count":0,"_bbp_topic_count_hidden":0,"_bbp_reply_count_hidden":0,"_bbp_forum_subforum_count":0},"_links":{"self":[{"href":"https:\/\/blogceta.zaragoza.unam.mx\/mnumericos\/wp-json\/wp\/v2\/pages\/6486"}],"collection":[{"href":"https:\/\/blogceta.zaragoza.unam.mx\/mnumericos\/wp-json\/wp\/v2\/pages"}],"about":[{"href":"https:\/\/blogceta.zaragoza.unam.mx\/mnumericos\/wp-json\/wp\/v2\/types\/page"}],"author":[{"embeddable":true,"href":"https:\/\/blogceta.zaragoza.unam.mx\/mnumericos\/wp-json\/wp\/v2\/users\/123458"}],"replies":[{"embeddable":true,"href":"https:\/\/blogceta.zaragoza.unam.mx\/mnumericos\/wp-json\/wp\/v2\/comments?post=6486"}],"version-history":[{"count":3,"href":"https:\/\/blogceta.zaragoza.unam.mx\/mnumericos\/wp-json\/wp\/v2\/pages\/6486\/revisions"}],"predecessor-version":[{"id":6514,"href":"https:\/\/blogceta.zaragoza.unam.mx\/mnumericos\/wp-json\/wp\/v2\/pages\/6486\/revisions\/6514"}],"up":[{"embeddable":true,"href":"https:\/\/blogceta.zaragoza.unam.mx\/mnumericos\/wp-json\/wp\/v2\/pages\/7208"}],"wp:attachment":[{"href":"https:\/\/blogceta.zaragoza.unam.mx\/mnumericos\/wp-json\/wp\/v2\/media?parent=6486"}],"curies":[{"name":"wp","href":"https:\/\/api.w.org\/{rel}","templated":true}]}}