{"id":6478,"date":"2024-11-21T12:23:58","date_gmt":"2024-11-21T18:23:58","guid":{"rendered":"https:\/\/blogceta.zaragoza.unam.mx\/mnumericos\/?page_id=6478"},"modified":"2025-12-02T13:21:32","modified_gmt":"2025-12-02T19:21:32","slug":"m2l31","status":"publish","type":"page","link":"https:\/\/blogceta.zaragoza.unam.mx\/mnumericos\/lecciones-m2\/m2l31\/","title":{"rendered":"m2l31"},"content":{"rendered":"\n<h2>Lecci\u00f3n 31<\/h2>\n\n\n\n<h1>Ecuaciones con coeficientes no homog\u00e9neos<\/h1>\n\n\n\n<figure class=\"wp-block-image\"><img decoding=\"async\" src=\"https:\/\/paramate2.wordpress.com\/wp-content\/uploads\/2022\/02\/image-471.png?w=900\" alt=\"\" class=\"wp-image-1746\" \/><\/figure>\n\n\n\n<figure class=\"wp-block-image\"><img decoding=\"async\" src=\"https:\/\/paramate2.wordpress.com\/wp-content\/uploads\/2022\/02\/image-472.png?w=904\" alt=\"\" class=\"wp-image-1747\" \/><\/figure>\n\n\n\n<figure class=\"wp-block-image\"><img decoding=\"async\" src=\"https:\/\/paramate2.wordpress.com\/wp-content\/uploads\/2022\/02\/image-473.png?w=871\" alt=\"\" class=\"wp-image-1749\" \/><\/figure>\n\n\n\n<figure class=\"wp-block-image\"><img decoding=\"async\" src=\"https:\/\/paramate2.wordpress.com\/wp-content\/uploads\/2022\/02\/image-474.png?w=854\" alt=\"\" class=\"wp-image-1750\" \/><\/figure>\n\n\n\n<figure class=\"wp-block-image\"><img decoding=\"async\" src=\"https:\/\/paramate2.wordpress.com\/wp-content\/uploads\/2022\/02\/image-475.png?w=901\" alt=\"\" class=\"wp-image-1751\" \/><\/figure>\n\n\n\n<figure class=\"wp-block-image\"><img decoding=\"async\" src=\"https:\/\/paramate2.wordpress.com\/wp-content\/uploads\/2022\/02\/image-476.png?w=882\" alt=\"\" class=\"wp-image-1753\" \/><\/figure>\n\n\n<div class=\"wp-block-image\">\n<figure class=\"aligncenter is-resized\"><img decoding=\"async\" loading=\"lazy\" src=\"https:\/\/paramate2.wordpress.com\/wp-content\/uploads\/2022\/02\/image-477.png?w=429\" alt=\"\" class=\"wp-image-1754\" width=\"313\" height=\"259\" \/><\/figure><\/div>\n\n\n<figure class=\"wp-block-image\"><img decoding=\"async\" src=\"https:\/\/paramate2.wordpress.com\/wp-content\/uploads\/2022\/02\/image-478.png?w=889\" alt=\"\" class=\"wp-image-1755\" \/><\/figure>\n\n\n\n<figure class=\"wp-block-image\"><img decoding=\"async\" src=\"https:\/\/paramate2.wordpress.com\/wp-content\/uploads\/2022\/02\/image-479.png?w=867\" alt=\"\" class=\"wp-image-1756\" \/><\/figure>\n\n\n\n<figure class=\"wp-block-image\"><img decoding=\"async\" src=\"https:\/\/paramate2.wordpress.com\/wp-content\/uploads\/2022\/02\/image-480.png?w=881\" alt=\"\" class=\"wp-image-1758\" \/><\/figure>\n\n\n\n<figure class=\"wp-block-image is-resized\"><img decoding=\"async\" loading=\"lazy\" src=\"https:\/\/paramate2.wordpress.com\/wp-content\/uploads\/2022\/02\/image-481.png?w=652\" alt=\"\" class=\"wp-image-1759\" width=\"537\" height=\"367\" \/><\/figure>\n\n\n\n<figure class=\"wp-block-image\"><img decoding=\"async\" src=\"https:\/\/paramate2.wordpress.com\/wp-content\/uploads\/2022\/02\/image-482.png?w=878\" alt=\"\" class=\"wp-image-1760\" \/><\/figure>\n\n\n\n<figure class=\"wp-block-image\"><img decoding=\"async\" src=\"https:\/\/paramate2.wordpress.com\/wp-content\/uploads\/2022\/02\/image-483.png?w=854\" alt=\"\" class=\"wp-image-1761\" \/><\/figure>\n\n\n\n<figure class=\"wp-block-image\"><img decoding=\"async\" src=\"https:\/\/paramate2.wordpress.com\/wp-content\/uploads\/2022\/02\/image-484.png?w=722\" alt=\"\" class=\"wp-image-1763\" \/><\/figure>\n\n\n\n<h2 id=\"tarea\">Autoevaluaci\u00f3n<\/h2>\n\n\n<div class=\"wp-block-image\">\n<figure class=\"aligncenter\"><img decoding=\"async\" src=\"https:\/\/paramate2.wordpress.com\/wp-content\/uploads\/2022\/02\/image-485.png?w=486\" alt=\"\" class=\"wp-image-1764\" \/><\/figure><\/div>\n\n<div class=\"wp-block-image\">\n<figure class=\"aligncenter is-resized\"><a href=\"https:\/\/blogceta.zaragoza.unam.mx\/mnumericos\/m2\/m2l32\"><img decoding=\"async\" loading=\"lazy\" src=\"https:\/\/paramate2.wordpress.com\/wp-content\/uploads\/2021\/02\/5e95d-siguiente.png?w=533\" alt=\"\" class=\"wp-image-302\" width=\"177\" height=\"131\" \/><\/a><\/figure><\/div>\n\n\n<p><\/p>\n","protected":false},"excerpt":{"rendered":"<p>Lecci\u00f3n 31 Ecuaciones con coeficientes no homog\u00e9neos Autoevaluaci\u00f3n<\/p>\n","protected":false},"author":123458,"featured_media":0,"parent":7208,"menu_order":31,"comment_status":"closed","ping_status":"closed","template":"","meta":{"_bbp_topic_count":0,"_bbp_reply_count":0,"_bbp_total_topic_count":0,"_bbp_total_reply_count":0,"_bbp_voice_count":0,"_bbp_anonymous_reply_count":0,"_bbp_topic_count_hidden":0,"_bbp_reply_count_hidden":0,"_bbp_forum_subforum_count":0},"_links":{"self":[{"href":"https:\/\/blogceta.zaragoza.unam.mx\/mnumericos\/wp-json\/wp\/v2\/pages\/6478"}],"collection":[{"href":"https:\/\/blogceta.zaragoza.unam.mx\/mnumericos\/wp-json\/wp\/v2\/pages"}],"about":[{"href":"https:\/\/blogceta.zaragoza.unam.mx\/mnumericos\/wp-json\/wp\/v2\/types\/page"}],"author":[{"embeddable":true,"href":"https:\/\/blogceta.zaragoza.unam.mx\/mnumericos\/wp-json\/wp\/v2\/users\/123458"}],"replies":[{"embeddable":true,"href":"https:\/\/blogceta.zaragoza.unam.mx\/mnumericos\/wp-json\/wp\/v2\/comments?post=6478"}],"version-history":[{"count":3,"href":"https:\/\/blogceta.zaragoza.unam.mx\/mnumericos\/wp-json\/wp\/v2\/pages\/6478\/revisions"}],"predecessor-version":[{"id":6508,"href":"https:\/\/blogceta.zaragoza.unam.mx\/mnumericos\/wp-json\/wp\/v2\/pages\/6478\/revisions\/6508"}],"up":[{"embeddable":true,"href":"https:\/\/blogceta.zaragoza.unam.mx\/mnumericos\/wp-json\/wp\/v2\/pages\/7208"}],"wp:attachment":[{"href":"https:\/\/blogceta.zaragoza.unam.mx\/mnumericos\/wp-json\/wp\/v2\/media?parent=6478"}],"curies":[{"name":"wp","href":"https:\/\/api.w.org\/{rel}","templated":true}]}}