{"id":6476,"date":"2024-11-21T12:23:43","date_gmt":"2024-11-21T18:23:43","guid":{"rendered":"https:\/\/blogceta.zaragoza.unam.mx\/mnumericos\/?page_id=6476"},"modified":"2025-12-02T13:21:25","modified_gmt":"2025-12-02T19:21:25","slug":"m2l30","status":"publish","type":"page","link":"https:\/\/blogceta.zaragoza.unam.mx\/mnumericos\/lecciones-m2\/m2l30\/","title":{"rendered":"m2l30"},"content":{"rendered":"\n<h2>Lecci\u00f3n 30<\/h2>\n\n\n\n<h1>Homogeneidad<\/h1>\n\n\n\n<figure class=\"wp-block-image\"><img decoding=\"async\" src=\"https:\/\/paramate2.wordpress.com\/wp-content\/uploads\/2022\/02\/image-450.png?w=771\" alt=\"\" class=\"wp-image-1711\" \/><\/figure>\n\n\n\n<figure class=\"wp-block-image\"><img decoding=\"async\" src=\"https:\/\/paramate2.wordpress.com\/wp-content\/uploads\/2022\/02\/image-451.png?w=789\" alt=\"\" class=\"wp-image-1712\" \/><\/figure>\n\n\n\n<figure class=\"wp-block-image\"><img decoding=\"async\" src=\"https:\/\/paramate2.wordpress.com\/wp-content\/uploads\/2022\/02\/image-452.png?w=764\" alt=\"\" class=\"wp-image-1713\" \/><\/figure>\n\n\n\n<figure class=\"wp-block-image\"><img decoding=\"async\" src=\"https:\/\/paramate2.wordpress.com\/wp-content\/uploads\/2022\/02\/image-453.png?w=759\" alt=\"\" class=\"wp-image-1714\" \/><\/figure>\n\n\n\n<figure class=\"wp-block-image\"><img decoding=\"async\" src=\"https:\/\/paramate2.wordpress.com\/wp-content\/uploads\/2022\/02\/image-454.png?w=775\" alt=\"\" class=\"wp-image-1715\" \/><\/figure>\n\n\n\n<figure class=\"wp-block-image\"><img decoding=\"async\" src=\"https:\/\/paramate2.wordpress.com\/wp-content\/uploads\/2022\/02\/image-455.png?w=756\" alt=\"\" class=\"wp-image-1716\" \/><\/figure>\n\n\n\n<figure class=\"wp-block-image\"><img decoding=\"async\" src=\"https:\/\/paramate2.wordpress.com\/wp-content\/uploads\/2022\/02\/image-456.png?w=762\" alt=\"\" class=\"wp-image-1717\" \/><\/figure>\n\n\n\n<figure class=\"wp-block-image\"><img decoding=\"async\" src=\"https:\/\/paramate2.wordpress.com\/wp-content\/uploads\/2022\/02\/image-457.png?w=344\" alt=\"\" class=\"wp-image-1719\" \/><\/figure>\n\n\n\n<figure class=\"wp-block-image\"><img decoding=\"async\" src=\"https:\/\/paramate2.wordpress.com\/wp-content\/uploads\/2022\/02\/image-458.png?w=812\" alt=\"\" class=\"wp-image-1720\" \/><\/figure>\n\n\n\n<figure class=\"wp-block-image\"><img decoding=\"async\" src=\"https:\/\/paramate2.wordpress.com\/wp-content\/uploads\/2022\/02\/image-459.png?w=793\" alt=\"\" class=\"wp-image-1722\" \/><\/figure>\n\n\n\n<figure class=\"wp-block-image\"><img decoding=\"async\" src=\"https:\/\/paramate2.wordpress.com\/wp-content\/uploads\/2022\/02\/image-460.png?w=770\" alt=\"\" class=\"wp-image-1723\" \/><\/figure>\n\n\n\n<figure class=\"wp-block-image\"><img decoding=\"async\" src=\"https:\/\/paramate2.wordpress.com\/wp-content\/uploads\/2022\/02\/image-461.png?w=768\" alt=\"\" class=\"wp-image-1724\" \/><\/figure>\n\n\n\n<figure class=\"wp-block-image\"><img decoding=\"async\" src=\"https:\/\/paramate2.wordpress.com\/wp-content\/uploads\/2022\/02\/image-462.png?w=767\" alt=\"\" class=\"wp-image-1725\" \/><\/figure>\n\n\n\n<figure class=\"wp-block-image\"><img decoding=\"async\" src=\"https:\/\/paramate2.wordpress.com\/wp-content\/uploads\/2022\/02\/image-463.png?w=780\" alt=\"\" class=\"wp-image-1727\" \/><\/figure>\n\n\n\n<figure class=\"wp-block-image\"><img decoding=\"async\" src=\"https:\/\/paramate2.wordpress.com\/wp-content\/uploads\/2022\/02\/image-464.png?w=757\" alt=\"\" class=\"wp-image-1728\" \/><\/figure>\n\n\n\n<figure class=\"wp-block-image\"><img decoding=\"async\" src=\"https:\/\/paramate2.wordpress.com\/wp-content\/uploads\/2022\/02\/image-465.png?w=813\" alt=\"\" class=\"wp-image-1729\" \/><\/figure>\n\n\n\n<figure class=\"wp-block-image\"><img decoding=\"async\" src=\"https:\/\/paramate2.wordpress.com\/wp-content\/uploads\/2022\/02\/image-466.png?w=604\" alt=\"\" class=\"wp-image-1730\" \/><\/figure>\n\n\n\n<figure class=\"wp-block-image\"><img decoding=\"async\" src=\"https:\/\/paramate2.wordpress.com\/wp-content\/uploads\/2022\/02\/image-467.png?w=417\" alt=\"\" class=\"wp-image-1732\" \/><\/figure>\n\n\n\n<figure class=\"wp-block-image\"><img decoding=\"async\" src=\"https:\/\/paramate2.wordpress.com\/wp-content\/uploads\/2022\/02\/image-468.png?w=766\" alt=\"\" class=\"wp-image-1733\" \/><\/figure>\n\n\n\n<figure class=\"wp-block-image\"><img decoding=\"async\" src=\"https:\/\/paramate2.wordpress.com\/wp-content\/uploads\/2022\/02\/image-469.png?w=571\" alt=\"\" class=\"wp-image-1734\" \/><\/figure>\n\n\n\n<figure class=\"wp-block-image\"><img decoding=\"async\" src=\"https:\/\/paramate2.wordpress.com\/wp-content\/uploads\/2022\/02\/image-470.png?w=753\" alt=\"\" class=\"wp-image-1735\" \/><\/figure>\n\n\n\n<p>Esta es la ecuaci\u00f3n diferencial que se esperaba.<\/p>\n\n\n\n<h2 id=\"tarea\">Autoevaluaci\u00f3n<\/h2>\n\n\n<div class=\"wp-block-image\">\n<figure class=\"aligncenter\"><img decoding=\"async\" src=\"https:\/\/paramate2.wordpress.com\/wp-content\/uploads\/2022\/02\/image-449.png?w=623\" alt=\"\" class=\"wp-image-1708\" \/><\/figure><\/div>\n\n<div class=\"wp-block-image\">\n<figure class=\"aligncenter is-resized\"><a href=\"https:\/\/blogceta.zaragoza.unam.mx\/mnumericos\/m2\/m2l31\"><img decoding=\"async\" loading=\"lazy\" src=\"https:\/\/paramate2.wordpress.com\/wp-content\/uploads\/2021\/02\/5e95d-siguiente.png?w=533\" alt=\"\" class=\"wp-image-302\" width=\"177\" height=\"131\" \/><\/a><\/figure><\/div>","protected":false},"excerpt":{"rendered":"<p>Lecci\u00f3n 30 Homogeneidad Esta es la ecuaci\u00f3n diferencial que se esperaba. Autoevaluaci\u00f3n<\/p>\n","protected":false},"author":123458,"featured_media":0,"parent":7208,"menu_order":30,"comment_status":"closed","ping_status":"closed","template":"","meta":{"_bbp_topic_count":0,"_bbp_reply_count":0,"_bbp_total_topic_count":0,"_bbp_total_reply_count":0,"_bbp_voice_count":0,"_bbp_anonymous_reply_count":0,"_bbp_topic_count_hidden":0,"_bbp_reply_count_hidden":0,"_bbp_forum_subforum_count":0},"_links":{"self":[{"href":"https:\/\/blogceta.zaragoza.unam.mx\/mnumericos\/wp-json\/wp\/v2\/pages\/6476"}],"collection":[{"href":"https:\/\/blogceta.zaragoza.unam.mx\/mnumericos\/wp-json\/wp\/v2\/pages"}],"about":[{"href":"https:\/\/blogceta.zaragoza.unam.mx\/mnumericos\/wp-json\/wp\/v2\/types\/page"}],"author":[{"embeddable":true,"href":"https:\/\/blogceta.zaragoza.unam.mx\/mnumericos\/wp-json\/wp\/v2\/users\/123458"}],"replies":[{"embeddable":true,"href":"https:\/\/blogceta.zaragoza.unam.mx\/mnumericos\/wp-json\/wp\/v2\/comments?post=6476"}],"version-history":[{"count":3,"href":"https:\/\/blogceta.zaragoza.unam.mx\/mnumericos\/wp-json\/wp\/v2\/pages\/6476\/revisions"}],"predecessor-version":[{"id":6506,"href":"https:\/\/blogceta.zaragoza.unam.mx\/mnumericos\/wp-json\/wp\/v2\/pages\/6476\/revisions\/6506"}],"up":[{"embeddable":true,"href":"https:\/\/blogceta.zaragoza.unam.mx\/mnumericos\/wp-json\/wp\/v2\/pages\/7208"}],"wp:attachment":[{"href":"https:\/\/blogceta.zaragoza.unam.mx\/mnumericos\/wp-json\/wp\/v2\/media?parent=6476"}],"curies":[{"name":"wp","href":"https:\/\/api.w.org\/{rel}","templated":true}]}}