{"id":6466,"date":"2024-11-21T12:16:52","date_gmt":"2024-11-21T18:16:52","guid":{"rendered":"https:\/\/blogceta.zaragoza.unam.mx\/mnumericos\/?page_id=6466"},"modified":"2025-12-02T13:21:06","modified_gmt":"2025-12-02T19:21:06","slug":"m2l27","status":"publish","type":"page","link":"https:\/\/blogceta.zaragoza.unam.mx\/mnumericos\/lecciones-m2\/m2l27\/","title":{"rendered":"m2l27"},"content":{"rendered":"\n<h2>Lecci\u00f3n 27. <\/h2>\n\n\n\n<h2 class=\"has-text-align-center\">Origen de las ecuaciones diferenciales<\/h2>\n\n\n\n<figure class=\"wp-block-image\"><img decoding=\"async\" src=\"https:\/\/paramate2.wordpress.com\/wp-content\/uploads\/2022\/02\/image-390.png?w=814\" alt=\"\" class=\"wp-image-1616\" \/><\/figure>\n\n\n\n<figure class=\"wp-block-image\"><img decoding=\"async\" src=\"https:\/\/paramate2.wordpress.com\/wp-content\/uploads\/2022\/02\/image-391.png?w=725\" alt=\"\" class=\"wp-image-1617\" \/><\/figure>\n\n\n\n<figure class=\"wp-block-image\"><img decoding=\"async\" src=\"https:\/\/paramate2.wordpress.com\/wp-content\/uploads\/2022\/02\/image-392.png?w=771\" alt=\"\" class=\"wp-image-1618\" \/><\/figure>\n\n\n\n<figure class=\"wp-block-image\"><img decoding=\"async\" src=\"https:\/\/paramate2.wordpress.com\/wp-content\/uploads\/2022\/02\/image-393.png?w=773\" alt=\"\" class=\"wp-image-1620\" \/><\/figure>\n\n\n\n<figure class=\"wp-block-image\"><img decoding=\"async\" src=\"https:\/\/paramate2.wordpress.com\/wp-content\/uploads\/2022\/02\/image-394.png?w=734\" alt=\"\" class=\"wp-image-1621\" \/><\/figure>\n\n\n\n<figure class=\"wp-block-image\"><img decoding=\"async\" src=\"https:\/\/paramate2.wordpress.com\/wp-content\/uploads\/2022\/02\/image-395.png?w=611\" alt=\"\" class=\"wp-image-1622\" \/><\/figure>\n\n\n\n<figure class=\"wp-block-image\"><img decoding=\"async\" src=\"https:\/\/paramate2.wordpress.com\/wp-content\/uploads\/2022\/02\/image-396.png?w=767\" alt=\"\" class=\"wp-image-1625\" \/><\/figure>\n\n\n\n<figure class=\"wp-block-image\"><img decoding=\"async\" src=\"https:\/\/paramate2.wordpress.com\/wp-content\/uploads\/2022\/02\/image-397.png?w=713\" alt=\"\" class=\"wp-image-1626\" \/><\/figure>\n\n\n\n<h2 id=\"aplicacion-de-las-ecuaciones-diferenciales\"><strong>Aplicaci\u00f3n de las ecuaciones diferenciales<\/strong><\/h2>\n\n\n\n<figure class=\"wp-block-image\"><img decoding=\"async\" src=\"https:\/\/paramate2.wordpress.com\/wp-content\/uploads\/2022\/02\/image-398.png?w=821\" alt=\"\" class=\"wp-image-1627\" \/><\/figure>\n\n\n\n<figure class=\"wp-block-image\"><img decoding=\"async\" src=\"https:\/\/paramate2.wordpress.com\/wp-content\/uploads\/2022\/02\/image-399.png?w=819\" alt=\"\" class=\"wp-image-1629\" \/><\/figure>\n\n\n\n<figure class=\"wp-block-image\"><img decoding=\"async\" src=\"https:\/\/paramate2.wordpress.com\/wp-content\/uploads\/2022\/02\/image-400.png?w=844\" alt=\"\" class=\"wp-image-1630\" \/><\/figure>\n\n\n\n<figure class=\"wp-block-image\"><img decoding=\"async\" src=\"https:\/\/paramate2.wordpress.com\/wp-content\/uploads\/2022\/02\/image-401.png?w=824\" alt=\"\" class=\"wp-image-1631\" \/><\/figure>\n\n\n\n<h2 id=\"problema-de-valor-inicial\"><strong>Problema de valor inicial<\/strong><\/h2>\n\n\n\n<figure class=\"wp-block-image\"><img decoding=\"async\" src=\"https:\/\/paramate2.wordpress.com\/wp-content\/uploads\/2022\/02\/image-402.png?w=821\" alt=\"\" class=\"wp-image-1633\" \/><\/figure>\n\n\n\n<h2 id=\"tarea\">Autoevaluaci\u00f3n<\/h2>\n\n\n\n<figure class=\"wp-block-image\"><img decoding=\"async\" src=\"https:\/\/paramate2.wordpress.com\/wp-content\/uploads\/2022\/02\/image-403.png?w=839\" alt=\"\" class=\"wp-image-1634\" \/><\/figure>\n\n\n\n<figure class=\"wp-block-image\"><img decoding=\"async\" src=\"https:\/\/paramate2.wordpress.com\/wp-content\/uploads\/2022\/02\/image-404.png?w=831\" alt=\"\" class=\"wp-image-1635\" \/><\/figure>\n\n\n<div class=\"wp-block-image\">\n<figure class=\"aligncenter is-resized\"><a href=\"https:\/\/blogceta.zaragoza.unam.mx\/mnumericos\/m2\/m2l28\/\"><img decoding=\"async\" loading=\"lazy\" src=\"https:\/\/paramate2.wordpress.com\/wp-content\/uploads\/2021\/02\/5e95d-siguiente.png?w=533\" alt=\"\" class=\"wp-image-302\" width=\"177\" height=\"131\" \/><\/a><\/figure><\/div>","protected":false},"excerpt":{"rendered":"<p>Lecci\u00f3n 27. Origen de las ecuaciones diferenciales Aplicaci\u00f3n de las ecuaciones diferenciales Problema de valor inicial Autoevaluaci\u00f3n<\/p>\n","protected":false},"author":123458,"featured_media":0,"parent":7208,"menu_order":27,"comment_status":"closed","ping_status":"closed","template":"","meta":{"_bbp_topic_count":0,"_bbp_reply_count":0,"_bbp_total_topic_count":0,"_bbp_total_reply_count":0,"_bbp_voice_count":0,"_bbp_anonymous_reply_count":0,"_bbp_topic_count_hidden":0,"_bbp_reply_count_hidden":0,"_bbp_forum_subforum_count":0},"_links":{"self":[{"href":"https:\/\/blogceta.zaragoza.unam.mx\/mnumericos\/wp-json\/wp\/v2\/pages\/6466"}],"collection":[{"href":"https:\/\/blogceta.zaragoza.unam.mx\/mnumericos\/wp-json\/wp\/v2\/pages"}],"about":[{"href":"https:\/\/blogceta.zaragoza.unam.mx\/mnumericos\/wp-json\/wp\/v2\/types\/page"}],"author":[{"embeddable":true,"href":"https:\/\/blogceta.zaragoza.unam.mx\/mnumericos\/wp-json\/wp\/v2\/users\/123458"}],"replies":[{"embeddable":true,"href":"https:\/\/blogceta.zaragoza.unam.mx\/mnumericos\/wp-json\/wp\/v2\/comments?post=6466"}],"version-history":[{"count":2,"href":"https:\/\/blogceta.zaragoza.unam.mx\/mnumericos\/wp-json\/wp\/v2\/pages\/6466\/revisions"}],"predecessor-version":[{"id":6492,"href":"https:\/\/blogceta.zaragoza.unam.mx\/mnumericos\/wp-json\/wp\/v2\/pages\/6466\/revisions\/6492"}],"up":[{"embeddable":true,"href":"https:\/\/blogceta.zaragoza.unam.mx\/mnumericos\/wp-json\/wp\/v2\/pages\/7208"}],"wp:attachment":[{"href":"https:\/\/blogceta.zaragoza.unam.mx\/mnumericos\/wp-json\/wp\/v2\/media?parent=6466"}],"curies":[{"name":"wp","href":"https:\/\/api.w.org\/{rel}","templated":true}]}}