{"id":5845,"date":"2024-11-22T11:09:56","date_gmt":"2024-11-22T17:09:56","guid":{"rendered":"https:\/\/blogceta.zaragoza.unam.mx\/mnumericos\/?page_id=5845"},"modified":"2025-11-27T14:19:56","modified_gmt":"2025-11-27T20:19:56","slug":"mn0f","status":"publish","type":"page","link":"https:\/\/blogceta.zaragoza.unam.mx\/mnumericos\/mn\/antecedentes\/mn0f\/","title":{"rendered":"mn0f Teoremas"},"content":{"rendered":"\n<ol>\n<li>Teorema del Factor<\/li>\n\n\n\n<li>Teorema del Residuo<\/li>\n\n\n\n<li>Teorema fundamental del \u00e1lgebra<\/li>\n\n\n\n<li>Teorema de Abel<\/li>\n\n\n\n<li>Regla de Descartes<\/li>\n<\/ol>\n\n\n\n<h2>Teorema del factor<\/h2>\n\n\n\n<p>En \u00e1lgebra, el teorema del factor\u00a0<strong>sirve para encontrar los factores de un polinomio<\/strong>. Es un caso especial del teorema del resto. Este polinomio y=-x<sup>4<\/sup>+3x<sup>3<\/sup>-4x, con ra\u00edces en:  x=-1,  x=0 y  x=2 Se factoriza como -(x+1)(x)(x-2)<sup>2<\/sup>.<\/p>\n\n\n\n<p>Si a = -1,  f(a) = f(-1) = &#8211; (-1)<sup>4<\/sup> + 3(-1)<sup>3<\/sup> &#8211; 4(-1) = &#8211; 1 &#8211; 3 + 4 = 0<\/p>\n\n\n\n<p>Dividiendo a y=-x<sup>4<\/sup>+3x<sup>3<\/sup>-4x, con (x &#8211; a) se obtiene como residuo 0.<\/p>\n\n\n\n<figure class=\"wp-block-image size-full\"><img decoding=\"async\" loading=\"lazy\" width=\"370\" height=\"243\" src=\"https:\/\/blogceta.zaragoza.unam.mx\/mnumericos\/wp-content\/uploads\/sites\/89\/2025\/11\/imagen.png\" alt=\"\" class=\"wp-image-6980\" srcset=\"https:\/\/blogceta.zaragoza.unam.mx\/mnumericos\/wp-content\/uploads\/sites\/89\/2025\/11\/imagen.png 370w, https:\/\/blogceta.zaragoza.unam.mx\/mnumericos\/wp-content\/uploads\/sites\/89\/2025\/11\/imagen-300x197.png 300w\" sizes=\"(max-width: 370px) 100vw, 370px\" \/><\/figure>\n\n\n\n<h2>Teorema del residuo<\/h2>\n\n\n\n<p>Y el teorema del residuo establece que\u00a0<strong>si un polinomio de x, f(x) , se divide entre (x \u2013 a) , donde a es cualquier n\u00famero real o complejo, entonces el residuo es f(a)<\/strong>\u00a0. Esto significa que para encontrar el residuo cuando un polinomio es dividido entre un binomio el valor de x es igual al valor a, o f(x) = f(a) .<\/p>\n\n\n\n<p>con a = 3, f(x) = f(3) =  &#8211; (3)<sup>4<\/sup> + 3(3)<sup>3<\/sup> &#8211; 4(3) = &#8211; 81 + 81 &#8211; 12 = &#8211; 12<\/p>\n\n\n<div class=\"wp-block-image\">\n<figure class=\"aligncenter size-full\"><img decoding=\"async\" loading=\"lazy\" width=\"320\" height=\"167\" src=\"https:\/\/blogceta.zaragoza.unam.mx\/mnumericos\/wp-content\/uploads\/sites\/89\/2025\/11\/imagen-2.png\" alt=\"\" class=\"wp-image-6982\" srcset=\"https:\/\/blogceta.zaragoza.unam.mx\/mnumericos\/wp-content\/uploads\/sites\/89\/2025\/11\/imagen-2.png 320w, https:\/\/blogceta.zaragoza.unam.mx\/mnumericos\/wp-content\/uploads\/sites\/89\/2025\/11\/imagen-2-300x157.png 300w\" sizes=\"(max-width: 320px) 100vw, 320px\" \/><\/figure><\/div>\n\n\n<h2>Teorema fundamental del \u00e1lgebra<\/h2>\n\n\n\n<p>El\u00a0teorema fundamental del \u00e1lgebra\u00a0establece que &#8220;Una funci\u00f3n polinomial de grado n\u00a0<sup>th<\/sup>\u00a0tiene exactamente n ceros en el conjunto de n\u00fameros complejos, contando ceros repetidos .&#8221; Iguale g ( x ) = 0 y factorice los n\u00fameros complejos para encontrar los ceros.<\/p>\n\n\n<div class=\"wp-block-image\">\n<figure class=\"aligncenter size-full\"><img decoding=\"async\" loading=\"lazy\" width=\"314\" height=\"204\" src=\"https:\/\/blogceta.zaragoza.unam.mx\/mnumericos\/wp-content\/uploads\/sites\/89\/2023\/08\/imagen-97.png\" alt=\"\" class=\"wp-image-5861\" srcset=\"https:\/\/blogceta.zaragoza.unam.mx\/mnumericos\/wp-content\/uploads\/sites\/89\/2023\/08\/imagen-97.png 314w, https:\/\/blogceta.zaragoza.unam.mx\/mnumericos\/wp-content\/uploads\/sites\/89\/2023\/08\/imagen-97-300x195.png 300w\" sizes=\"(max-width: 314px) 100vw, 314px\" \/><\/figure><\/div>\n\n\n<h2>Teorema de Abel<\/h2>\n\n\n\n<p>El teorema de Abel, &nbsp;<strong>afirma que no existe una combinaci\u00f3n finita de radicales y funciones racionales que solucionen la ecuaci\u00f3n algebraica gen\u00e9rica de grado 5 (o mayor que 5)<\/strong>, es uno de los primeros y m\u00e1s importantes resultados de imposibilidad en matem\u00e1ticas.\u201d<\/p>\n\n\n\n<h2>Regla de Descartes<\/h2>\n\n\n\n<p>La regla de los signos de Descartes nos ayuda a&nbsp;<strong>identificar el n\u00famero posible de ra\u00edces reales de un polinomio p (x) sin graficar o resolverlas realmente<\/strong>.  Esta regla no proporciona el n\u00famero exacto de ra\u00edces del polinomio ni identifica las ra\u00edces del polinomio. Por ejemplo, <img decoding=\"async\" src=\"https:\/\/wikimedia.org\/api\/rest_v1\/media\/math\/render\/svg\/9a3a4b22e12d6cd40f99884dc17a071c842f9655\" alt=\"{\\displaystyle x^{3}+x^{2}-x-1\\,}\"><\/p>\n\n\n\n<p>Tiene un cambio de signo entre el segundo y el tercer t\u00e9rmino. Por tanto existe solamente una ra\u00edz positiva seg\u00fan Descartes.<\/p>\n\n\n\n<p>Las ra\u00edces son  1, -1 y -1. <\/p>\n\n\n\n<figure class=\"wp-block-image size-full\"><img decoding=\"async\" loading=\"lazy\" width=\"630\" height=\"444\" src=\"https:\/\/blogceta.zaragoza.unam.mx\/mnumericos\/wp-content\/uploads\/sites\/89\/2025\/11\/imagen-3.png\" alt=\"\" class=\"wp-image-6983\" srcset=\"https:\/\/blogceta.zaragoza.unam.mx\/mnumericos\/wp-content\/uploads\/sites\/89\/2025\/11\/imagen-3.png 630w, https:\/\/blogceta.zaragoza.unam.mx\/mnumericos\/wp-content\/uploads\/sites\/89\/2025\/11\/imagen-3-300x211.png 300w\" sizes=\"(max-width: 630px) 100vw, 630px\" \/><\/figure>\n","protected":false},"excerpt":{"rendered":"<p>Teorema del factor En \u00e1lgebra, el teorema del factor\u00a0sirve para encontrar los factores de un polinomio. Es un caso especial del teorema del resto. Este polinomio y=-x4+3&#215;3-4x, con ra\u00edces en: x=-1, x=0 y x=2 Se factoriza como -(x+1)(x)(x-2)2. Si a = -1, f(a) = f(-1) = &#8211; (-1)4 + 3(-1)3 &#8211; 4(-1) = &#8211; 1 &hellip; <a href=\"https:\/\/blogceta.zaragoza.unam.mx\/mnumericos\/mn\/antecedentes\/mn0f\/\" class=\"more-link\">Contin\u00faa leyendo <span class=\"screen-reader-text\">mn0f Teoremas<\/span><\/a><\/p>\n","protected":false},"author":123458,"featured_media":0,"parent":4236,"menu_order":6,"comment_status":"closed","ping_status":"closed","template":"","meta":{"_bbp_topic_count":0,"_bbp_reply_count":0,"_bbp_total_topic_count":0,"_bbp_total_reply_count":0,"_bbp_voice_count":0,"_bbp_anonymous_reply_count":0,"_bbp_topic_count_hidden":0,"_bbp_reply_count_hidden":0,"_bbp_forum_subforum_count":0},"_links":{"self":[{"href":"https:\/\/blogceta.zaragoza.unam.mx\/mnumericos\/wp-json\/wp\/v2\/pages\/5845"}],"collection":[{"href":"https:\/\/blogceta.zaragoza.unam.mx\/mnumericos\/wp-json\/wp\/v2\/pages"}],"about":[{"href":"https:\/\/blogceta.zaragoza.unam.mx\/mnumericos\/wp-json\/wp\/v2\/types\/page"}],"author":[{"embeddable":true,"href":"https:\/\/blogceta.zaragoza.unam.mx\/mnumericos\/wp-json\/wp\/v2\/users\/123458"}],"replies":[{"embeddable":true,"href":"https:\/\/blogceta.zaragoza.unam.mx\/mnumericos\/wp-json\/wp\/v2\/comments?post=5845"}],"version-history":[{"count":7,"href":"https:\/\/blogceta.zaragoza.unam.mx\/mnumericos\/wp-json\/wp\/v2\/pages\/5845\/revisions"}],"predecessor-version":[{"id":6984,"href":"https:\/\/blogceta.zaragoza.unam.mx\/mnumericos\/wp-json\/wp\/v2\/pages\/5845\/revisions\/6984"}],"up":[{"embeddable":true,"href":"https:\/\/blogceta.zaragoza.unam.mx\/mnumericos\/wp-json\/wp\/v2\/pages\/4236"}],"wp:attachment":[{"href":"https:\/\/blogceta.zaragoza.unam.mx\/mnumericos\/wp-json\/wp\/v2\/media?parent=5845"}],"curies":[{"name":"wp","href":"https:\/\/api.w.org\/{rel}","templated":true}]}}