{"id":5756,"date":"2024-11-22T11:07:44","date_gmt":"2024-11-22T17:07:44","guid":{"rendered":"https:\/\/blogceta.zaragoza.unam.mx\/mnumericos\/?page_id=5756"},"modified":"2024-11-22T11:07:44","modified_gmt":"2024-11-22T17:07:44","slug":"mn2b","status":"publish","type":"page","link":"https:\/\/blogceta.zaragoza.unam.mx\/mnumericos\/unidad-2\/mn2b\/","title":{"rendered":"mn2b Bisecci\u00f3n"},"content":{"rendered":"\n<p><strong>M\u00c9TODOS QUE EMPLEAN INTERVALOS.<\/strong><\/p>\n\n\n\n<p>Una funci\u00f3n cambia de signo en la vecindad de una ra\u00edz real, estas t\u00e9cnicas reciben el nombre de m\u00e9todos que emplean intervalos porque se requiere de valores iniciales para hallar la ra\u00edz;&nbsp; esto es, entre dos valores se localiza la ra\u00edz.&nbsp; Se pueden usar diferentes estrategias para reducir sistem\u00e1ticamente el tama\u00f1o del intervalo y de esta manera converger a la respuesta correcta.<\/p>\n\n\n\n<p>La mayor\u00eda de las t\u00e9cnicas para aproximar una ra\u00edz de una ecuaci\u00f3n requieren que empiece con una estimaci\u00f3n previa de la localizaci\u00f3n de la ra\u00edz.&nbsp; De la teor\u00eda de las funciones continuas podemos considerar el Teorema del Valor Intermedio el cual se usa con frecuencia para obtener una estimaci\u00f3n preliminar.<\/p>\n\n\n\n<p>TEOREMA. Si f(x) es continua en el intervalo , y si f(a) y f(b) tienen signos opuestos, entonces la ecuaci\u00f3n f(x) = 0 tiene&nbsp; al menos una ra\u00edz entre x = a y x= b.<\/p>\n\n\n<div class=\"wp-block-image\">\n<figure class=\"aligncenter\"><img decoding=\"async\" src=\"https:\/\/minumero.files.wordpress.com\/2020\/04\/meto1.png?w=750\" alt=\"meto1\" class=\"wp-image-370\" \/><\/figure><\/div>\n\n\n<p>Este m\u00e9todo requiere de dos valores iniciales a=x1 y b=x2 con la condici\u00f3n de que la funci\u00f3n evaluada en cada punto sean de signos opuestos. Esto es, f(x1) es positiva y f(x2) es negativa, al existir el cambio de signo, forzosamente si la funci\u00f3n es continua, entonces en cierto punto la funci\u00f3n debe ser cero y en este punto se encuentra una ra\u00edz o soluci\u00f3n de la funci\u00f3n. Lo mismo se aplica para una funci\u00f3n creciente.<\/p>\n\n\n<div class=\"wp-block-image\">\n<figure class=\"aligncenter\"><img decoding=\"async\" src=\"https:\/\/minumero.files.wordpress.com\/2020\/04\/meto2.png?w=750\" alt=\"meto2\" class=\"wp-image-373\" \/><\/figure><\/div>\n\n\n<figure class=\"wp-block-table\"><table><tbody><tr><td><strong>EL TEOREMA DEL VALOR INTERMEDIO.<\/strong><\/td><\/tr><\/tbody><\/table><\/figure>\n\n\n\n<p>Ahora vamos a emplear este teorema en un ejemplo para estimar la localizaci\u00f3n de las ra\u00edces. Consideremos la funci\u00f3n<\/p>\n\n\n\n<figure class=\"wp-block-image\"><img decoding=\"async\" src=\"https:\/\/minumero.files.wordpress.com\/2020\/04\/meto3.png?w=750\" alt=\"meto3\" class=\"wp-image-375\" \/><\/figure>\n\n\n\n<p>DEMOSTRACI\u00d3N.<\/p>\n\n\n\n<p>Obtenemos la gr\u00e1fica de esta funci\u00f3n con ayuda de la localizaci\u00f3n de m\u00e1ximos y m\u00ednimos empleando el criterio de la primera derivada.<\/p>\n\n\n\n<figure class=\"wp-block-image\"><img decoding=\"async\" src=\"https:\/\/minumero.files.wordpress.com\/2020\/04\/meto4.png?w=750\" alt=\"meto4\" class=\"wp-image-376\" \/><\/figure>\n\n\n\n<p>Al realizar la gr\u00e1fica vemos que la ecuaci\u00f3n tiene solo una ra\u00edz.<\/p>\n\n\n<div class=\"wp-block-image\">\n<figure class=\"aligncenter\"><img decoding=\"async\" src=\"https:\/\/minumero.files.wordpress.com\/2020\/04\/meto2.png?w=750\" alt=\"meto2\" class=\"wp-image-373\" \/><\/figure><\/div>\n\n<div class=\"wp-block-image\">\n<figure class=\"aligncenter\"><img decoding=\"async\" src=\"https:\/\/minumero.files.wordpress.com\/2020\/04\/meto5.png?w=750\" alt=\"meto5\" class=\"wp-image-377\" \/><\/figure><\/div>\n\n<div class=\"wp-block-image\">\n<figure class=\"aligncenter\"><img decoding=\"async\" src=\"https:\/\/minumero.files.wordpress.com\/2020\/04\/meto6.png?w=750\" alt=\"meto6\" class=\"wp-image-378\" \/><\/figure><\/div>\n\n<div class=\"wp-block-image\">\n<figure class=\"aligncenter\"><img decoding=\"async\" src=\"https:\/\/minumero.files.wordpress.com\/2020\/04\/meto7.png?w=750\" alt=\"meto7\" class=\"wp-image-379\" \/><\/figure><\/div>\n\n<div class=\"wp-block-image\">\n<figure class=\"aligncenter\"><img decoding=\"async\" src=\"https:\/\/minumero.files.wordpress.com\/2020\/04\/meto8-1.png?w=750\" alt=\"meto8\" class=\"wp-image-382\" \/><\/figure><\/div>\n\n\n<p>El m\u00e9todo consiste en que el siguiente dato de aproximaci\u00f3n se obtiene al promediar ambos datos previos.<\/p>\n\n\n\n<p>x3 = (x1 + x2) \/ 2<\/p>\n\n\n\n<p>El valor de la funci\u00f3n en este punto reduce el intervalo de b\u00fasqueda al descartar el dato m\u00e1s lejano de la ra\u00edz. Siempre debe existir un cambio de signo en las funciones evaluadas.<\/p>\n\n\n\n<p>Ejemplo.<\/p>\n\n\n\n<p>&nbsp;Hallar la ra\u00edz positiva de la funci\u00f3n f(x) = x^3 + 2x^2 \u2013 8x \u2013 4<\/p>\n\n\n\n<figure class=\"wp-block-table has-small-font-size\" style=\"font-style:normal;font-weight:100\"><table><tbody><tr><td class=\"has-text-align-center\" data-align=\"center\">x1<\/td><td class=\"has-text-align-center\" data-align=\"center\">x2<\/td><td class=\"has-text-align-center\" data-align=\"center\">x3<\/td><td class=\"has-text-align-center\" data-align=\"center\">f(x1)<\/td><td class=\"has-text-align-center\" data-align=\"center\">f(x2)<\/td><td class=\"has-text-align-center\" data-align=\"center\">f(x3)<\/td><td class=\"has-text-align-center\" data-align=\"center\">f3 * f1<\/td><td class=\"has-text-align-center\" data-align=\"center\">f3 * f2<\/td><\/tr><tr><td class=\"has-text-align-center\" data-align=\"center\">1<\/td><td class=\"has-text-align-center\" data-align=\"center\">3<\/td><td class=\"has-text-align-center\" data-align=\"center\">2<\/td><td class=\"has-text-align-center\" data-align=\"center\">-9<\/td><td class=\"has-text-align-center\" data-align=\"center\">17<\/td><td class=\"has-text-align-center\" data-align=\"center\">-4<\/td><td class=\"has-text-align-center\" data-align=\"center\">36<\/td><td class=\"has-text-align-center\" data-align=\"center\">-68<\/td><\/tr><tr><td class=\"has-text-align-center\" data-align=\"center\">2<\/td><td class=\"has-text-align-center\" data-align=\"center\">3<\/td><td class=\"has-text-align-center\" data-align=\"center\">2.5<\/td><td class=\"has-text-align-center\" data-align=\"center\">-4<\/td><td class=\"has-text-align-center\" data-align=\"center\">17<\/td><td class=\"has-text-align-center\" data-align=\"center\">4.125<\/td><td class=\"has-text-align-center\" data-align=\"center\">-16.5<\/td><td class=\"has-text-align-center\" data-align=\"center\">70.125<\/td><\/tr><tr><td class=\"has-text-align-center\" data-align=\"center\">2<\/td><td class=\"has-text-align-center\" data-align=\"center\">2.5<\/td><td class=\"has-text-align-center\" data-align=\"center\">2.25<\/td><td class=\"has-text-align-center\" data-align=\"center\">-4<\/td><td class=\"has-text-align-center\" data-align=\"center\">4.125<\/td><td class=\"has-text-align-center\" data-align=\"center\">-0.4843<\/td><td class=\"has-text-align-center\" data-align=\"center\">1.9375<\/td><td class=\"has-text-align-center\" data-align=\"center\">-1.998<\/td><\/tr><tr><td class=\"has-text-align-center\" data-align=\"center\">2.25<\/td><td class=\"has-text-align-center\" data-align=\"center\">2.5<\/td><td class=\"has-text-align-center\" data-align=\"center\">2.375<\/td><td class=\"has-text-align-center\" data-align=\"center\">-0.484<\/td><td class=\"has-text-align-center\" data-align=\"center\">4.125<\/td><td class=\"has-text-align-center\" data-align=\"center\">1.6777<\/td><td class=\"has-text-align-center\" data-align=\"center\">-0.8126<\/td><td class=\"has-text-align-center\" data-align=\"center\">6.920<\/td><\/tr><tr><td class=\"has-text-align-center\" data-align=\"center\">2.25<\/td><td class=\"has-text-align-center\" data-align=\"center\">2.375<\/td><td class=\"has-text-align-center\" data-align=\"center\">2.3125<\/td><td class=\"has-text-align-center\" data-align=\"center\">-0.484<\/td><td class=\"has-text-align-center\" data-align=\"center\">1.6778<\/td><td class=\"has-text-align-center\" data-align=\"center\">0.5617<\/td><td class=\"has-text-align-center\" data-align=\"center\">-0.2721<\/td><td class=\"has-text-align-center\" data-align=\"center\">0.9424<\/td><\/tr><tr><td class=\"has-text-align-center\" data-align=\"center\">2.25<\/td><td class=\"has-text-align-center\" data-align=\"center\">2.3125<\/td><td class=\"has-text-align-center\" data-align=\"center\">2.28125<\/td><td class=\"has-text-align-center\" data-align=\"center\">-0.484<\/td><td class=\"has-text-align-center\" data-align=\"center\">0.5617<\/td><td class=\"has-text-align-center\" data-align=\"center\">0.030<\/td><td class=\"has-text-align-center\" data-align=\"center\">-0.0145<\/td><td class=\"has-text-align-center\" data-align=\"center\">0.0168<\/td><\/tr><tr><td class=\"has-text-align-center\" data-align=\"center\">2.25<\/td><td class=\"has-text-align-center\" data-align=\"center\">2.28125<\/td><td class=\"has-text-align-center\" data-align=\"center\">2.265625<\/td><td class=\"has-text-align-center\" data-align=\"center\">-0.484<\/td><td class=\"has-text-align-center\" data-align=\"center\">0.03<\/td><td class=\"has-text-align-center\" data-align=\"center\">-0.2293<\/td><td class=\"has-text-align-center\" data-align=\"center\">0.1110<\/td><td class=\"has-text-align-center\" data-align=\"center\">-0.0068<\/td><\/tr><tr><td class=\"has-text-align-center\" data-align=\"center\">2.265625<\/td><td class=\"has-text-align-center\" data-align=\"center\">2.28125<\/td><td class=\"has-text-align-center\" data-align=\"center\">2.2734375<\/td><td class=\"has-text-align-center\" data-align=\"center\">-0.2293<\/td><td class=\"has-text-align-center\" data-align=\"center\">0.03<\/td><td class=\"has-text-align-center\" data-align=\"center\">-0.100<\/td><td class=\"has-text-align-center\" data-align=\"center\">0.0229<\/td><td class=\"has-text-align-center\" data-align=\"center\">-0.003<\/td><\/tr><tr><td class=\"has-text-align-center\" data-align=\"center\">2.27734<\/td><td class=\"has-text-align-center\" data-align=\"center\">2.28125<\/td><td class=\"has-text-align-center\" data-align=\"center\">2.27734375<\/td><td class=\"has-text-align-center\" data-align=\"center\">-0.1001<\/td><td class=\"has-text-align-center\" data-align=\"center\">0.03<\/td><td class=\"has-text-align-center\" data-align=\"center\">-0.0351<\/td><td class=\"has-text-align-center\" data-align=\"center\">0.0035<\/td><td class=\"has-text-align-center\" data-align=\"center\">-0.001<\/td><\/tr><tr><td class=\"has-text-align-center\" data-align=\"center\">2.27734<\/td><td class=\"has-text-align-center\" data-align=\"center\">2.28125<\/td><td class=\"has-text-align-center\" data-align=\"center\">2.27929688<\/td><td class=\"has-text-align-center\" data-align=\"center\">-0.0351<\/td><td class=\"has-text-align-center\" data-align=\"center\">0.03<\/td><td class=\"has-text-align-center\" data-align=\"center\">-0.0025<\/td><td class=\"has-text-align-center\" data-align=\"center\">9.1E-05<\/td><td class=\"has-text-align-center\" data-align=\"center\">-7.8E-05<\/td><\/tr><\/tbody><\/table><\/figure>\n\n\n\n<p>LA RA\u00cdZ BUSCADA ES X = 2.27734<\/p>\n\n\n\n<p>NOTA. Las dos \u00faltimas columnas indican el producto de las funciones para el extremo izquierdo y el extremo derecho, el valor positivo indica cu\u00e1l extremo se debe acortar.<\/p>\n\n\n\n<p><strong>EJERCICIO<\/strong><\/p>\n\n\n\n<p>Utilizar Excel o Matlab para desarrollar una secuencia de c\u00e1lculo que permita calcular la ra\u00edz a trav\u00e9s de un programa.<\/p>\n\n\n\n<p>SOLUCI\u00d3N<\/p>\n\n\n<div class=\"wp-block-image\">\n<figure class=\"aligncenter\"><img decoding=\"async\" src=\"https:\/\/minumero.files.wordpress.com\/2019\/09\/biseccion1.png?w=750\" alt=\"\" class=\"wp-image-172\" \/><\/figure><\/div>\n\n<div class=\"wp-block-image\">\n<figure class=\"aligncenter\"><img decoding=\"async\" src=\"https:\/\/minumero.files.wordpress.com\/2019\/09\/biseccion2.png?w=750\" alt=\"\" class=\"wp-image-173\" \/><\/figure><\/div>\n\n\n<div class=\"is-content-justification-center is-layout-flex wp-container-1 wp-block-buttons\">\n<div class=\"wp-block-button\"><a class=\"wp-block-button__link wp-element-button\" href=\"https:\/\/blogceta.zaragoza.unam.mx\/mnumericos\/unidad-2\/\">regresar<\/a><\/div>\n<\/div>\n","protected":false},"excerpt":{"rendered":"<p>M\u00c9TODOS QUE EMPLEAN INTERVALOS. Una funci\u00f3n cambia de signo en la vecindad de una ra\u00edz real, estas t\u00e9cnicas reciben el nombre de m\u00e9todos que emplean intervalos porque se requiere de valores iniciales para hallar la ra\u00edz;&nbsp; esto es, entre dos valores se localiza la ra\u00edz.&nbsp; Se pueden usar diferentes estrategias para reducir sistem\u00e1ticamente el tama\u00f1o &hellip; <a href=\"https:\/\/blogceta.zaragoza.unam.mx\/mnumericos\/unidad-2\/mn2b\/\" class=\"more-link\">Contin\u00faa leyendo <span class=\"screen-reader-text\">mn2b Bisecci\u00f3n<\/span><\/a><\/p>\n","protected":false},"author":123458,"featured_media":0,"parent":417,"menu_order":2,"comment_status":"closed","ping_status":"closed","template":"","meta":{"_bbp_topic_count":0,"_bbp_reply_count":0,"_bbp_total_topic_count":0,"_bbp_total_reply_count":0,"_bbp_voice_count":0,"_bbp_anonymous_reply_count":0,"_bbp_topic_count_hidden":0,"_bbp_reply_count_hidden":0,"_bbp_forum_subforum_count":0},"_links":{"self":[{"href":"https:\/\/blogceta.zaragoza.unam.mx\/mnumericos\/wp-json\/wp\/v2\/pages\/5756"}],"collection":[{"href":"https:\/\/blogceta.zaragoza.unam.mx\/mnumericos\/wp-json\/wp\/v2\/pages"}],"about":[{"href":"https:\/\/blogceta.zaragoza.unam.mx\/mnumericos\/wp-json\/wp\/v2\/types\/page"}],"author":[{"embeddable":true,"href":"https:\/\/blogceta.zaragoza.unam.mx\/mnumericos\/wp-json\/wp\/v2\/users\/123458"}],"replies":[{"embeddable":true,"href":"https:\/\/blogceta.zaragoza.unam.mx\/mnumericos\/wp-json\/wp\/v2\/comments?post=5756"}],"version-history":[{"count":5,"href":"https:\/\/blogceta.zaragoza.unam.mx\/mnumericos\/wp-json\/wp\/v2\/pages\/5756\/revisions"}],"predecessor-version":[{"id":5790,"href":"https:\/\/blogceta.zaragoza.unam.mx\/mnumericos\/wp-json\/wp\/v2\/pages\/5756\/revisions\/5790"}],"up":[{"embeddable":true,"href":"https:\/\/blogceta.zaragoza.unam.mx\/mnumericos\/wp-json\/wp\/v2\/pages\/417"}],"wp:attachment":[{"href":"https:\/\/blogceta.zaragoza.unam.mx\/mnumericos\/wp-json\/wp\/v2\/media?parent=5756"}],"curies":[{"name":"wp","href":"https:\/\/api.w.org\/{rel}","templated":true}]}}