{"id":5410,"date":"2024-11-22T14:35:31","date_gmt":"2024-11-22T20:35:31","guid":{"rendered":"https:\/\/blogceta.zaragoza.unam.mx\/mnumericos\/?page_id=5410"},"modified":"2024-11-22T14:35:31","modified_gmt":"2024-11-22T20:35:31","slug":"lecm23","status":"publish","type":"page","link":"https:\/\/blogceta.zaragoza.unam.mx\/mnumericos\/l-m\/lecm23\/","title":{"rendered":"lecm23 Men\u00fa de programas"},"content":{"rendered":"\n<p>Para integrar varios programas en uno s\u00f3lo que sirva como men\u00fa inicial se emplea la instrucci\u00f3n&nbsp;<em><strong>switch<\/strong>&nbsp;<\/em>y se complementa con el condicionante&nbsp;<strong><em>while<\/em><\/strong>. La toma de decisiones se realiza seg\u00fan sea el valor seleccionado de una lista de opciones. <\/p>\n\n\n\n<p>El programa siguiente aclara mejor lo aqu\u00ed establecido.<\/p>\n\n\n\n<pre class=\"wp-block-preformatted\">clear;clc;\ndisp(\u2018Calculo de lo que quieras en forma de men\u00fa\u2019)\nfprintf(\u2018\\n\\n\u2019)\ndisp(\u2018C\u00e1lculo del \u00e1rea de un objeto \u2018);\nmetodo = 1;\n\nwhile metodo\ndisp(\u2018 1) Tri\u00e1ngulo\u2019)\ndisp(\u2018 2) Rect\u00e1ngulo\u2019)\ndisp(\u2018 3) C\u00edrculo\u2019)\ndisp(\u2018 4) Salir\u2019)\nif metodo\nmetodo=input(\u2018\\n opci\u00f3n deseada ? \u2018);\nend\n\nswitch metodo\n\ncase 1\ndisp (\u2018C\u00e1lculo del \u00e1rea de un Tri\u00e1ngulo\u2019)\nb=input(\u2018base ?\u2019);\nh=input(\u2018altura ?\u2019);\narea=b*h\/2;\nfprintf(\u2018El \u00e1rea del Tri\u00e1ngulo es %f \\n\\n\u2019, area)\n\ncase 2\ndisp (\u2018C\u00e1lculo del \u00e1rea de un Rect\u00e1ngulo\u2019)\nb=input(\u2018base ?\u2019);\nh=input(\u2018altura ?\u2019);\narea=b*h;\nfprintf(\u2018El \u00e1rea del Rect\u00e1ngulo es %f \\n\\n\u2019,area)\n\ncase 3\ndisp (\u2018C\u00e1lculo del \u00e1rea de un C\u00edrculo\u2019)\nd=input(\u2018di\u00e1metro ?\u2019);\narea=pi*(d\/2)^2;\nfprintf(\u2018El \u00e1rea del C\u00edrculo es %f \\n\\n\u2019,area)\n\ncase 4\ndisp (\u2018saliendo\u2026.\u2019)\nbreak\nend\nend<\/pre>\n\n\n\n<div class=\"is-content-justification-center is-layout-flex wp-container-1 wp-block-buttons\">\n<div class=\"wp-block-button\"><a class=\"wp-block-button__link has-dark-gray-color has-bright-blue-background-color has-text-color has-background wp-element-button\" href=\"https:\/\/blogceta.zaragoza.unam.mx\/mnumericos\/l-m\/\">Lecciones<\/a><\/div>\n\n\n\n<div class=\"wp-block-button\"><a class=\"wp-block-button__link has-dark-gray-color has-yellow-background-color has-text-color has-background wp-element-button\" href=\"https:\/\/blogceta.zaragoza.unam.mx\/mnumericos\/lecm24\/\">siguiente lecci\u00f3n<\/a><\/div>\n<\/div>\n","protected":false},"excerpt":{"rendered":"<p>Para integrar varios programas en uno s\u00f3lo que sirva como men\u00fa inicial se emplea la instrucci\u00f3n&nbsp;switch&nbsp;y se complementa con el condicionante&nbsp;while. La toma de decisiones se realiza seg\u00fan sea el valor seleccionado de una lista de opciones. El programa siguiente aclara mejor lo aqu\u00ed establecido. clear;clc; disp(\u2018Calculo de lo que quieras en forma de men\u00fa\u2019) &hellip; <a href=\"https:\/\/blogceta.zaragoza.unam.mx\/mnumericos\/l-m\/lecm23\/\" class=\"more-link\">Contin\u00faa leyendo <span class=\"screen-reader-text\">lecm23 Men\u00fa de programas<\/span><\/a><\/p>\n","protected":false},"author":123458,"featured_media":0,"parent":5258,"menu_order":23,"comment_status":"closed","ping_status":"closed","template":"","meta":{"_bbp_topic_count":0,"_bbp_reply_count":0,"_bbp_total_topic_count":0,"_bbp_total_reply_count":0,"_bbp_voice_count":0,"_bbp_anonymous_reply_count":0,"_bbp_topic_count_hidden":0,"_bbp_reply_count_hidden":0,"_bbp_forum_subforum_count":0},"_links":{"self":[{"href":"https:\/\/blogceta.zaragoza.unam.mx\/mnumericos\/wp-json\/wp\/v2\/pages\/5410"}],"collection":[{"href":"https:\/\/blogceta.zaragoza.unam.mx\/mnumericos\/wp-json\/wp\/v2\/pages"}],"about":[{"href":"https:\/\/blogceta.zaragoza.unam.mx\/mnumericos\/wp-json\/wp\/v2\/types\/page"}],"author":[{"embeddable":true,"href":"https:\/\/blogceta.zaragoza.unam.mx\/mnumericos\/wp-json\/wp\/v2\/users\/123458"}],"replies":[{"embeddable":true,"href":"https:\/\/blogceta.zaragoza.unam.mx\/mnumericos\/wp-json\/wp\/v2\/comments?post=5410"}],"version-history":[{"count":5,"href":"https:\/\/blogceta.zaragoza.unam.mx\/mnumericos\/wp-json\/wp\/v2\/pages\/5410\/revisions"}],"predecessor-version":[{"id":5565,"href":"https:\/\/blogceta.zaragoza.unam.mx\/mnumericos\/wp-json\/wp\/v2\/pages\/5410\/revisions\/5565"}],"up":[{"embeddable":true,"href":"https:\/\/blogceta.zaragoza.unam.mx\/mnumericos\/wp-json\/wp\/v2\/pages\/5258"}],"wp:attachment":[{"href":"https:\/\/blogceta.zaragoza.unam.mx\/mnumericos\/wp-json\/wp\/v2\/media?parent=5410"}],"curies":[{"name":"wp","href":"https:\/\/api.w.org\/{rel}","templated":true}]}}