{"id":5400,"date":"2024-11-22T14:34:47","date_gmt":"2024-11-22T20:34:47","guid":{"rendered":"https:\/\/blogceta.zaragoza.unam.mx\/mnumericos\/?page_id=5400"},"modified":"2024-11-22T14:34:47","modified_gmt":"2024-11-22T20:34:47","slug":"lecm19","status":"publish","type":"page","link":"https:\/\/blogceta.zaragoza.unam.mx\/mnumericos\/l-m\/lecm19\/","title":{"rendered":"lecm19 Programas repetitivos"},"content":{"rendered":"\n<p>Este tipo de programas utiliza un contador que generalmente es i o j y se repite la tarea hasta alcanzar un n\u00famero determinado de repeticiones. Se puede iniciar desde uno y se termina hasta n c\u00e1lculos. Se utiliza el comando for para indicar el inicio del ciclo y se emplea end para indicar el termino del ciclo. El siguiente programa muestra una variante en el contador al utilizar la letra A may\u00fascula para establecer que es posible utilizar otra letra o palabra en lugar de i o j.<\/p>\n\n\n\n<p><strong>Programa 4. C\u00e1lculo de ra\u00edz de diez datos<\/strong><\/p>\n\n\n\n<pre class=\"wp-block-preformatted\">clear, clc\nformat compact;\ndisp ( ' ***** c\u00e1lculo de ra\u00edces de un n\u00famero ***** ')\nfor A=1:10;\nn(A)=A;\nraiz2(A) = sqrt(A);\nraiz3(A) = A^(1\/3);\nraiz4(A)= sqrt(sqrt(A));\nend\ntabla=[n' raiz2' raiz3' raiz4'];\ndisp(' n\u00famero ra\u00edz c\u00fabica cu\u00e1rtica');\ndisp(tabla);<\/pre>\n\n\n\n<p>El resultado debe ser como el que se muestra a continuaci\u00f3n.<\/p>\n\n\n\n<p>Otro ejemplo sencillo es<\/p>\n\n\n\n<pre class=\"wp-block-preformatted\">for x = 0:25:360 % datos en grados\nseno=sin(x*pi\/180) %conversi\u00f3n de grados a radianes\ncoseno=cos(x*pi\/180)\nend<\/pre>\n\n\n\n<div class=\"is-content-justification-center is-layout-flex wp-container-1 wp-block-buttons\">\n<div class=\"wp-block-button\"><a class=\"wp-block-button__link has-dark-gray-color has-bright-blue-background-color has-text-color has-background wp-element-button\" href=\"https:\/\/blogceta.zaragoza.unam.mx\/mnumericos\/l-m\/\">Lecciones<\/a><\/div>\n\n\n\n<div class=\"wp-block-button\"><a class=\"wp-block-button__link has-dark-gray-color has-yellow-background-color has-text-color has-background wp-element-button\" href=\"https:\/\/blogceta.zaragoza.unam.mx\/mnumericos\/lecm20\/\">siguiente lecci\u00f3n<\/a><\/div>\n<\/div>\n","protected":false},"excerpt":{"rendered":"<p>Este tipo de programas utiliza un contador que generalmente es i o j y se repite la tarea hasta alcanzar un n\u00famero determinado de repeticiones. Se puede iniciar desde uno y se termina hasta n c\u00e1lculos. Se utiliza el comando for para indicar el inicio del ciclo y se emplea end para indicar el termino &hellip; <a href=\"https:\/\/blogceta.zaragoza.unam.mx\/mnumericos\/l-m\/lecm19\/\" class=\"more-link\">Contin\u00faa leyendo <span class=\"screen-reader-text\">lecm19 Programas repetitivos<\/span><\/a><\/p>\n","protected":false},"author":123458,"featured_media":0,"parent":5258,"menu_order":19,"comment_status":"closed","ping_status":"closed","template":"","meta":{"_bbp_topic_count":0,"_bbp_reply_count":0,"_bbp_total_topic_count":0,"_bbp_total_reply_count":0,"_bbp_voice_count":0,"_bbp_anonymous_reply_count":0,"_bbp_topic_count_hidden":0,"_bbp_reply_count_hidden":0,"_bbp_forum_subforum_count":0},"_links":{"self":[{"href":"https:\/\/blogceta.zaragoza.unam.mx\/mnumericos\/wp-json\/wp\/v2\/pages\/5400"}],"collection":[{"href":"https:\/\/blogceta.zaragoza.unam.mx\/mnumericos\/wp-json\/wp\/v2\/pages"}],"about":[{"href":"https:\/\/blogceta.zaragoza.unam.mx\/mnumericos\/wp-json\/wp\/v2\/types\/page"}],"author":[{"embeddable":true,"href":"https:\/\/blogceta.zaragoza.unam.mx\/mnumericos\/wp-json\/wp\/v2\/users\/123458"}],"replies":[{"embeddable":true,"href":"https:\/\/blogceta.zaragoza.unam.mx\/mnumericos\/wp-json\/wp\/v2\/comments?post=5400"}],"version-history":[{"count":6,"href":"https:\/\/blogceta.zaragoza.unam.mx\/mnumericos\/wp-json\/wp\/v2\/pages\/5400\/revisions"}],"predecessor-version":[{"id":5560,"href":"https:\/\/blogceta.zaragoza.unam.mx\/mnumericos\/wp-json\/wp\/v2\/pages\/5400\/revisions\/5560"}],"up":[{"embeddable":true,"href":"https:\/\/blogceta.zaragoza.unam.mx\/mnumericos\/wp-json\/wp\/v2\/pages\/5258"}],"wp:attachment":[{"href":"https:\/\/blogceta.zaragoza.unam.mx\/mnumericos\/wp-json\/wp\/v2\/media?parent=5400"}],"curies":[{"name":"wp","href":"https:\/\/api.w.org\/{rel}","templated":true}]}}