{"id":5292,"date":"2024-11-22T14:31:05","date_gmt":"2024-11-22T20:31:05","guid":{"rendered":"https:\/\/blogceta.zaragoza.unam.mx\/mnumericos\/?page_id=5292"},"modified":"2025-03-26T15:14:26","modified_gmt":"2025-03-26T21:14:26","slug":"lecm7","status":"publish","type":"page","link":"https:\/\/blogceta.zaragoza.unam.mx\/mnumericos\/l-m\/lecm7\/","title":{"rendered":"lecm7 Polinomios y ra\u00edces"},"content":{"rendered":"\n<p>Hay muchas funciones de MATLAB que permiten operar sobre los arreglos como si sus entradas fueran coeficientes o ra\u00edces de ecuaciones polinomiales. Por ejemplo, introduce<\/p>\n\n\n\n<p>&gt;&gt; c = [ 1&nbsp; -15&nbsp;&nbsp; 59&nbsp;&nbsp; -81&nbsp; 36 ]<\/p>\n\n\n\n<p>despu\u00e9s<\/p>\n\n\n\n<p>&gt;&gt; r = roots( c)<\/p>\n\n\n\n<p>Con ello, las ra\u00edces del polinomio x<sup>4<\/sup>\u00a0\u201315x<sup>3<\/sup>\u00a0+\u00a0 59x<sup>2<\/sup>\u00a0\u2013 81x + 36 se imprimir\u00e1n y adem\u00e1s se almacenaran en el vector r.\u00a0 De acuerdo al polinomio anterior las ra\u00edces del polinomio c son:<\/p>\n\n\n\n<figure class=\"wp-block-image size-full\"><img decoding=\"async\" loading=\"lazy\" width=\"133\" height=\"140\" src=\"https:\/\/blogceta.zaragoza.unam.mx\/mnumericos\/wp-content\/uploads\/sites\/89\/2025\/03\/imagen-58.png\" alt=\"\" class=\"wp-image-6915\" \/><\/figure>\n\n\n\n<p>Una vez encontradas las ra\u00edces del polinomio MATLAB dice que estas ra\u00edces son vectores columna.<\/p>\n\n\n\n<p>Siguiente ejemplo. Sea el polinomio&nbsp;&nbsp; x<sup>4<\/sup>&nbsp;\u201316x<sup>3<\/sup>&nbsp; + 22x + 116, hallar sus ra\u00edces.<\/p>\n\n\n\n<p>En este caso se deben introducir en MATLAB tambi\u00e9n los t\u00e9rminos nulos ya que MATLAB no tiene forma de saber cu\u00e1les son a menos que se indiquen, por lo tanto el polinomio se introduce como:<\/p>\n\n\n\n<pre class=\"wp-block-preformatted\">p = [1 \u201316&nbsp; 0&nbsp; 22&nbsp; 116]\u2029\u2029\nr = roots (p)<\/pre>\n\n\n\n<p>resultado<\/p>\n\n\n\n<figure class=\"wp-block-image size-full\"><img decoding=\"async\" loading=\"lazy\" width=\"161\" height=\"109\" src=\"https:\/\/blogceta.zaragoza.unam.mx\/mnumericos\/wp-content\/uploads\/sites\/89\/2025\/03\/imagen-59.png\" alt=\"\" class=\"wp-image-6916\" \/><\/figure>\n\n\n\n<p>Dos de las ra\u00edces son complejas, y\u00a0 MATLAB trabaja indistintamente con n\u00fameros reales y complejos. Prueba multiplicar\u00a0 r(3)*r(4) y el resultado debe ser un n\u00famero real (3.1759).<\/p>\n\n\n\n<figure class=\"wp-block-image size-full\"><img decoding=\"async\" loading=\"lazy\" width=\"106\" height=\"97\" src=\"https:\/\/blogceta.zaragoza.unam.mx\/mnumericos\/wp-content\/uploads\/sites\/89\/2025\/03\/imagen-60.png\" alt=\"\" class=\"wp-image-6918\" \/><\/figure>\n\n\n\n<h2>B\u00fasqueda de ra\u00edces<\/h2>\n\n\n\n<h3>fzero<\/h3>\n\n\n\n<p>Es otra funci\u00f3n que se utiliza para hallar la ra\u00edz de una funci\u00f3n no lineal. Uitliza el m\u00e9todo de bisecci\u00f3n. Se requiere de la funci\u00f3n y de un valor inicial de aproximaci\u00f3n.<\/p>\n\n\n\n<pre class=\"wp-block-code\"><code>x = fzero(fun,x0)<\/code><\/pre>\n\n\n\n<pre class=\"wp-block-preformatted\">f1=inline('x.^4-15*x.^3+59*x.^2-81*x+36')\nz = fzero(f1,2)\u2029 <\/pre>\n\n\n\n<p>La respuesta es   z =\u20291.2280<\/p>\n\n\n\n<figure class=\"wp-block-image size-full\"><img decoding=\"async\" loading=\"lazy\" width=\"349\" height=\"217\" src=\"https:\/\/blogceta.zaragoza.unam.mx\/mnumericos\/wp-content\/uploads\/sites\/89\/2025\/03\/imagen-61.png\" alt=\"\" class=\"wp-image-6919\" srcset=\"https:\/\/blogceta.zaragoza.unam.mx\/mnumericos\/wp-content\/uploads\/sites\/89\/2025\/03\/imagen-61.png 349w, https:\/\/blogceta.zaragoza.unam.mx\/mnumericos\/wp-content\/uploads\/sites\/89\/2025\/03\/imagen-61-300x187.png 300w\" sizes=\"(max-width: 349px) 100vw, 349px\" \/><\/figure>\n\n\n\n<p>Con distintos valores iniciales se exploran o buscan las distintas ra\u00edces reales de la funci\u00f3n.<\/p>\n\n\n\n<pre class=\"wp-block-preformatted\">\u2029\u2029z = fzero(f1,5)<\/pre>\n\n\n\n<p>\u2029z =\u20293.0000<\/p>\n\n\n\n<pre class=\"wp-block-preformatted\">\u2029\u2029z = fzero(f1,0)<\/pre>\n\n\n\n<p>\u2029z =\u20293.0000\u2029\u2029<\/p>\n\n\n\n<pre class=\"wp-block-preformatted\">z = fzero(f1,10)<\/pre>\n\n\n\n<p>\u2029z =\u20299.7720<\/p>\n\n\n\n<h2>Gr\u00e1fica de funci\u00f3n con fplot<\/h2>\n\n\n\n<p>Con esta funci\u00f3n se puede explorar el trazo de los datos, se declara la funci\u00f3n an\u00f3nima con @ y tambi\u00e9n se puede establecer los l\u00edmites inferior y superior.<\/p>\n\n\n\n<p>fplot(@(x) x.^4-15*x.^3+59*x.^2-81*x+36)<\/p>\n\n\n\n<p>produce la figura<\/p>\n\n\n\n<figure class=\"wp-block-image size-full is-resized\"><img decoding=\"async\" loading=\"lazy\" src=\"https:\/\/blogceta.zaragoza.unam.mx\/mnumericos\/wp-content\/uploads\/sites\/89\/2025\/03\/imagen-62.png\" alt=\"\" class=\"wp-image-6920\" width=\"470\" height=\"371\" srcset=\"https:\/\/blogceta.zaragoza.unam.mx\/mnumericos\/wp-content\/uploads\/sites\/89\/2025\/03\/imagen-62.png 627w, https:\/\/blogceta.zaragoza.unam.mx\/mnumericos\/wp-content\/uploads\/sites\/89\/2025\/03\/imagen-62-300x236.png 300w\" sizes=\"(max-width: 470px) 100vw, 470px\" \/><\/figure>\n\n\n\n<p>Para un intervalo de [0,10] se utiliza la instrucci\u00f3n<\/p>\n\n\n\n<p>fplot(@(x) x.^4-15*x.^3+59*x.^2-81*x+36,[0,10])<\/p>\n\n\n\n<p>el resultado es<\/p>\n\n\n\n<figure class=\"wp-block-image size-full\"><img decoding=\"async\" loading=\"lazy\" width=\"437\" height=\"313\" src=\"https:\/\/blogceta.zaragoza.unam.mx\/mnumericos\/wp-content\/uploads\/sites\/89\/2025\/03\/imagen-64.png\" alt=\"\" class=\"wp-image-6922\" srcset=\"https:\/\/blogceta.zaragoza.unam.mx\/mnumericos\/wp-content\/uploads\/sites\/89\/2025\/03\/imagen-64.png 437w, https:\/\/blogceta.zaragoza.unam.mx\/mnumericos\/wp-content\/uploads\/sites\/89\/2025\/03\/imagen-64-300x215.png 300w\" sizes=\"(max-width: 437px) 100vw, 437px\" \/><\/figure>\n\n\n\n<p>En el circulo se encuentra la primer ra\u00edz y en el rect\u00e1ngulo la segunda ra\u00edz. <\/p>\n\n\n\n<h2>Funci\u00f3n Solve<\/h2>\n\n\n\n<p>Solve resuelve una ecuaci\u00f3n o un sistema de ecuaciones, se debe dar tambi\u00e9n una ecuaci\u00f3n y el valor inicial de b\u00fasqueda.<\/p>\n\n\n\n<p>Utilicemos Solve para encontrar las ra\u00edces del polinomio<\/p>\n\n\n<div class=\"wp-block-image\">\n<figure class=\"aligncenter size-full is-resized\"><img decoding=\"async\" loading=\"lazy\" src=\"https:\/\/blogceta.zaragoza.unam.mx\/mnumericos\/wp-content\/uploads\/sites\/89\/2025\/03\/imagen-65.png\" alt=\"\" class=\"wp-image-6923\" width=\"345\" height=\"49\" srcset=\"https:\/\/blogceta.zaragoza.unam.mx\/mnumericos\/wp-content\/uploads\/sites\/89\/2025\/03\/imagen-65.png 460w, https:\/\/blogceta.zaragoza.unam.mx\/mnumericos\/wp-content\/uploads\/sites\/89\/2025\/03\/imagen-65-300x42.png 300w\" sizes=\"(max-width: 345px) 100vw, 345px\" \/><\/figure><\/div>\n\n\n<p>Sus ra\u00edces son<\/p>\n\n\n\n<pre class=\"wp-block-preformatted\">p1=[1 -15 59 -81 36]\nr1=roots(p1)<\/pre>\n\n\n\n<figure class=\"wp-block-image size-full\"><img decoding=\"async\" loading=\"lazy\" width=\"240\" height=\"208\" src=\"https:\/\/blogceta.zaragoza.unam.mx\/mnumericos\/wp-content\/uploads\/sites\/89\/2025\/03\/imagen-66.png\" alt=\"\" class=\"wp-image-6924\" \/><\/figure>\n\n\n\n<p>Para utilizar la funci\u00f3n solve se debe definir una variable simb\u00f3lica, para este ejemplo se utilizar\u00e1 la letra t y como valor inicial cero.<\/p>\n\n\n\n<figure class=\"wp-block-image size-full\"><img decoding=\"async\" loading=\"lazy\" width=\"285\" height=\"114\" src=\"https:\/\/blogceta.zaragoza.unam.mx\/mnumericos\/wp-content\/uploads\/sites\/89\/2025\/03\/imagen-67.png\" alt=\"\" class=\"wp-image-6925\" \/><\/figure>\n\n\n\n<figure class=\"wp-block-image size-full\"><img decoding=\"async\" loading=\"lazy\" width=\"198\" height=\"149\" src=\"https:\/\/blogceta.zaragoza.unam.mx\/mnumericos\/wp-content\/uploads\/sites\/89\/2025\/03\/imagen-68.png\" alt=\"\" class=\"wp-image-6926\" \/><\/figure>\n\n\n\n<p>Para mejorar la presentaci\u00f3n de la respuesta utilizamos la instrucci\u00f3n double(x)<\/p>\n\n\n\n<figure class=\"wp-block-image size-full\"><img decoding=\"async\" loading=\"lazy\" width=\"178\" height=\"145\" src=\"https:\/\/blogceta.zaragoza.unam.mx\/mnumericos\/wp-content\/uploads\/sites\/89\/2025\/03\/imagen-69.png\" alt=\"\" class=\"wp-image-6927\" \/><\/figure>\n\n\n\n<p>Utilizando la funci\u00f3n fplot observamos las primeras ra\u00edces .<\/p>\n\n\n\n<pre class=\"wp-block-preformatted\">fplot(@(x) x.^4-15*x.^3+59*x.^2-81*x+36,[0,3.5])<\/pre>\n\n\n\n<figure class=\"wp-block-image size-full\"><img decoding=\"async\" loading=\"lazy\" width=\"413\" height=\"311\" src=\"https:\/\/blogceta.zaragoza.unam.mx\/mnumericos\/wp-content\/uploads\/sites\/89\/2025\/03\/imagen-70.png\" alt=\"\" class=\"wp-image-6928\" srcset=\"https:\/\/blogceta.zaragoza.unam.mx\/mnumericos\/wp-content\/uploads\/sites\/89\/2025\/03\/imagen-70.png 413w, https:\/\/blogceta.zaragoza.unam.mx\/mnumericos\/wp-content\/uploads\/sites\/89\/2025\/03\/imagen-70-300x226.png 300w\" sizes=\"(max-width: 413px) 100vw, 413px\" \/><\/figure>\n\n\n\n<p><\/p>\n\n\n\n<p>La otra ra\u00edz se observa mejor con<\/p>\n\n\n\n<pre class=\"wp-block-preformatted\">fplot(@(x) x.^4-15*x.^3+59*x.^2-81*x+36,[4,10])<\/pre>\n\n\n\n<figure class=\"wp-block-image size-full\"><img decoding=\"async\" loading=\"lazy\" width=\"418\" height=\"317\" src=\"https:\/\/blogceta.zaragoza.unam.mx\/mnumericos\/wp-content\/uploads\/sites\/89\/2025\/03\/imagen-71.png\" alt=\"\" class=\"wp-image-6929\" srcset=\"https:\/\/blogceta.zaragoza.unam.mx\/mnumericos\/wp-content\/uploads\/sites\/89\/2025\/03\/imagen-71.png 418w, https:\/\/blogceta.zaragoza.unam.mx\/mnumericos\/wp-content\/uploads\/sites\/89\/2025\/03\/imagen-71-300x228.png 300w\" sizes=\"(max-width: 418px) 100vw, 418px\" \/><\/figure>\n\n\n\n<h2 class=\"has-medium-pink-color has-text-color\">Tarea 7 <\/h2>\n\n\n\n<p>Determine las ra\u00edces de las siguientes funciones<\/p>\n\n\n\n<figure class=\"wp-block-image size-full is-resized\"><img decoding=\"async\" loading=\"lazy\" src=\"https:\/\/blogceta.zaragoza.unam.mx\/mnumericos\/wp-content\/uploads\/sites\/89\/2025\/03\/imagen-72.png\" alt=\"\" class=\"wp-image-6931\" width=\"443\" height=\"143\" srcset=\"https:\/\/blogceta.zaragoza.unam.mx\/mnumericos\/wp-content\/uploads\/sites\/89\/2025\/03\/imagen-72.png 590w, https:\/\/blogceta.zaragoza.unam.mx\/mnumericos\/wp-content\/uploads\/sites\/89\/2025\/03\/imagen-72-300x97.png 300w\" sizes=\"(max-width: 443px) 100vw, 443px\" \/><\/figure>\n\n\n\n<div class=\"is-content-justification-center is-layout-flex wp-container-1 wp-block-buttons\">\n<div class=\"wp-block-button\"><a class=\"wp-block-button__link has-dark-gray-color has-bright-blue-background-color has-text-color has-background wp-element-button\" href=\"https:\/\/blogceta.zaragoza.unam.mx\/mnumericos\/l-m\/\">Lecciones<\/a><\/div>\n\n\n\n<div class=\"wp-block-button\"><a class=\"wp-block-button__link has-dark-gray-color has-yellow-background-color has-text-color has-background wp-element-button\" href=\"https:\/\/blogceta.zaragoza.unam.mx\/mnumericos\/lecm8\/\">siguiente lecci\u00f3n<\/a><\/div>\n<\/div>\n\n\n\n<!--nextpage-->\n\n\n\n<h2>Soluci\u00f3n<\/h2>\n\n\n\n<figure class=\"wp-block-table\"><table><tbody><tr><td class=\"has-text-align-center\" data-align=\"center\">Funci\u00f3n<\/td><td>ra\u00edces<\/td><\/tr><tr><td class=\"has-text-align-center\" data-align=\"center\">x^3 + 5x^2 + 6x + 8<\/td><td>-4.0000 + 0.0000i<br> -0.5000 + 1.3229i<br> -0.5000 &#8211; 1.3229i<\/td><\/tr><tr><td class=\"has-text-align-center\" data-align=\"center\">x^4 -3x^2 &#8211; 1<\/td><td>1.8174 + 0.0000i<br>-1.8174 + 0.0000i<br> 0.0000 + 0.5503i<br> 0.0000 &#8211; 0.5503i<\/td><\/tr><tr><td class=\"has-text-align-center\" data-align=\"center\">2x^3 + 5x &#8211; 6<\/td><td>-0.4521 + 1.7644i<br> -0.4521 &#8211; 1.7644i <br>0.9042 + 0.0000i<\/td><\/tr><tr><td class=\"has-text-align-center\" data-align=\"center\">2000v^3 -344v^2 + 1.7v &#8211; 0.00028<\/td><td>0.1669 <br>0.0049 <br>0.0002<\/td><\/tr><\/tbody><\/table><\/figure>\n","protected":false},"excerpt":{"rendered":"<p>Hay muchas funciones de MATLAB que permiten operar sobre los arreglos como si sus entradas fueran coeficientes o ra\u00edces de ecuaciones polinomiales. Por ejemplo, introduce &gt;&gt; c = [ 1&nbsp; -15&nbsp;&nbsp; 59&nbsp;&nbsp; -81&nbsp; 36 ] despu\u00e9s &gt;&gt; r = roots( c) Con ello, las ra\u00edces del polinomio x4\u00a0\u201315&#215;3\u00a0+\u00a0 59&#215;2\u00a0\u2013 81x + 36 se imprimir\u00e1n y &hellip; <a href=\"https:\/\/blogceta.zaragoza.unam.mx\/mnumericos\/l-m\/lecm7\/\" class=\"more-link\">Contin\u00faa leyendo <span class=\"screen-reader-text\">lecm7 Polinomios y ra\u00edces<\/span><\/a><\/p>\n","protected":false},"author":123458,"featured_media":0,"parent":5258,"menu_order":7,"comment_status":"closed","ping_status":"closed","template":"","meta":{"_bbp_topic_count":0,"_bbp_reply_count":0,"_bbp_total_topic_count":0,"_bbp_total_reply_count":0,"_bbp_voice_count":0,"_bbp_anonymous_reply_count":0,"_bbp_topic_count_hidden":0,"_bbp_reply_count_hidden":0,"_bbp_forum_subforum_count":0},"_links":{"self":[{"href":"https:\/\/blogceta.zaragoza.unam.mx\/mnumericos\/wp-json\/wp\/v2\/pages\/5292"}],"collection":[{"href":"https:\/\/blogceta.zaragoza.unam.mx\/mnumericos\/wp-json\/wp\/v2\/pages"}],"about":[{"href":"https:\/\/blogceta.zaragoza.unam.mx\/mnumericos\/wp-json\/wp\/v2\/types\/page"}],"author":[{"embeddable":true,"href":"https:\/\/blogceta.zaragoza.unam.mx\/mnumericos\/wp-json\/wp\/v2\/users\/123458"}],"replies":[{"embeddable":true,"href":"https:\/\/blogceta.zaragoza.unam.mx\/mnumericos\/wp-json\/wp\/v2\/comments?post=5292"}],"version-history":[{"count":8,"href":"https:\/\/blogceta.zaragoza.unam.mx\/mnumericos\/wp-json\/wp\/v2\/pages\/5292\/revisions"}],"predecessor-version":[{"id":6932,"href":"https:\/\/blogceta.zaragoza.unam.mx\/mnumericos\/wp-json\/wp\/v2\/pages\/5292\/revisions\/6932"}],"up":[{"embeddable":true,"href":"https:\/\/blogceta.zaragoza.unam.mx\/mnumericos\/wp-json\/wp\/v2\/pages\/5258"}],"wp:attachment":[{"href":"https:\/\/blogceta.zaragoza.unam.mx\/mnumericos\/wp-json\/wp\/v2\/media?parent=5292"}],"curies":[{"name":"wp","href":"https:\/\/api.w.org\/{rel}","templated":true}]}}