{"id":5282,"date":"2024-11-22T13:10:48","date_gmt":"2024-11-22T19:10:48","guid":{"rendered":"https:\/\/blogceta.zaragoza.unam.mx\/mnumericos\/?page_id=5282"},"modified":"2025-03-25T09:53:22","modified_gmt":"2025-03-25T15:53:22","slug":"lecm2","status":"publish","type":"page","link":"https:\/\/blogceta.zaragoza.unam.mx\/mnumericos\/l-m\/lecm2\/","title":{"rendered":"lecm2 Vector y Matriz"},"content":{"rendered":"\n<h2 class=\"has-text-align-left has-text-color\" style=\"color:#f12710\">Variables en forma de vector y matriz<\/h2>\n\n\n\n<p>Parte importante del uso de Matlab es la manipulaci\u00f3n y almacenamiento de datos en tablas. Las tablas de una columna o una fila se almacenan en vectores, y las tablas con varias columnas y renglones se almacenan en matrices. La tabla siguiente de tiempo contra temperaturas se puede almacenar en dos vectores o en una matriz.<\/p>\n\n\n\n<figure class=\"wp-block-table\"><table><tbody><tr><th>Tiempo (min)<\/th><td>&nbsp; &nbsp; &nbsp; &nbsp; &nbsp;<strong>0<\/strong><\/td><td>&nbsp; &nbsp; &nbsp; &nbsp;&nbsp;<strong>&nbsp;4<\/strong><\/td><td>&nbsp; &nbsp; &nbsp; &nbsp; &nbsp;&nbsp;<strong>8<\/strong><\/td><td>&nbsp; &nbsp; &nbsp; &nbsp; &nbsp;&nbsp;<strong>12<\/strong><\/td><td>&nbsp; &nbsp; &nbsp;<strong>16<\/strong><\/td><\/tr><tr><th>Temperatura (\u00b0C)<\/th><td>&nbsp; &nbsp; &nbsp; &nbsp;<strong>&nbsp;25<\/strong><\/td><td>&nbsp; &nbsp; &nbsp; &nbsp;<strong>32<\/strong><\/td><td>&nbsp; &nbsp; &nbsp; &nbsp;&nbsp;<strong>38<\/strong><\/td><td>&nbsp; &nbsp; &nbsp; &nbsp;&nbsp;<strong>&nbsp; 45<\/strong><\/td><td>&nbsp; &nbsp;<strong>&nbsp;&nbsp; 64<\/strong><\/td><\/tr><\/tbody><\/table><\/figure>\n\n\n\n<p class=\"has-text-align-center\">Un vector es una colecci\u00f3n de elementos. <\/p>\n\n\n\n<p class=\"has-text-align-center\">El vector rengl\u00f3n se asigna como t = [0 4 8 12 16].<\/p>\n\n\n\n<pre class=\"wp-block-preformatted\">Se puede almacenar en dos variables como<br>t = [0 4 8 12 16]<br>T = [25 32 38 45 64]<\/pre>\n\n\n\n<p>O en una sola en forma <strong>matricial<\/strong><br>tabla = [0, 4, 8, 12, 16; 25, 32, 38, 45, 64]<br>El resultado en la ventana de comandos es<\/p>\n\n\n\n<figure class=\"wp-block-image size-full\"><img decoding=\"async\" loading=\"lazy\" width=\"386\" height=\"105\" src=\"https:\/\/blogceta.zaragoza.unam.mx\/mnumericos\/wp-content\/uploads\/sites\/89\/2025\/03\/imagen-22.png\" alt=\"\" class=\"wp-image-6824\" srcset=\"https:\/\/blogceta.zaragoza.unam.mx\/mnumericos\/wp-content\/uploads\/sites\/89\/2025\/03\/imagen-22.png 386w, https:\/\/blogceta.zaragoza.unam.mx\/mnumericos\/wp-content\/uploads\/sites\/89\/2025\/03\/imagen-22-300x82.png 300w\" sizes=\"(max-width: 386px) 100vw, 386px\" \/><\/figure>\n\n\n\n<pre class=\"wp-block-preformatted\">Los elementos del vector deben ir separados por espacios o por comas, t = [0, 4, 8, 12, 16]. <\/pre>\n\n\n\n<p>En ambos formatos la variable t almacena cinco elementos en arreglo horizontal. Para el otro vector el arreglo es similar.<br>T = [25, 32, 38, 45, 64]<\/p>\n\n\n\n<p><br>La matriz denominada tabla es un arreglo rectangular de 2 renglones por 5 columnas, (2\u00d75). Es importante observar que los elementos de un vector o una matriz van encerrados entre corchetes. Un espacio o una coma separa a cada uno de los elementos; y el punto y coma separa los elementos entre un rengl\u00f3n y otro.<\/p>\n\n\n\n<p>Para declarar una colecci\u00f3n de elementos en arreglo vertical se debe declarar un vector columna. Aqu\u00ed se requiere que los elementos vayan encerrados entre corchetes y separados por punto y coma.<br>T = [25; 32; 38; 45; 64]<br>Tambi\u00e9n se puede transponer un vector rengl\u00f3n con el operador apostrofo al final.<\/p>\n\n\n\n<figure class=\"wp-block-image size-full is-resized\"><img decoding=\"async\" loading=\"lazy\" src=\"https:\/\/blogceta.zaragoza.unam.mx\/mnumericos\/wp-content\/uploads\/sites\/89\/2025\/03\/imagen.png\" alt=\"\" class=\"wp-image-6793\" width=\"219\" height=\"238\" \/><\/figure>\n\n\n\n<p>Para obtener una lista de todas las variables usadas hasta el momento se emplea el comando&nbsp;<em><strong>who<\/strong>&nbsp;<\/em>o si se quiere con m\u00e1s detalle se emplea&nbsp;<strong><em>whos<\/em><\/strong>.<\/p>\n\n\n\n<figure class=\"wp-block-image size-full\"><img decoding=\"async\" loading=\"lazy\" width=\"432\" height=\"249\" src=\"https:\/\/blogceta.zaragoza.unam.mx\/mnumericos\/wp-content\/uploads\/sites\/89\/2025\/03\/imagen-1.png\" alt=\"\" class=\"wp-image-6795\" srcset=\"https:\/\/blogceta.zaragoza.unam.mx\/mnumericos\/wp-content\/uploads\/sites\/89\/2025\/03\/imagen-1.png 432w, https:\/\/blogceta.zaragoza.unam.mx\/mnumericos\/wp-content\/uploads\/sites\/89\/2025\/03\/imagen-1-300x173.png 300w\" sizes=\"(max-width: 432px) 100vw, 432px\" \/><\/figure>\n\n\n\n<p><br>Luego de haber realizado varios c\u00e1lculos, es momento de limpiar la pantalla. Para ello debes utilizar el comando&nbsp;<strong><em>clc<\/em><\/strong>.<\/p>\n\n\n\n<p>Observa que si ahora se utiliza&nbsp;<strong><em>whos<\/em><\/strong>, las variables siguen guardando la informaci\u00f3n y s\u00f3lo se limpia la pantalla.<\/p>\n\n\n\n<figure class=\"wp-block-image size-full\"><img decoding=\"async\" loading=\"lazy\" width=\"453\" height=\"118\" src=\"https:\/\/blogceta.zaragoza.unam.mx\/mnumericos\/wp-content\/uploads\/sites\/89\/2025\/03\/imagen-2.png\" alt=\"\" class=\"wp-image-6796\" srcset=\"https:\/\/blogceta.zaragoza.unam.mx\/mnumericos\/wp-content\/uploads\/sites\/89\/2025\/03\/imagen-2.png 453w, https:\/\/blogceta.zaragoza.unam.mx\/mnumericos\/wp-content\/uploads\/sites\/89\/2025\/03\/imagen-2-300x78.png 300w\" sizes=\"(max-width: 453px) 100vw, 453px\" \/><\/figure>\n\n\n\n<h2 class=\"has-text-align-center has-text-color\" style=\"color:#f12710\">Borrar Variables<\/h2>\n\n\n\n<p>Si ahora utilizas el comando&nbsp;<em><strong>clear<\/strong>&nbsp;<\/em>y verificas la informaci\u00f3n almacenada con el comando&nbsp;<strong><em>whos<\/em><\/strong>, notaras que todas las variables han sido eliminadas de la memoria.<\/p>\n\n\n\n<figure class=\"wp-block-image size-full\"><img decoding=\"async\" loading=\"lazy\" width=\"92\" height=\"67\" src=\"https:\/\/blogceta.zaragoza.unam.mx\/mnumericos\/wp-content\/uploads\/sites\/89\/2025\/03\/imagen-3.png\" alt=\"\" class=\"wp-image-6797\" \/><\/figure>\n\n\n\n<p><strong>Advertencia<\/strong>. Recuerda que los comandos limpiar pantalla (clc) y limpiar memoria (clear) deben ser utilizados con cuidado para evitar perder informaci\u00f3n o efectuar c\u00e1lculos err\u00f3neos. Tambi\u00e9n, recuerda que el verdadero potencial de MATLAB se demuestra en la capacidad para realizar c\u00e1lculos utilizando vectores y matrices.<\/p>\n\n\n\n<h2 class=\"has-text-align-center has-text-color\" style=\"color:#f12710\">Operaciones entre matrices<\/h2>\n\n\n\n<p>Es f\u00e1cil realizar suma, multiplicaci\u00f3n y divisi\u00f3n entre matrices.<\/p>\n\n\n\n<p><strong>SUMA<\/strong>. La suma de dos matrices de la misma dimensi\u00f3n es aquella matriz cuyos elementos son la suma de los elementos correspondientes.<\/p>\n\n\n\n<pre class=\"wp-block-preformatted\">&gt;&gt;K=[22 14; 46 13]\n\u2029&gt;&gt;L=[41 27;62 18]\u2029\n&gt;&gt;K + L <\/pre>\n\n\n\n<figure class=\"wp-block-image size-full\"><img decoding=\"async\" loading=\"lazy\" width=\"111\" height=\"78\" src=\"https:\/\/blogceta.zaragoza.unam.mx\/mnumericos\/wp-content\/uploads\/sites\/89\/2025\/03\/imagen-4.png\" alt=\"\" class=\"wp-image-6798\" \/><\/figure>\n\n\n\n<p>La principal restricci\u00f3n para poder sumar dos matrices es que las matrices deben ser del mismo tama\u00f1o (A m\u00d7n). No se puede sumar una matriz de 4 x 3 con una de 6 x 2, aun cuando ambas tengan 12 entradas.<\/p>\n\n\n\n<p><strong>RESTA<\/strong>. La operaci\u00f3n es similar a la suma.<\/p>\n\n\n\n<pre class=\"wp-block-preformatted\">&gt;&gt;K - L\u2029\nans = \u2029&nbsp;-19&nbsp; &nbsp; -13\u2029\n     &nbsp; -16&nbsp; &nbsp; &nbsp;-5<\/pre>\n\n\n\n<p><strong>MULTIPLICACI\u00d3N<\/strong>. El producto de una matriz Am\u00d7n y una matriz Bn\u00d7p es la matriz Cm\u00d7p, cuyo elemento en el rengl\u00f3n m y columna p, es la suma de los productos de los elementos correspondientes. A manera de ejemplo.<\/p>\n\n\n\n<p>Sea&nbsp; A = [1 2 1; 4 1 5]&nbsp; y&nbsp; B = [1 2 3; 3 1 -1; 1 4 2]&nbsp; calcular el producto AB<\/p>\n\n\n\n<p>La operaci\u00f3n elemento por elemento es<\/p>\n\n\n\n<figure class=\"wp-block-table has-small-font-size\"><table><tbody><tr><td>(1)(1) + (2)*(3) + (1)*(1) <\/td><td>(1)(2) + (2)*(1) + (1)*(4) <\/td><td>(1)(3) + (2)*(-1) + (1)*(2) <\/td><\/tr><tr><td>(4)(1) + (1)*(3) + (5)*(1) <\/td><td>(4)(2) + (1)*(1) + (5)*(4) <\/td><td>(4)(3) + (1)*(-1) + (5)*(2) <\/td><\/tr><\/tbody><\/table><\/figure>\n\n\n\n<p>El resultado es<\/p>\n\n\n\n<figure class=\"wp-block-table\"><table><tbody><tr><td class=\"has-text-align-center\" data-align=\"center\">8<\/td><td class=\"has-text-align-center\" data-align=\"center\">8<\/td><td class=\"has-text-align-center\" data-align=\"center\">3<\/td><\/tr><tr><td class=\"has-text-align-center\" data-align=\"center\">12<\/td><td class=\"has-text-align-center\" data-align=\"center\">29<\/td><td class=\"has-text-align-center\" data-align=\"center\">21<\/td><\/tr><\/tbody><\/table><\/figure>\n\n\n\n<p>El c\u00f3digo y el resultado que se obtiene es<\/p>\n\n\n\n<pre class=\"wp-block-preformatted\">clc\n\u2029A=[1 2 1;4 1 5]\u2029\nB=[1 2 3;3 1 -1;1 4 2]\u2029\nA*B<\/pre>\n\n\n\n<figure class=\"wp-block-image size-full\"><img decoding=\"async\" loading=\"lazy\" width=\"173\" height=\"338\" src=\"https:\/\/blogceta.zaragoza.unam.mx\/mnumericos\/wp-content\/uploads\/sites\/89\/2025\/03\/imagen-6.png\" alt=\"\" class=\"wp-image-6800\" srcset=\"https:\/\/blogceta.zaragoza.unam.mx\/mnumericos\/wp-content\/uploads\/sites\/89\/2025\/03\/imagen-6.png 173w, https:\/\/blogceta.zaragoza.unam.mx\/mnumericos\/wp-content\/uploads\/sites\/89\/2025\/03\/imagen-6-154x300.png 154w\" sizes=\"(max-width: 173px) 100vw, 173px\" \/><\/figure>\n\n\n\n<p>Para ilustrar otra multiplicaci\u00f3n de vectores, ahora defina a los vectores a y b como, a = [ 1 3 3] y b = [4 5 6]&#8217;. Tambi\u00e9n defina la matriz A = [1 2 3; 4 3 1; 7 8 9]<\/p>\n\n\n\n<pre class=\"wp-block-preformatted\">a = [ 1 3 3]\n\u2029b = [4 5 6]'\u2029\nA = [1 2 3; 4 3 1; 7 8 9]<\/pre>\n\n\n\n<p>Una vez definidas, realice las operaciones a*b y b*a<\/p>\n\n\n\n<pre class=\"wp-block-preformatted\">a*b\u2029\nans =\u2029  37\n\nb*a\u2029\nans =\u2029  4 12 12\u2029 \n       5 15 15\u2029\n       6 18 18<\/pre>\n\n\n\n<p>El primer producto es el producto punto de vectores cuyo resultado es un escalar.<\/p>\n\n\n\n<p class=\"has-text-align-center\">a*b = (1)(4) + (3)(5) + (3)(6) = 37<br>El segundo producto b*a es el producto cruz cuyo resultado es una matriz.<\/p>\n\n\n\n<figure class=\"wp-block-image size-full\"><img decoding=\"async\" loading=\"lazy\" width=\"161\" height=\"234\" src=\"https:\/\/blogceta.zaragoza.unam.mx\/mnumericos\/wp-content\/uploads\/sites\/89\/2025\/03\/imagen-7.png\" alt=\"\" class=\"wp-image-6801\" \/><\/figure>\n\n\n\n<p>Despu\u00e9s, intenta con a*A o A*b<\/p>\n\n\n\n<pre class=\"wp-block-preformatted\">a*A\u2029\nans =\u2029     34 35 33\n\nA*b\n\u2029ans =\u2029  32\n       37\n \u2029     122<\/pre>\n\n\n\n<p>Estos productos vector-matriz y matriz-vector generan un vector.<br>\u00bfQu\u00e9 ocurre cuando las dimensiones no son las requeridas por las operaciones?<\/p>\n\n\n\n<p>Para verlo, escriba A*a<\/p>\n\n\n\n<pre class=\"wp-block-preformatted\">&gt;&gt; A*a\u2029\nError using * \u2029\nIncorrect dimensions for matrix multiplication. Check that the\u2029number of columns in the first matrix matches the number of rows\u2029in the second matrix. To perform elementwise multiplication, use '.*'.<\/pre>\n\n\n\n<p>La operaci\u00f3n no se realiza debido a que las dimensiones de las matrices son distintas.<\/p>\n\n\n\n<p>Utilizando el operador .*  se realiza la operaci\u00f3n elemento a elemento y se obtiene el producto.<\/p>\n\n\n\n<pre class=\"wp-block-preformatted\">&gt;&gt; A.*a\u2029 \nans = \n       1   6   9\n       4   9   3\n       7  24  27<\/pre>\n\n\n\n<p>La multiplicaci\u00f3n matriz-matriz se lleva a cabo de la misma forma que A*A<\/p>\n\n\n\n<pre class=\"wp-block-preformatted\">&gt;&gt; A*A\u2029\u2029\nans = \u202930&nbsp; &nbsp;32&nbsp;&nbsp;  32\u2029\n      23&nbsp;  25&nbsp; &nbsp;&nbsp;24\n     \u2029102&nbsp; 110&nbsp; &nbsp;110<\/pre>\n\n\n\n<p id=\"block-c8fa7b26-7cdd-46f5-b2b1-0d30d2d24c9f\">Tambi\u00e9n son posibles las operaciones con escalares: A \/ pi<\/p>\n\n\n\n<pre class=\"wp-block-preformatted\">&gt;&gt; A\/pi\nans =\n      0.3183&nbsp; &nbsp; &nbsp;0.6366&nbsp; &nbsp; &nbsp;0.9549\n      1.2732&nbsp; &nbsp; &nbsp;0.9549&nbsp; &nbsp; &nbsp;0.3183\n      2.2282&nbsp; &nbsp; &nbsp;2.5465&nbsp; &nbsp; &nbsp;2.8648<\/pre>\n\n\n\n<p>Es importante recordar siempre que MATLAB aplicara las operaciones aritm\u00e9ticas simples en forma de vectores y matrices, si es posible. En ocasiones, se querr\u00e1 llevar a cabo el c\u00e1lculo paso por paso en una matriz o vector. MATLAB tambi\u00e9n puede hacer eso. Por ejemplo, A^2 da como resultado una multiplicaci\u00f3n matricial de A = [1 2 3; 4 3 1; 7 8 9] consigo misma. El resultado es A*A<\/p>\n\n\n\n<pre class=\"wp-block-preformatted\">&gt;&gt; A^2\nans =\n      30&nbsp; &nbsp;32&nbsp;&nbsp; 32\n      23&nbsp;&nbsp; 25&nbsp; &nbsp;24\n     102&nbsp; 110  110<\/pre>\n\n\n\n<p>Pero, \u00bfQu\u00e9 hacer si quiere elevar al cuadrado cada elemento de A? Esto se puede hacer con el operador <strong>punto <\/strong>de la siguiente manera A<strong> .^<\/strong> 2<\/p>\n\n\n\n<pre class=\"wp-block-preformatted\">&gt;&gt;A.^2 \nans =\n       1&nbsp;  &nbsp; &nbsp;4&nbsp;  &nbsp; &nbsp;9\n      16&nbsp; &nbsp; &nbsp; 9&nbsp; &nbsp; &nbsp; 1\n      49&nbsp; &nbsp; &nbsp;64&nbsp; &nbsp; &nbsp;81<\/pre>\n\n\n\n<p>El punto que precede al operador ^ significa que la operaci\u00f3n ser\u00e1 llevada a cabo elemento a elemento. El manual de MATLAB llama a \u00e9stas operaciones entre arreglos.<\/p>\n\n\n\n<p><\/p>\n\n\n\n<h3 class=\"has-text-align-center has-text-color\" style=\"color:#f12710\">Edici\u00f3n de elementos de una matriz<\/h3>\n\n\n\n<p>Para la exposici\u00f3n de este tema inicie con la designaci\u00f3n de un vector rengl\u00f3n<\/p>\n\n\n\n<pre class=\"wp-block-preformatted\">&gt;&gt; A = [4 5 6]\nA =\n    4   5   6<\/pre>\n\n\n\n<p>Para agregar otra fila se teclea el primer vector seguido de un punto y coma, posteriormente se teclea el segundo vector dejando espacio entre n\u00famero y n\u00famero. De esta forma se puede escribir el n\u00famero de filas deseadas como sigue:<\/p>\n\n\n\n<pre class=\"wp-block-preformatted\">A = [A; 1 3 2]\n\nA =\n     4     5     6\n     1     3     2<\/pre>\n\n\n\n<p>El punto y coma dentro despu\u00e9s del vector inicial indica que los siguientes elementos se agregan a la linea siguiente. Cada ; separa las filas y los espacios separan a los elementos.<\/p>\n\n\n\n<pre class=\"wp-block-preformatted\">A=[A;1 3 2 0]\nError using <a href=\"https:\/\/blogceta.zaragoza.unam.mx\/mnumericos\/ml0\/ml7\/matlab.internal.language.introspective.errorDocCallback('vertcat')\">vertcat<\/a>\nDimensions of arrays being concatenated are not consistent.<\/pre>\n\n\n\n<p>Produce error porque se intenta adicionar 4 elementos a un vector inicial de 3.<\/p>\n\n\n\n<p>Se pueden agregar varias lineas o columnas. Por ejemplo,<\/p>\n\n\n\n<pre class=\"wp-block-preformatted\">A(1,4)= 0\n\nA =\n    4   5   6   0\n    1   3   2   0\n\nA(4,3)= 1\n\nA =\n    4   5   6   0\n    1   3   2   0\n    0   0   0   0\n    0   0   1   0<\/pre>\n\n\n\n<p>Adiciona una columna y coloca ceros en las entradas, en la posici\u00f3n (4,3) asigna el valor de 1 y rellena los otros lugares con ceros.<\/p>\n\n\n\n<p><br>Otra forma de construir un vector rengl\u00f3n en MATLAB es de la siguiente forma<\/p>\n\n\n\n<pre class=\"wp-block-preformatted\">&gt;&gt; A = [ 2 : 6 ]\n\nA =\n      2   3   4   5   6<\/pre>\n\n\n\n<p>En este caso los dos puntos ( : ) son un operador general, con ellos se puede entender como desde\u2026 hasta. En el ejemplo anterior la orden para MATLAB fue crear un vector fila desde 2 hasta 6.<\/p>\n\n\n\n<p><br>La construcci\u00f3n de un vector columna en MATLAB es de la siguiente forma:<br>&gt;&gt; B = [ 2: 6 ]&#8217;<br>y MATLAB responde<\/p>\n\n\n\n<pre class=\"wp-block-preformatted\">B =\n     2\n     3\n     4\n     5\n     6<\/pre>\n\n\n\n<p>Otra forma de construir un vector columna es:<\/p>\n\n\n\n<pre class=\"wp-block-preformatted\">&gt;&gt;A = [7; 5; 3]\nA =\n    7\n    5\n    3<\/pre>\n\n\n\n<p>Si quisiera cambiar un elemento de alguna columna o fila se escribe la posici\u00f3n del elemento en la fila y columna correspondiente. Por ejemplo, en la matriz<\/p>\n\n\n\n<pre class=\"wp-block-preformatted\">C = [1 5 4;3 2 6;9 8 1] <\/pre>\n\n\n\n<p>el n\u00famero 8 se ubica en la posici\u00f3n C(3, 2). Para comprobarlo se escribe C(3,2) y se mostrar\u00e1 el n\u00famero 8.<\/p>\n\n\n\n<p>MATLAB indica cual es el n\u00famero que se encuentra en el rengl\u00f3n 3, columna 2. Para cambiar el n\u00famero 8 por 5 se asigna de la siguiente forma<\/p>\n\n\n\n<pre class=\"wp-block-preformatted\">C(3,2)=5\n\nC =\n   1  5  4 \n   3  2  6\n   9  5  1<\/pre>\n\n\n\n<p>Al emplear el operador de dos puntos (:) se pueden realizar operaciones para todo el rengl\u00f3n o la columna que se especifique. Para ilustrar esto escriba el comando y observe los resultados para cada uno de los ejemplos siguientes.<\/p>\n\n\n\n<pre class=\"wp-block-preformatted\">&gt;&gt; C(1,:)\nans =\n      1   5   4\n\n&gt;&gt; C (:,2)\nans =\n      5\n      2\n      5<\/pre>\n\n\n\n<p>Se puede eliminar parte de una matriz o vector asign\u00e1ndole la matriz vac\u00eda. Para eliminar el primer rengl\u00f3n se utiliza<\/p>\n\n\n\n<pre class=\"wp-block-preformatted\">&gt;&gt; C (1, : ) = [ ]\nC = 3 2 6\n    9 5 1<\/pre>\n\n\n\n<p><br>Para insertar un rengl\u00f3n se utiliza n\u00famero de renglones m\u00e1s uno.<\/p>\n\n\n\n<pre class=\"wp-block-preformatted\">&gt;&gt; C (3, : ) = 0\nC =\n    3  2  6\n    9  8  1\n    0  0  0<\/pre>\n\n\n\n<p>Luego se pueden intercambiar renglones para insertar informaci\u00f3n<\/p>\n\n\n\n<pre class=\"wp-block-preformatted\">&gt;&gt; C(3,:)= C(1,:)\nC =\n    3  2  6\n    9  8  1\n    3  2  6<\/pre>\n\n\n\n<p>Finalmente, se agrega la informaci\u00f3n deseada en el rengl\u00f3n nuevo.<\/p>\n\n\n\n<pre class=\"wp-block-preformatted\">&gt;&gt; C (1,:) = 0\nC =\n    0  0  0\n    9  8  1\n    3  2  6<\/pre>\n\n\n\n<h2 class=\"has-medium-pink-color has-text-color\">Tarea 2<\/h2>\n\n\n\n<h4>Defina los siguientes arreglos como matrices<\/h4>\n\n\n\n<figure class=\"wp-block-image size-full\"><img decoding=\"async\" loading=\"lazy\" width=\"251\" height=\"340\" src=\"https:\/\/blogceta.zaragoza.unam.mx\/mnumericos\/wp-content\/uploads\/sites\/89\/2025\/03\/imagen-23.png\" alt=\"\" class=\"wp-image-6826\" srcset=\"https:\/\/blogceta.zaragoza.unam.mx\/mnumericos\/wp-content\/uploads\/sites\/89\/2025\/03\/imagen-23.png 251w, https:\/\/blogceta.zaragoza.unam.mx\/mnumericos\/wp-content\/uploads\/sites\/89\/2025\/03\/imagen-23-221x300.png 221w\" sizes=\"(max-width: 251px) 100vw, 251px\" \/><\/figure>\n\n\n\n<p><\/p>\n\n\n\n<div class=\"is-content-justification-center is-layout-flex wp-container-1 wp-block-buttons\">\n<div class=\"wp-block-button\"><a class=\"wp-block-button__link has-dark-gray-color has-bright-blue-background-color has-text-color has-background wp-element-button\" href=\"https:\/\/blogceta.zaragoza.unam.mx\/mnumericos\/l-m\/\">Lecciones<\/a><\/div>\n\n\n\n<div class=\"wp-block-button\"><a class=\"wp-block-button__link has-dark-gray-color has-yellow-background-color has-text-color has-background wp-element-button\" href=\"https:\/\/blogceta.zaragoza.unam.mx\/mnumericos\/lecm3\">siguiente lecci\u00f3n<\/a><\/div>\n<\/div>\n\n\n\n<!--nextpage-->\n\n\n\n<h2>Soluci\u00f3n<\/h2>\n\n\n\n<p> <\/p>\n\n\n\n<figure class=\"wp-block-image size-full\"><img decoding=\"async\" loading=\"lazy\" width=\"228\" height=\"215\" src=\"https:\/\/blogceta.zaragoza.unam.mx\/mnumericos\/wp-content\/uploads\/sites\/89\/2025\/03\/imagen-24.png\" alt=\"\" class=\"wp-image-6827\" \/><\/figure>\n","protected":false},"excerpt":{"rendered":"<p>Variables en forma de vector y matriz Parte importante del uso de Matlab es la manipulaci\u00f3n y almacenamiento de datos en tablas. Las tablas de una columna o una fila se almacenan en vectores, y las tablas con varias columnas y renglones se almacenan en matrices. La tabla siguiente de tiempo contra temperaturas se puede &hellip; <a href=\"https:\/\/blogceta.zaragoza.unam.mx\/mnumericos\/l-m\/lecm2\/\" class=\"more-link\">Contin\u00faa leyendo <span class=\"screen-reader-text\">lecm2 Vector y Matriz<\/span><\/a><\/p>\n","protected":false},"author":123458,"featured_media":0,"parent":5258,"menu_order":2,"comment_status":"closed","ping_status":"closed","template":"","meta":{"_bbp_topic_count":0,"_bbp_reply_count":0,"_bbp_total_topic_count":0,"_bbp_total_reply_count":0,"_bbp_voice_count":0,"_bbp_anonymous_reply_count":0,"_bbp_topic_count_hidden":0,"_bbp_reply_count_hidden":0,"_bbp_forum_subforum_count":0},"_links":{"self":[{"href":"https:\/\/blogceta.zaragoza.unam.mx\/mnumericos\/wp-json\/wp\/v2\/pages\/5282"}],"collection":[{"href":"https:\/\/blogceta.zaragoza.unam.mx\/mnumericos\/wp-json\/wp\/v2\/pages"}],"about":[{"href":"https:\/\/blogceta.zaragoza.unam.mx\/mnumericos\/wp-json\/wp\/v2\/types\/page"}],"author":[{"embeddable":true,"href":"https:\/\/blogceta.zaragoza.unam.mx\/mnumericos\/wp-json\/wp\/v2\/users\/123458"}],"replies":[{"embeddable":true,"href":"https:\/\/blogceta.zaragoza.unam.mx\/mnumericos\/wp-json\/wp\/v2\/comments?post=5282"}],"version-history":[{"count":22,"href":"https:\/\/blogceta.zaragoza.unam.mx\/mnumericos\/wp-json\/wp\/v2\/pages\/5282\/revisions"}],"predecessor-version":[{"id":6873,"href":"https:\/\/blogceta.zaragoza.unam.mx\/mnumericos\/wp-json\/wp\/v2\/pages\/5282\/revisions\/6873"}],"up":[{"embeddable":true,"href":"https:\/\/blogceta.zaragoza.unam.mx\/mnumericos\/wp-json\/wp\/v2\/pages\/5258"}],"wp:attachment":[{"href":"https:\/\/blogceta.zaragoza.unam.mx\/mnumericos\/wp-json\/wp\/v2\/media?parent=5282"}],"curies":[{"name":"wp","href":"https:\/\/api.w.org\/{rel}","templated":true}]}}