{"id":1782,"date":"2024-12-03T10:30:35","date_gmt":"2024-12-03T16:30:35","guid":{"rendered":"https:\/\/blogceta.zaragoza.unam.mx\/iqzamora\/?page_id=1782"},"modified":"2024-12-03T10:30:35","modified_gmt":"2024-12-03T16:30:35","slug":"python3","status":"publish","type":"page","link":"https:\/\/blogceta.zaragoza.unam.mx\/iqzamora\/python3\/","title":{"rendered":"python3"},"content":{"rendered":"\n<h2>Uso de Colab Notebook de Google<\/h2>\n\n\n\n<figure class=\"wp-block-image size-full is-resized\"><img decoding=\"async\" loading=\"lazy\" src=\"https:\/\/blogceta.zaragoza.unam.mx\/iqzamora\/wp-content\/uploads\/sites\/109\/2024\/12\/imagen-6.png\" alt=\"\" class=\"wp-image-1784\" width=\"636\" height=\"279\" srcset=\"https:\/\/blogceta.zaragoza.unam.mx\/iqzamora\/wp-content\/uploads\/sites\/109\/2024\/12\/imagen-6.png 848w, https:\/\/blogceta.zaragoza.unam.mx\/iqzamora\/wp-content\/uploads\/sites\/109\/2024\/12\/imagen-6-300x132.png 300w, https:\/\/blogceta.zaragoza.unam.mx\/iqzamora\/wp-content\/uploads\/sites\/109\/2024\/12\/imagen-6-768x337.png 768w, https:\/\/blogceta.zaragoza.unam.mx\/iqzamora\/wp-content\/uploads\/sites\/109\/2024\/12\/imagen-6-360x158.png 360w\" sizes=\"(max-width: 636px) 100vw, 636px\" \/><\/figure>\n\n\n\n<p>Crea un nuevo Notebook y en c\u00f3digo introduce las instrucciones, en la secci\u00f3n de texto  puedes documentar.<\/p>\n\n\n\n<figure class=\"wp-block-image size-full\"><img decoding=\"async\" loading=\"lazy\" width=\"468\" height=\"345\" src=\"https:\/\/blogceta.zaragoza.unam.mx\/iqzamora\/wp-content\/uploads\/sites\/109\/2024\/12\/imagen-5.png\" alt=\"\" class=\"wp-image-1783\" srcset=\"https:\/\/blogceta.zaragoza.unam.mx\/iqzamora\/wp-content\/uploads\/sites\/109\/2024\/12\/imagen-5.png 468w, https:\/\/blogceta.zaragoza.unam.mx\/iqzamora\/wp-content\/uploads\/sites\/109\/2024\/12\/imagen-5-300x221.png 300w, https:\/\/blogceta.zaragoza.unam.mx\/iqzamora\/wp-content\/uploads\/sites\/109\/2024\/12\/imagen-5-360x265.png 360w\" sizes=\"(max-width: 468px) 100vw, 468px\" \/><\/figure>\n\n\n\n<p>Con control F9 obt\u00e9n los resultados<\/p>\n\n\n\n<figure class=\"wp-block-image size-full\"><img decoding=\"async\" loading=\"lazy\" width=\"380\" height=\"167\" src=\"https:\/\/blogceta.zaragoza.unam.mx\/iqzamora\/wp-content\/uploads\/sites\/109\/2024\/12\/imagen-7.png\" alt=\"\" class=\"wp-image-1785\" srcset=\"https:\/\/blogceta.zaragoza.unam.mx\/iqzamora\/wp-content\/uploads\/sites\/109\/2024\/12\/imagen-7.png 380w, https:\/\/blogceta.zaragoza.unam.mx\/iqzamora\/wp-content\/uploads\/sites\/109\/2024\/12\/imagen-7-300x132.png 300w, https:\/\/blogceta.zaragoza.unam.mx\/iqzamora\/wp-content\/uploads\/sites\/109\/2024\/12\/imagen-7-360x158.png 360w\" sizes=\"(max-width: 380px) 100vw, 380px\" \/><\/figure>\n","protected":false},"excerpt":{"rendered":"<p>Uso de Colab Notebook de Google Crea un nuevo Notebook y en c\u00f3digo introduce las instrucciones, en la secci\u00f3n de texto puedes documentar. Con control F9 obt\u00e9n los resultados<\/p>\n","protected":false},"author":123458,"featured_media":0,"parent":0,"menu_order":0,"comment_status":"closed","ping_status":"closed","template":"","meta":{"_bbp_topic_count":0,"_bbp_reply_count":0,"_bbp_total_topic_count":0,"_bbp_total_reply_count":0,"_bbp_voice_count":0,"_bbp_anonymous_reply_count":0,"_bbp_topic_count_hidden":0,"_bbp_reply_count_hidden":0,"_bbp_forum_subforum_count":0},"_links":{"self":[{"href":"https:\/\/blogceta.zaragoza.unam.mx\/iqzamora\/wp-json\/wp\/v2\/pages\/1782"}],"collection":[{"href":"https:\/\/blogceta.zaragoza.unam.mx\/iqzamora\/wp-json\/wp\/v2\/pages"}],"about":[{"href":"https:\/\/blogceta.zaragoza.unam.mx\/iqzamora\/wp-json\/wp\/v2\/types\/page"}],"author":[{"embeddable":true,"href":"https:\/\/blogceta.zaragoza.unam.mx\/iqzamora\/wp-json\/wp\/v2\/users\/123458"}],"replies":[{"embeddable":true,"href":"https:\/\/blogceta.zaragoza.unam.mx\/iqzamora\/wp-json\/wp\/v2\/comments?post=1782"}],"version-history":[{"count":1,"href":"https:\/\/blogceta.zaragoza.unam.mx\/iqzamora\/wp-json\/wp\/v2\/pages\/1782\/revisions"}],"predecessor-version":[{"id":1786,"href":"https:\/\/blogceta.zaragoza.unam.mx\/iqzamora\/wp-json\/wp\/v2\/pages\/1782\/revisions\/1786"}],"wp:attachment":[{"href":"https:\/\/blogceta.zaragoza.unam.mx\/iqzamora\/wp-json\/wp\/v2\/media?parent=1782"}],"curies":[{"name":"wp","href":"https:\/\/api.w.org\/{rel}","templated":true}]}}