{"id":538,"date":"2022-10-12T21:42:03","date_gmt":"2022-10-12T21:42:03","guid":{"rendered":"https:\/\/blogceta.zaragoza.unam.mx\/iqfes\/?page_id=538"},"modified":"2026-02-04T12:10:29","modified_gmt":"2026-02-04T18:10:29","slug":"sem4","status":"publish","type":"page","link":"https:\/\/blogceta.zaragoza.unam.mx\/iqfes\/sem4\/","title":{"rendered":"Cuarto Semestre"},"content":{"rendered":"\n<h1>M\u00f3dulo: An\u00e1lisis de procesos<\/h1>\n\n\n\n<figure class=\"wp-block-table\"><table><tbody><tr><td class=\"has-text-align-center\" data-align=\"center\">Clave<\/td><td>Asignatura<\/td><td class=\"has-text-align-center\" data-align=\"center\">Grupos<\/td><td class=\"has-text-align-center\" data-align=\"center\">Febrero a Mayo<\/td><\/tr><tr><td class=\"has-text-align-center\" data-align=\"center\">1403<\/td><td>Balance de masa y energ\u00eda<\/td><td class=\"has-text-align-center\" data-align=\"center\"><a href=\"https:\/\/ocelote.zaragoza.unam.mx\/ef\/index.php?mod=xgrupo&amp;opt=ro&amp;in_area=118&amp;in_grupo=3401\">3401<\/a>, <a href=\"https:\/\/ocelote.zaragoza.unam.mx\/ef\/index.php?mod=xgrupo&amp;opt=ro&amp;in_area=118&amp;in_grupo=3402\">3402<\/a>, <a href=\"https:\/\/ocelote.zaragoza.unam.mx\/ef\/index.php?mod=xgrupo&amp;opt=ro&amp;in_area=118&amp;in_grupo=3403\">3403<\/a><\/td><td class=\"has-text-align-center\" data-align=\"center\"><a href=\"https:\/\/ocelote.zaragoza.unam.mx\/ef\/index.php?mod=xgrupo&amp;opt=ro&amp;in_area=118&amp;in_grupo=4401\">4401<\/a>,  <a href=\"https:\/\/ocelote.zaragoza.unam.mx\/ef\/index.php?mod=xgrupo&amp;opt=ro&amp;in_area=118&amp;in_grupo=4402\">4402<\/a>,   <a href=\"https:\/\/ocelote.zaragoza.unam.mx\/ef\/index.php?mod=xgrupo&amp;opt=ro&amp;in_area=118&amp;in_grupo=4403\">4403<\/a><\/td><\/tr><tr><td class=\"has-text-align-center\" data-align=\"center\">1404<\/td><td>Fen\u00f3menos de transporte<\/td><td class=\"has-text-align-center\" data-align=\"center\"><a href=\"https:\/\/ocelote.zaragoza.unam.mx\/ef\/index.php?mod=xgrupo&amp;opt=ro&amp;in_area=118&amp;in_grupo=3401\">3401<\/a>, <a href=\"https:\/\/ocelote.zaragoza.unam.mx\/ef\/index.php?mod=xgrupo&amp;opt=ro&amp;in_area=118&amp;in_grupo=3402\">3402<\/a>, <a href=\"https:\/\/ocelote.zaragoza.unam.mx\/ef\/index.php?mod=xgrupo&amp;opt=ro&amp;in_area=118&amp;in_grupo=3403\">3403<\/a><\/td><td class=\"has-text-align-center\" data-align=\"center\"><a href=\"https:\/\/ocelote.zaragoza.unam.mx\/ef\/index.php?mod=xgrupo&amp;opt=ro&amp;in_area=118&amp;in_grupo=4401\">4401<\/a>,  <a href=\"https:\/\/ocelote.zaragoza.unam.mx\/ef\/index.php?mod=xgrupo&amp;opt=ro&amp;in_area=118&amp;in_grupo=4402\">4402<\/a>,   <a href=\"https:\/\/ocelote.zaragoza.unam.mx\/ef\/index.php?mod=xgrupo&amp;opt=ro&amp;in_area=118&amp;in_grupo=4403\">4403<\/a><\/td><\/tr><tr><td class=\"has-text-align-center\" data-align=\"center\">1405<\/td><td>Qu\u00edmica industrial<\/td><td class=\"has-text-align-center\" data-align=\"center\"><a href=\"https:\/\/ocelote.zaragoza.unam.mx\/ef\/index.php?mod=xgrupo&amp;opt=ro&amp;in_area=118&amp;in_grupo=3401\">3401<\/a>, <a href=\"https:\/\/ocelote.zaragoza.unam.mx\/ef\/index.php?mod=xgrupo&amp;opt=ro&amp;in_area=118&amp;in_grupo=3402\">3402<\/a>, <a href=\"https:\/\/ocelote.zaragoza.unam.mx\/ef\/index.php?mod=xgrupo&amp;opt=ro&amp;in_area=118&amp;in_grupo=3403\">3403<\/a><\/td><td class=\"has-text-align-center\" data-align=\"center\"><a href=\"https:\/\/ocelote.zaragoza.unam.mx\/ef\/index.php?mod=xgrupo&amp;opt=ro&amp;in_area=118&amp;in_grupo=4401\">4401<\/a>,  <a href=\"https:\/\/ocelote.zaragoza.unam.mx\/ef\/index.php?mod=xgrupo&amp;opt=ro&amp;in_area=118&amp;in_grupo=4402\">4402<\/a>,   <a href=\"https:\/\/ocelote.zaragoza.unam.mx\/ef\/index.php?mod=xgrupo&amp;opt=ro&amp;in_area=118&amp;in_grupo=4403\">4403<\/a><\/td><\/tr><tr><td class=\"has-text-align-center\" data-align=\"center\">1406<\/td><td>M\u00e9todos num\u00e9ricos<\/td><td class=\"has-text-align-center\" data-align=\"center\"><a href=\"https:\/\/ocelote.zaragoza.unam.mx\/ef\/index.php?mod=xgrupo&amp;opt=ro&amp;in_area=118&amp;in_grupo=3401\">3401<\/a>, <a href=\"https:\/\/ocelote.zaragoza.unam.mx\/ef\/index.php?mod=xgrupo&amp;opt=ro&amp;in_area=118&amp;in_grupo=3402\">3402<\/a>, <a href=\"https:\/\/ocelote.zaragoza.unam.mx\/ef\/index.php?mod=xgrupo&amp;opt=ro&amp;in_area=118&amp;in_grupo=3403\">3403<\/a><\/td><td class=\"has-text-align-center\" data-align=\"center\"><a href=\"https:\/\/ocelote.zaragoza.unam.mx\/ef\/index.php?mod=xgrupo&amp;opt=ro&amp;in_area=118&amp;in_grupo=4401\">4401<\/a>,  <a href=\"https:\/\/ocelote.zaragoza.unam.mx\/ef\/index.php?mod=xgrupo&amp;opt=ro&amp;in_area=118&amp;in_grupo=4402\">4402<\/a>,   <a href=\"https:\/\/ocelote.zaragoza.unam.mx\/ef\/index.php?mod=xgrupo&amp;opt=ro&amp;in_area=118&amp;in_grupo=4403\">4403<\/a><\/td><\/tr><tr><td class=\"has-text-align-center\" data-align=\"center\">1407<\/td><td>Laboratorio y taller de proyectos<\/td><td class=\"has-text-align-center\" data-align=\"center\"><a href=\"https:\/\/ocelote.zaragoza.unam.mx\/ef\/index.php?mod=xgrupo&amp;opt=ro&amp;in_area=118&amp;in_grupo=3401\">3401<\/a>, <a href=\"https:\/\/ocelote.zaragoza.unam.mx\/ef\/index.php?mod=xgrupo&amp;opt=ro&amp;in_area=118&amp;in_grupo=3402\">3402<\/a>, <a href=\"https:\/\/ocelote.zaragoza.unam.mx\/ef\/index.php?mod=xgrupo&amp;opt=ro&amp;in_area=118&amp;in_grupo=3403\">3403<\/a><\/td><td class=\"has-text-align-center\" data-align=\"center\"><a href=\"https:\/\/ocelote.zaragoza.unam.mx\/ef\/index.php?mod=xgrupo&amp;opt=ro&amp;in_area=118&amp;in_grupo=4401\">4401<\/a>,  <a href=\"https:\/\/ocelote.zaragoza.unam.mx\/ef\/index.php?mod=xgrupo&amp;opt=ro&amp;in_area=118&amp;in_grupo=4402\">4402<\/a>,   <a href=\"https:\/\/ocelote.zaragoza.unam.mx\/ef\/index.php?mod=xgrupo&amp;opt=ro&amp;in_area=118&amp;in_grupo=4403\">4403<\/a><\/td><\/tr><\/tbody><\/table><\/figure>\n\n\n<div class=\"wp-block-image\">\n<figure class=\"aligncenter size-full\"><img decoding=\"async\" loading=\"lazy\" width=\"300\" height=\"168\" src=\"https:\/\/blogceta.zaragoza.unam.mx\/iqfes\/wp-content\/uploads\/sites\/93\/2025\/01\/imagen-6.png\" alt=\"\" class=\"wp-image-3283\" \/><\/figure><\/div>\n\n\n<hr class=\"wp-block-separator has-alpha-channel-opacity\" \/>\n\n\n\n<h2>PROP\u00d3SITO<\/h2>\n\n\n\n<p class=\"has-text-align-center\"><strong>El alumno ser\u00e1 capaz de aplicar los conocimientos te\u00f3ricos, metodol\u00f3gicos y pr\u00e1cticos en el an\u00e1lisis de un problema de la Industria de Procesos en M\u00e9xico, sus principales procesos y recursos, as\u00ed como su situaci\u00f3n econ\u00f3mica actual y perspectivas de desarrollo.<\/strong><\/p>\n\n\n\n<p>Este m\u00f3dulo tiene como fin primordial el de proporcionar una visi\u00f3n integral de los procesos industriales, desde un punto de vista macrosc\u00f3pico y econ\u00f3mico, as\u00ed como estudiar los fundamentos de los fen\u00f3menos de transferencia a nivel molecular.<\/p>\n\n\n\n<h2>Objetivos del Semestre<\/h2>\n\n\n\n<ol>\n<li>Conocer la situaci\u00f3n econ\u00f3mica de la industria qu\u00edmica.<\/li>\n\n\n\n<li>Conocer los procesos de mayor importancia para la industria qu\u00edmica del pa\u00eds.<\/li>\n\n\n\n<li>Establecer y resolver los balances de materia y energ\u00eda que permitan un an\u00e1lisis macrosc\u00f3pico de los procesos qu\u00edmicos y fisicoqu\u00edmicos. <\/li>\n\n\n\n<li>Establecer y resolver las ecuaciones de transporte de&nbsp;<em>momentum,&nbsp;<\/em>energ\u00eda y masa que permitan describir desde un punto de vista molecular los procesos qu\u00edmicos y fisicoqu\u00edmicos.<\/li>\n\n\n\n<li>Conocer y manejar los m\u00e9todos num\u00e9ricos que permitan la resoluci\u00f3n de las ecuaciones que aparecen en el an\u00e1lisis de procesos.<\/li>\n<\/ol>\n\n\n\n<hr class=\"wp-block-separator has-alpha-channel-opacity\" \/>\n\n\n\n<h2>Objetivos de la materia de Balance de Masa y Energ\u00eda.<\/h2>\n\n\n\n<p>El alumno deber\u00e1 aplicar la metodolog\u00eda de c\u00e1lculo de balance de masa y energ\u00eda tomando como<br>base los principios y leyes fisicoqu\u00edmicas para integrarlos al an\u00e1lisis y dise\u00f1o de procesos.<\/p>\n\n\n\n<ol class=\"wp-block-list\">\n<li>Analizar la ingenier\u00eda qu\u00edmica en M\u00e9xico y sus campos de trabajo.<\/li>\n\n\n\n<li>Explicar el significado de las unidades y dimensiones mediante el uso de sistemas de unidades dando sus principales caracter\u00edsticas.<\/li>\n\n\n\n<li>Explicar lo que son las unidades fundamentales y las derivadas.<\/li>\n\n\n\n<li>Analizar la importancia del sistema internacional de unidades y enunciar la lista completa de unidades fundamentales.<\/li>\n\n\n\n<li>Definir los conceptos gmol, lbmol, y peso molecular.<\/li>\n\n\n\n<li>Enunciar el principio de conservaci\u00f3n de la masa.<\/li>\n\n\n\n<li>Ejemplificar la informaci\u00f3n que se puede obtener de una reacci\u00f3n qu\u00edmica.<\/li>\n\n\n\n<li>Proponer el balance total en un proceso cualquiera, con base en el principio de conservaci\u00f3n de la masa.<\/li>\n\n\n\n<li>Realizar el balance por componente para un proceso dado.<\/li>\n<\/ol>\n\n\n\n<hr class=\"wp-block-separator has-alpha-channel-opacity\" \/>\n\n\n\n<h2>PROGRAMAS DE ESTUDIOS<\/h2>\n\n\n\n<ul>\n<li>Balance de masa y energ\u00eda   [<a href=\"https:\/\/drive.google.com\/file\/d\/1VlixjYxQdZmz1dNjghOJPA6HjtEGll2t\/view?usp=sharing\">PDF<\/a>]<\/li>\n\n\n\n<li>Fen\u00f3menos de transporte   [<a href=\"https:\/\/drive.google.com\/file\/d\/1ZBH8nMRuJh2UZVX_F3F46wrxf6H8Ts62\/view?usp=sharing\">PDF<\/a>]<\/li>\n\n\n\n<li>Qu\u00edmica industrial   [<a href=\"https:\/\/drive.google.com\/file\/d\/1NtbnsObqPYmbvgKRiCMg8_Aigh4yWcTp\/view?usp=sharing\">PDF<\/a>]<\/li>\n\n\n\n<li>M\u00e9todos num\u00e9ricos   [<a href=\"https:\/\/drive.google.com\/file\/d\/1H_hDojwxvViWTeUTQCdDGTtqoZ7ugkQg\/view?usp=sharing\">PDF<\/a>]<\/li>\n\n\n\n<li>Laboratorio y taller de proyectos   [<a href=\"https:\/\/drive.google.com\/file\/d\/17EQznDZ1yRgNJhNqUfh1JQdCNpPIAh7X\/view?usp=sharing\">PDF<\/a>]<\/li>\n<\/ul>\n","protected":false},"excerpt":{"rendered":"<p>M\u00f3dulo: An\u00e1lisis de procesos Clave Asignatura Grupos Febrero a Mayo 1403 Balance de masa y energ\u00eda 3401, 3402, 3403 4401, 4402, 4403 1404 Fen\u00f3menos de transporte 3401, 3402, 3403 4401, 4402, 4403 1405 Qu\u00edmica industrial 3401, 3402, 3403 4401, 4402, <a href=\"https:\/\/blogceta.zaragoza.unam.mx\/iqfes\/sem4\/\" class=\"read-more\">Read More &#8230;<\/a><\/p>\n","protected":false},"author":123458,"featured_media":0,"parent":0,"menu_order":0,"comment_status":"closed","ping_status":"closed","template":"","meta":{"_bbp_topic_count":0,"_bbp_reply_count":0,"_bbp_total_topic_count":0,"_bbp_total_reply_count":0,"_bbp_voice_count":0,"_bbp_anonymous_reply_count":0,"_bbp_topic_count_hidden":0,"_bbp_reply_count_hidden":0,"_bbp_forum_subforum_count":0},"_links":{"self":[{"href":"https:\/\/blogceta.zaragoza.unam.mx\/iqfes\/wp-json\/wp\/v2\/pages\/538"}],"collection":[{"href":"https:\/\/blogceta.zaragoza.unam.mx\/iqfes\/wp-json\/wp\/v2\/pages"}],"about":[{"href":"https:\/\/blogceta.zaragoza.unam.mx\/iqfes\/wp-json\/wp\/v2\/types\/page"}],"author":[{"embeddable":true,"href":"https:\/\/blogceta.zaragoza.unam.mx\/iqfes\/wp-json\/wp\/v2\/users\/123458"}],"replies":[{"embeddable":true,"href":"https:\/\/blogceta.zaragoza.unam.mx\/iqfes\/wp-json\/wp\/v2\/comments?post=538"}],"version-history":[{"count":13,"href":"https:\/\/blogceta.zaragoza.unam.mx\/iqfes\/wp-json\/wp\/v2\/pages\/538\/revisions"}],"predecessor-version":[{"id":3977,"href":"https:\/\/blogceta.zaragoza.unam.mx\/iqfes\/wp-json\/wp\/v2\/pages\/538\/revisions\/3977"}],"wp:attachment":[{"href":"https:\/\/blogceta.zaragoza.unam.mx\/iqfes\/wp-json\/wp\/v2\/media?parent=538"}],"curies":[{"name":"wp","href":"https:\/\/api.w.org\/{rel}","templated":true}]}}