{"id":26,"date":"2022-10-07T11:31:59","date_gmt":"2022-10-07T11:31:59","guid":{"rendered":"https:\/\/simulaschool.wordpress.com\/?page_id=7"},"modified":"2025-02-26T17:01:28","modified_gmt":"2025-02-26T23:01:28","slug":"pp","status":"publish","type":"page","link":"https:\/\/blogceta.zaragoza.unam.mx\/iqfes\/pp\/","title":{"rendered":"Planta piloto"},"content":{"rendered":"\n<div class=\"wp-block-media-text alignwide is-stacked-on-mobile\" style=\"grid-template-columns:29% auto\"><figure class=\"wp-block-media-text__media\"><img decoding=\"async\" loading=\"lazy\" width=\"300\" height=\"444\" src=\"https:\/\/blogceta.zaragoza.unam.mx\/iqfes\/wp-content\/uploads\/sites\/93\/2024\/11\/imagen.png\" alt=\"\" class=\"wp-image-3106 size-full\" srcset=\"https:\/\/blogceta.zaragoza.unam.mx\/iqfes\/wp-content\/uploads\/sites\/93\/2024\/11\/imagen.png 300w, https:\/\/blogceta.zaragoza.unam.mx\/iqfes\/wp-content\/uploads\/sites\/93\/2024\/11\/imagen-203x300.png 203w, https:\/\/blogceta.zaragoza.unam.mx\/iqfes\/wp-content\/uploads\/sites\/93\/2024\/11\/imagen-182x270.png 182w\" sizes=\"(max-width: 300px) 100vw, 300px\" \/><\/figure><div class=\"wp-block-media-text__content\">\n<p class=\"has-text-align-center\">Se considera como &#8220;<strong>Planta Piloto<\/strong>&#8221; al conjunto de operaciones unitarias a peque\u00f1a escala dise\u00f1ados para obtener informaci\u00f3n que se puede utilizar en procesos a escala industrial. Permiten realizar estudios de viabilidad de dise\u00f1os y procesos a escala industrial, reduciendo as\u00ed el costo de la inversi\u00f3n inicial. Tambi\u00e9n permiten adquirir experiencia en el manejo de equipos. <\/p>\n\n\n\n<p class=\"has-text-align-center\">En la actualidad, hay simuladores disponibles para el estudio de procesos en lugar de las plantas piloto. Sin embargo, los simuladores no permiten predecir el comportamiento u obtener datos de nuevos procesos para optimizarlos. Por lo tanto,&nbsp;tener una Planta Piloto relacionada con el proceso de estudio o trabajo ofrece m\u00faltiples ventajas frente a los simuladores.<\/p>\n<\/div><\/div>\n\n\n\n<blockquote class=\"wp-block-quote\">\n<p><strong>Responsable de la Planta Piloto de Ingenier\u00eda Qu\u00edmica<\/strong><\/p>\n<\/blockquote>\n\n\n\n<p class=\"has-text-align-center\">Elisa Vi\u00f1as Reyes es Ingeniera Qu\u00edmica egresada de la FES Zaragoza con maestr\u00eda en Ingenier\u00eda. Desde el 2018 est\u00e1 a cargo de la Planta Piloto de Ingenier\u00eda Qu\u00edmica y colabora con profesores y alumnos en el uso de diversos equipos de proceso y desarrollo de practicas de laboratorio.<\/p>\n\n\n\n<p>Las unidades did\u00e1cticas de la planta piloto apoyan al sexto y s\u00e9ptimo semestre de la carrera.<\/p>\n\n\n\n<div class=\"is-horizontal is-content-justification-center is-layout-flex wp-container-1 wp-block-buttons\">\n<div class=\"wp-block-button\"><a class=\"wp-block-button__link has-dark-gray-color has-dark-yellow-background-color has-text-color has-background wp-element-button\" href=\"https:\/\/blogceta.zaragoza.unam.mx\/iqfes\/practicas\/\">Lista de pr\u00e1cticas <\/a><\/div>\n<\/div>\n\n\n\n<p>En este sitio hay informaci\u00f3n relacionada con los equipos de la Planta Piloto de Ingenier\u00eda Qu\u00edmica.<\/p>\n\n\n\n<div class=\"is-layout-flex wp-container-5 wp-block-columns\">\n<div class=\"is-layout-flow wp-block-column is-vertically-aligned-center\">\n<div class=\"is-content-justification-center is-layout-flex wp-container-2 wp-block-buttons\">\n<div class=\"wp-block-button\"><a class=\"wp-block-button__link wp-element-button\" href=\"https:\/\/blogceta.zaragoza.unam.mx\/iqplantapiloto\/\">Visitar Planta Piloto<\/a><\/div>\n<\/div>\n<\/div>\n\n\n\n<div class=\"is-layout-flow wp-block-column\">\n<ol>\n<li>Lista de pr\u00e1cticas de laboratorio de sexto y s\u00e9ptimo semestre. <\/li>\n\n\n\n<li>Fichas t\u00e9cnicas de los equipos <\/li>\n\n\n\n<li>DTI\u00b4s de cada equipo <\/li>\n\n\n\n<li>Manual&nbsp;o gu\u00eda de operaci\u00f3n por equipo. <\/li>\n\n\n\n<li>Reglamentos de la planta piloto. <\/li>\n\n\n\n<li>Fotograf\u00edas y videos de los&nbsp;equipos. <\/li>\n\n\n\n<li>Horarios&nbsp;de pr\u00e1cticas de LTP de 6\u00b0 y 7\u00b0 <\/li>\n\n\n\n<li>Evaluaci\u00f3n de pr\u00e1cticas <\/li>\n\n\n\n<li>Acceso a buz\u00f3n de&nbsp;quejas y sugerencias.<\/li>\n<\/ol>\n<\/div>\n<\/div>\n\n\n\n<p><\/p>\n\n\n\n<hr class=\"wp-block-separator has-alpha-channel-opacity\" \/>\n\n\n\n<h2>PROGRAMACI\u00d3N DE PRACTICAS<\/h2>\n\n\n\n<div class=\"is-content-justification-center is-layout-flex wp-container-6 wp-block-buttons\">\n<div class=\"wp-block-button\"><a class=\"wp-block-button__link wp-element-button\" href=\"https:\/\/blogceta.zaragoza.unam.mx\/iqfes\/pp\/2\/\">SEXTO SEMESTRE<\/a><\/div>\n\n\n\n<div class=\"wp-block-button\"><a class=\"wp-block-button__link wp-element-button\">S\u00c9PTIMO SEMESTRE<\/a><\/div>\n<\/div>\n\n\n\n<!--nextpage-->\n\n\n\n<div class=\"is-layout-flex wp-container-14 wp-block-columns\">\n<div class=\"is-layout-flow wp-block-column\" style=\"flex-basis:66.66%\">\n<h2>ACTIVIDADES<\/h2>\n\n\n<div class=\"wp-block-image\">\n<figure class=\"aligncenter size-full\"><img decoding=\"async\" loading=\"lazy\" width=\"727\" height=\"788\" src=\"https:\/\/blogceta.zaragoza.unam.mx\/iqfes\/wp-content\/uploads\/sites\/93\/2025\/02\/imagen-8.png\" alt=\"\" class=\"wp-image-3478\" srcset=\"https:\/\/blogceta.zaragoza.unam.mx\/iqfes\/wp-content\/uploads\/sites\/93\/2025\/02\/imagen-8.png 727w, https:\/\/blogceta.zaragoza.unam.mx\/iqfes\/wp-content\/uploads\/sites\/93\/2025\/02\/imagen-8-277x300.png 277w, https:\/\/blogceta.zaragoza.unam.mx\/iqfes\/wp-content\/uploads\/sites\/93\/2025\/02\/imagen-8-249x270.png 249w\" sizes=\"(max-width: 727px) 100vw, 727px\" \/><\/figure><\/div><\/div>\n\n\n\n<div class=\"is-layout-flow wp-block-column\" style=\"flex-basis:33.33%\">\n<h2 class=\"has-text-align-center\">GRUPO   PROFESOR<\/h2>\n\n\n\n<div class=\"is-layout-flex wp-block-buttons\">\n<div class=\"wp-block-button\"><a class=\"wp-block-button__link wp-element-button\">4651  Miguel \u00c1ngel P\u00e9rez Fajardo<\/a><\/div>\n<\/div>\n\n\n\n<hr class=\"wp-block-separator has-alpha-channel-opacity\" \/>\n\n\n\n<div class=\"is-layout-flex wp-block-buttons\">\n<div class=\"wp-block-button\"><a class=\"wp-block-button__link wp-element-button\">4652  Iv\u00e1n V. Molina Jaramillo<\/a><\/div>\n<\/div>\n\n\n\n<hr class=\"wp-block-separator has-alpha-channel-opacity\" \/>\n\n\n\n<div class=\"is-layout-flex wp-block-buttons\">\n<div class=\"wp-block-button\"><a class=\"wp-block-button__link wp-element-button\">4653  Paulette Tapia Torres<\/a><\/div>\n<\/div>\n\n\n\n<hr class=\"wp-block-separator has-alpha-channel-opacity\" \/>\n\n\n\n<div class=\"is-layout-flex wp-block-buttons\">\n<div class=\"wp-block-button\"><a class=\"wp-block-button__link wp-element-button\">4661  Alejandro Rogel Ram\u00edrez<\/a><\/div>\n<\/div>\n\n\n\n<hr class=\"wp-block-separator has-alpha-channel-opacity\" \/>\n\n\n\n<div class=\"is-layout-flex wp-block-buttons\">\n<div class=\"wp-block-button\"><a class=\"wp-block-button__link wp-element-button\">4662  Arturo E. M\u00e9ndez Guti\u00e9rrez<\/a><\/div>\n\n\n\n<div class=\"wp-block-button\"><a class=\"wp-block-button__link wp-element-button\">4663 Rodolfo Herrera Toledo<\/a><\/div>\n<\/div>\n<\/div>\n<\/div>\n\n\n\n<!--nextpage-->\n\n\n\n<h2>GRUPO  4651<\/h2>\n\n\n\n<figure class=\"wp-block-table\"><table><tbody><tr><td class=\"has-text-align-center\" data-align=\"center\"><\/td><td class=\"has-text-align-center\" data-align=\"center\">Grupo 4651<\/td><td class=\"has-text-align-center\" data-align=\"center\">Lunes y Viernes 10 a 16<\/td><td class=\"has-text-align-center\" data-align=\"center\"><\/td><td class=\"has-text-align-center\" data-align=\"center\"><\/td><\/tr><tr><td class=\"has-text-align-center\" data-align=\"center\">D\u00cdA<\/td><td class=\"has-text-align-center\" data-align=\"center\">EQUIPO 1<\/td><td class=\"has-text-align-center\" data-align=\"center\">EQUIPO 2<\/td><td class=\"has-text-align-center\" data-align=\"center\">EQUIPO 3<\/td><td class=\"has-text-align-center\" data-align=\"center\">EQUIPO 4<\/td><\/tr><tr><td class=\"has-text-align-center\" data-align=\"center\"><\/td><td class=\"has-text-align-center\" data-align=\"center\"><\/td><td class=\"has-text-align-center\" data-align=\"center\"><\/td><td class=\"has-text-align-center\" data-align=\"center\"><\/td><td class=\"has-text-align-center\" data-align=\"center\"><\/td><\/tr><tr><td class=\"has-text-align-center\" data-align=\"center\"><\/td><td class=\"has-text-align-center\" data-align=\"center\"><\/td><td class=\"has-text-align-center\" data-align=\"center\"><\/td><td class=\"has-text-align-center\" data-align=\"center\"><\/td><td class=\"has-text-align-center\" data-align=\"center\"><\/td><\/tr><tr><td class=\"has-text-align-center\" data-align=\"center\"><\/td><td class=\"has-text-align-center\" data-align=\"center\"><\/td><td class=\"has-text-align-center\" data-align=\"center\"><\/td><td class=\"has-text-align-center\" data-align=\"center\"><\/td><td class=\"has-text-align-center\" data-align=\"center\"><\/td><\/tr><tr><td class=\"has-text-align-center\" data-align=\"center\"><\/td><td class=\"has-text-align-center\" data-align=\"center\"><\/td><td class=\"has-text-align-center\" data-align=\"center\"><\/td><td class=\"has-text-align-center\" data-align=\"center\"><\/td><td class=\"has-text-align-center\" data-align=\"center\"><\/td><\/tr><tr><td class=\"has-text-align-center\" data-align=\"center\"><\/td><td class=\"has-text-align-center\" data-align=\"center\"><\/td><td class=\"has-text-align-center\" data-align=\"center\"><\/td><td class=\"has-text-align-center\" data-align=\"center\"><\/td><td class=\"has-text-align-center\" data-align=\"center\"><\/td><\/tr><tr><td class=\"has-text-align-center\" data-align=\"center\"><\/td><td class=\"has-text-align-center\" data-align=\"center\"><\/td><td class=\"has-text-align-center\" data-align=\"center\"><\/td><td class=\"has-text-align-center\" data-align=\"center\"><\/td><td class=\"has-text-align-center\" data-align=\"center\"><\/td><\/tr><tr><td class=\"has-text-align-center\" data-align=\"center\"><\/td><td class=\"has-text-align-center\" data-align=\"center\"><\/td><td class=\"has-text-align-center\" data-align=\"center\"><\/td><td class=\"has-text-align-center\" data-align=\"center\"><\/td><td class=\"has-text-align-center\" data-align=\"center\"><\/td><\/tr><tr><td class=\"has-text-align-center\" data-align=\"center\"><\/td><td class=\"has-text-align-center\" data-align=\"center\"><\/td><td class=\"has-text-align-center\" data-align=\"center\"><\/td><td class=\"has-text-align-center\" data-align=\"center\"><\/td><td class=\"has-text-align-center\" data-align=\"center\"><\/td><\/tr><tr><td class=\"has-text-align-center\" data-align=\"center\"><\/td><td class=\"has-text-align-center\" data-align=\"center\"><\/td><td class=\"has-text-align-center\" data-align=\"center\"><\/td><td class=\"has-text-align-center\" data-align=\"center\"><\/td><td class=\"has-text-align-center\" data-align=\"center\"><\/td><\/tr><tr><td class=\"has-text-align-center\" data-align=\"center\"><\/td><td class=\"has-text-align-center\" data-align=\"center\"><\/td><td class=\"has-text-align-center\" data-align=\"center\"><\/td><td class=\"has-text-align-center\" data-align=\"center\"><\/td><td class=\"has-text-align-center\" data-align=\"center\"><\/td><\/tr><tr><td class=\"has-text-align-center\" data-align=\"center\"><\/td><td class=\"has-text-align-center\" data-align=\"center\"><\/td><td class=\"has-text-align-center\" data-align=\"center\"><\/td><td class=\"has-text-align-center\" data-align=\"center\"><\/td><td class=\"has-text-align-center\" data-align=\"center\"><\/td><\/tr><tr><td class=\"has-text-align-center\" data-align=\"center\"><\/td><td class=\"has-text-align-center\" data-align=\"center\"><\/td><td class=\"has-text-align-center\" data-align=\"center\"><\/td><td class=\"has-text-align-center\" data-align=\"center\"><\/td><td class=\"has-text-align-center\" data-align=\"center\"><\/td><\/tr><tr><td class=\"has-text-align-center\" data-align=\"center\"><\/td><td class=\"has-text-align-center\" data-align=\"center\"><\/td><td class=\"has-text-align-center\" data-align=\"center\"><\/td><td class=\"has-text-align-center\" data-align=\"center\"><\/td><td class=\"has-text-align-center\" data-align=\"center\"><\/td><\/tr><tr><td class=\"has-text-align-center\" data-align=\"center\"><\/td><td class=\"has-text-align-center\" data-align=\"center\"><\/td><td class=\"has-text-align-center\" data-align=\"center\"><\/td><td class=\"has-text-align-center\" data-align=\"center\"><\/td><td class=\"has-text-align-center\" data-align=\"center\"><\/td><\/tr><tr><td class=\"has-text-align-center\" data-align=\"center\"><\/td><td class=\"has-text-align-center\" data-align=\"center\"><\/td><td class=\"has-text-align-center\" data-align=\"center\"><\/td><td class=\"has-text-align-center\" data-align=\"center\"><\/td><td class=\"has-text-align-center\" data-align=\"center\"><\/td><\/tr><tr><td class=\"has-text-align-center\" data-align=\"center\"><\/td><td class=\"has-text-align-center\" data-align=\"center\"><\/td><td class=\"has-text-align-center\" data-align=\"center\"><\/td><td class=\"has-text-align-center\" data-align=\"center\"><\/td><td class=\"has-text-align-center\" data-align=\"center\"><\/td><\/tr><\/tbody><\/table><\/figure>\n\n\n\n<figure class=\"wp-block-image size-full\"><img decoding=\"async\" loading=\"lazy\" width=\"708\" height=\"784\" src=\"https:\/\/blogceta.zaragoza.unam.mx\/iqfes\/wp-content\/uploads\/sites\/93\/2025\/02\/imagen-9.png\" alt=\"\" class=\"wp-image-3479\" srcset=\"https:\/\/blogceta.zaragoza.unam.mx\/iqfes\/wp-content\/uploads\/sites\/93\/2025\/02\/imagen-9.png 708w, https:\/\/blogceta.zaragoza.unam.mx\/iqfes\/wp-content\/uploads\/sites\/93\/2025\/02\/imagen-9-271x300.png 271w, https:\/\/blogceta.zaragoza.unam.mx\/iqfes\/wp-content\/uploads\/sites\/93\/2025\/02\/imagen-9-244x270.png 244w\" sizes=\"(max-width: 708px) 100vw, 708px\" \/><\/figure>\n\n\n\n<figure class=\"wp-block-image size-full\"><img decoding=\"async\" loading=\"lazy\" width=\"708\" height=\"788\" src=\"https:\/\/blogceta.zaragoza.unam.mx\/iqfes\/wp-content\/uploads\/sites\/93\/2025\/02\/imagen-10.png\" alt=\"\" class=\"wp-image-3480\" srcset=\"https:\/\/blogceta.zaragoza.unam.mx\/iqfes\/wp-content\/uploads\/sites\/93\/2025\/02\/imagen-10.png 708w, https:\/\/blogceta.zaragoza.unam.mx\/iqfes\/wp-content\/uploads\/sites\/93\/2025\/02\/imagen-10-270x300.png 270w, https:\/\/blogceta.zaragoza.unam.mx\/iqfes\/wp-content\/uploads\/sites\/93\/2025\/02\/imagen-10-243x270.png 243w\" sizes=\"(max-width: 708px) 100vw, 708px\" \/><\/figure>\n\n\n\n<figure class=\"wp-block-image size-full\"><img decoding=\"async\" loading=\"lazy\" width=\"698\" height=\"787\" src=\"https:\/\/blogceta.zaragoza.unam.mx\/iqfes\/wp-content\/uploads\/sites\/93\/2025\/02\/imagen-11.png\" alt=\"\" class=\"wp-image-3481\" srcset=\"https:\/\/blogceta.zaragoza.unam.mx\/iqfes\/wp-content\/uploads\/sites\/93\/2025\/02\/imagen-11.png 698w, https:\/\/blogceta.zaragoza.unam.mx\/iqfes\/wp-content\/uploads\/sites\/93\/2025\/02\/imagen-11-266x300.png 266w, https:\/\/blogceta.zaragoza.unam.mx\/iqfes\/wp-content\/uploads\/sites\/93\/2025\/02\/imagen-11-239x270.png 239w\" sizes=\"(max-width: 698px) 100vw, 698px\" \/><\/figure>\n\n\n\n<figure class=\"wp-block-image size-full\"><img decoding=\"async\" loading=\"lazy\" width=\"702\" height=\"783\" src=\"https:\/\/blogceta.zaragoza.unam.mx\/iqfes\/wp-content\/uploads\/sites\/93\/2025\/02\/imagen-12.png\" alt=\"\" class=\"wp-image-3482\" srcset=\"https:\/\/blogceta.zaragoza.unam.mx\/iqfes\/wp-content\/uploads\/sites\/93\/2025\/02\/imagen-12.png 702w, https:\/\/blogceta.zaragoza.unam.mx\/iqfes\/wp-content\/uploads\/sites\/93\/2025\/02\/imagen-12-269x300.png 269w, https:\/\/blogceta.zaragoza.unam.mx\/iqfes\/wp-content\/uploads\/sites\/93\/2025\/02\/imagen-12-242x270.png 242w\" sizes=\"(max-width: 702px) 100vw, 702px\" \/><\/figure>\n\n\n\n<figure class=\"wp-block-image size-full\"><img decoding=\"async\" loading=\"lazy\" width=\"698\" height=\"786\" src=\"https:\/\/blogceta.zaragoza.unam.mx\/iqfes\/wp-content\/uploads\/sites\/93\/2025\/02\/imagen-13.png\" alt=\"\" class=\"wp-image-3483\" srcset=\"https:\/\/blogceta.zaragoza.unam.mx\/iqfes\/wp-content\/uploads\/sites\/93\/2025\/02\/imagen-13.png 698w, https:\/\/blogceta.zaragoza.unam.mx\/iqfes\/wp-content\/uploads\/sites\/93\/2025\/02\/imagen-13-266x300.png 266w, https:\/\/blogceta.zaragoza.unam.mx\/iqfes\/wp-content\/uploads\/sites\/93\/2025\/02\/imagen-13-240x270.png 240w\" sizes=\"(max-width: 698px) 100vw, 698px\" \/><\/figure>\n\n\n\n<figure class=\"wp-block-image size-full\"><img decoding=\"async\" loading=\"lazy\" width=\"702\" height=\"783\" src=\"https:\/\/blogceta.zaragoza.unam.mx\/iqfes\/wp-content\/uploads\/sites\/93\/2025\/02\/imagen-14.png\" alt=\"\" class=\"wp-image-3484\" srcset=\"https:\/\/blogceta.zaragoza.unam.mx\/iqfes\/wp-content\/uploads\/sites\/93\/2025\/02\/imagen-14.png 702w, https:\/\/blogceta.zaragoza.unam.mx\/iqfes\/wp-content\/uploads\/sites\/93\/2025\/02\/imagen-14-269x300.png 269w, https:\/\/blogceta.zaragoza.unam.mx\/iqfes\/wp-content\/uploads\/sites\/93\/2025\/02\/imagen-14-242x270.png 242w\" sizes=\"(max-width: 702px) 100vw, 702px\" \/><\/figure>\n\n\n\n<!--nextpage-->\n\n\n\n<h2>S\u00c9PTIMO SEMESTRE<\/h2>\n\n\n\n<figure class=\"wp-block-image size-full\"><img decoding=\"async\" loading=\"lazy\" width=\"436\" height=\"279\" src=\"https:\/\/blogceta.zaragoza.unam.mx\/iqfes\/wp-content\/uploads\/sites\/93\/2025\/02\/imagen-15.png\" alt=\"\" class=\"wp-image-3485\" srcset=\"https:\/\/blogceta.zaragoza.unam.mx\/iqfes\/wp-content\/uploads\/sites\/93\/2025\/02\/imagen-15.png 436w, https:\/\/blogceta.zaragoza.unam.mx\/iqfes\/wp-content\/uploads\/sites\/93\/2025\/02\/imagen-15-300x192.png 300w, https:\/\/blogceta.zaragoza.unam.mx\/iqfes\/wp-content\/uploads\/sites\/93\/2025\/02\/imagen-15-360x230.png 360w\" sizes=\"(max-width: 436px) 100vw, 436px\" \/><\/figure>\n\n\n\n<h2>ACTIVIDADES<\/h2>\n\n\n\n<figure class=\"wp-block-image size-full\"><img decoding=\"async\" loading=\"lazy\" width=\"638\" height=\"790\" src=\"https:\/\/blogceta.zaragoza.unam.mx\/iqfes\/wp-content\/uploads\/sites\/93\/2025\/02\/imagen-16.png\" alt=\"\" class=\"wp-image-3486\" srcset=\"https:\/\/blogceta.zaragoza.unam.mx\/iqfes\/wp-content\/uploads\/sites\/93\/2025\/02\/imagen-16.png 638w, https:\/\/blogceta.zaragoza.unam.mx\/iqfes\/wp-content\/uploads\/sites\/93\/2025\/02\/imagen-16-242x300.png 242w, https:\/\/blogceta.zaragoza.unam.mx\/iqfes\/wp-content\/uploads\/sites\/93\/2025\/02\/imagen-16-218x270.png 218w\" sizes=\"(max-width: 638px) 100vw, 638px\" \/><\/figure>\n\n\n\n<!--nextpage-->\n\n\n\n<figure class=\"wp-block-image size-full\"><img decoding=\"async\" loading=\"lazy\" width=\"621\" height=\"705\" src=\"https:\/\/blogceta.zaragoza.unam.mx\/iqfes\/wp-content\/uploads\/sites\/93\/2025\/02\/imagen-18.png\" alt=\"\" class=\"wp-image-3488\" srcset=\"https:\/\/blogceta.zaragoza.unam.mx\/iqfes\/wp-content\/uploads\/sites\/93\/2025\/02\/imagen-18.png 621w, https:\/\/blogceta.zaragoza.unam.mx\/iqfes\/wp-content\/uploads\/sites\/93\/2025\/02\/imagen-18-264x300.png 264w, https:\/\/blogceta.zaragoza.unam.mx\/iqfes\/wp-content\/uploads\/sites\/93\/2025\/02\/imagen-18-238x270.png 238w\" sizes=\"(max-width: 621px) 100vw, 621px\" \/><\/figure>\n\n\n\n<figure class=\"wp-block-image size-full is-resized\"><img decoding=\"async\" loading=\"lazy\" src=\"https:\/\/blogceta.zaragoza.unam.mx\/iqfes\/wp-content\/uploads\/sites\/93\/2025\/02\/imagen-17.png\" alt=\"\" class=\"wp-image-3487\" width=\"596\" height=\"699\" srcset=\"https:\/\/blogceta.zaragoza.unam.mx\/iqfes\/wp-content\/uploads\/sites\/93\/2025\/02\/imagen-17.png 596w, https:\/\/blogceta.zaragoza.unam.mx\/iqfes\/wp-content\/uploads\/sites\/93\/2025\/02\/imagen-17-256x300.png 256w, https:\/\/blogceta.zaragoza.unam.mx\/iqfes\/wp-content\/uploads\/sites\/93\/2025\/02\/imagen-17-230x270.png 230w\" sizes=\"(max-width: 596px) 100vw, 596px\" \/><\/figure>\n\n\n\n<figure class=\"wp-block-image size-full\"><img decoding=\"async\" loading=\"lazy\" width=\"626\" height=\"693\" src=\"https:\/\/blogceta.zaragoza.unam.mx\/iqfes\/wp-content\/uploads\/sites\/93\/2025\/02\/imagen-20.png\" alt=\"\" class=\"wp-image-3490\" srcset=\"https:\/\/blogceta.zaragoza.unam.mx\/iqfes\/wp-content\/uploads\/sites\/93\/2025\/02\/imagen-20.png 626w, https:\/\/blogceta.zaragoza.unam.mx\/iqfes\/wp-content\/uploads\/sites\/93\/2025\/02\/imagen-20-271x300.png 271w, https:\/\/blogceta.zaragoza.unam.mx\/iqfes\/wp-content\/uploads\/sites\/93\/2025\/02\/imagen-20-244x270.png 244w\" sizes=\"(max-width: 626px) 100vw, 626px\" \/><\/figure>\n\n\n\n<figure class=\"wp-block-image size-full\"><img decoding=\"async\" loading=\"lazy\" width=\"626\" height=\"687\" src=\"https:\/\/blogceta.zaragoza.unam.mx\/iqfes\/wp-content\/uploads\/sites\/93\/2025\/02\/imagen-19.png\" alt=\"\" class=\"wp-image-3489\" srcset=\"https:\/\/blogceta.zaragoza.unam.mx\/iqfes\/wp-content\/uploads\/sites\/93\/2025\/02\/imagen-19.png 626w, https:\/\/blogceta.zaragoza.unam.mx\/iqfes\/wp-content\/uploads\/sites\/93\/2025\/02\/imagen-19-273x300.png 273w, https:\/\/blogceta.zaragoza.unam.mx\/iqfes\/wp-content\/uploads\/sites\/93\/2025\/02\/imagen-19-246x270.png 246w\" sizes=\"(max-width: 626px) 100vw, 626px\" \/><\/figure>\n\n\n\n<figure class=\"wp-block-image size-full\"><img decoding=\"async\" loading=\"lazy\" width=\"620\" height=\"706\" src=\"https:\/\/blogceta.zaragoza.unam.mx\/iqfes\/wp-content\/uploads\/sites\/93\/2025\/02\/imagen-21.png\" alt=\"\" class=\"wp-image-3491\" srcset=\"https:\/\/blogceta.zaragoza.unam.mx\/iqfes\/wp-content\/uploads\/sites\/93\/2025\/02\/imagen-21.png 620w, https:\/\/blogceta.zaragoza.unam.mx\/iqfes\/wp-content\/uploads\/sites\/93\/2025\/02\/imagen-21-263x300.png 263w, https:\/\/blogceta.zaragoza.unam.mx\/iqfes\/wp-content\/uploads\/sites\/93\/2025\/02\/imagen-21-237x270.png 237w\" sizes=\"(max-width: 620px) 100vw, 620px\" \/><\/figure>\n\n\n\n<figure class=\"wp-block-image size-full\"><img decoding=\"async\" loading=\"lazy\" width=\"620\" height=\"718\" src=\"https:\/\/blogceta.zaragoza.unam.mx\/iqfes\/wp-content\/uploads\/sites\/93\/2025\/02\/imagen-22.png\" alt=\"\" class=\"wp-image-3492\" srcset=\"https:\/\/blogceta.zaragoza.unam.mx\/iqfes\/wp-content\/uploads\/sites\/93\/2025\/02\/imagen-22.png 620w, https:\/\/blogceta.zaragoza.unam.mx\/iqfes\/wp-content\/uploads\/sites\/93\/2025\/02\/imagen-22-259x300.png 259w, https:\/\/blogceta.zaragoza.unam.mx\/iqfes\/wp-content\/uploads\/sites\/93\/2025\/02\/imagen-22-233x270.png 233w\" sizes=\"(max-width: 620px) 100vw, 620px\" \/><\/figure>\n\n\n\n<p><\/p>\n","protected":false},"excerpt":{"rendered":"<p>Se considera como &#8220;Planta Piloto&#8221; al conjunto de operaciones unitarias a peque\u00f1a escala dise\u00f1ados para obtener informaci\u00f3n que se puede utilizar en procesos a escala industrial. Permiten realizar estudios de viabilidad de dise\u00f1os y procesos a escala industrial, reduciendo as\u00ed <a href=\"https:\/\/blogceta.zaragoza.unam.mx\/iqfes\/pp\/\" class=\"read-more\">Read More &#8230;<\/a><\/p>\n","protected":false},"author":123458,"featured_media":0,"parent":0,"menu_order":2,"comment_status":"closed","ping_status":"closed","template":"","meta":{"_bbp_topic_count":0,"_bbp_reply_count":0,"_bbp_total_topic_count":0,"_bbp_total_reply_count":0,"_bbp_voice_count":0,"_bbp_anonymous_reply_count":0,"_bbp_topic_count_hidden":0,"_bbp_reply_count_hidden":0,"_bbp_forum_subforum_count":0},"_links":{"self":[{"href":"https:\/\/blogceta.zaragoza.unam.mx\/iqfes\/wp-json\/wp\/v2\/pages\/26"}],"collection":[{"href":"https:\/\/blogceta.zaragoza.unam.mx\/iqfes\/wp-json\/wp\/v2\/pages"}],"about":[{"href":"https:\/\/blogceta.zaragoza.unam.mx\/iqfes\/wp-json\/wp\/v2\/types\/page"}],"author":[{"embeddable":true,"href":"https:\/\/blogceta.zaragoza.unam.mx\/iqfes\/wp-json\/wp\/v2\/users\/123458"}],"replies":[{"embeddable":true,"href":"https:\/\/blogceta.zaragoza.unam.mx\/iqfes\/wp-json\/wp\/v2\/comments?post=26"}],"version-history":[{"count":20,"href":"https:\/\/blogceta.zaragoza.unam.mx\/iqfes\/wp-json\/wp\/v2\/pages\/26\/revisions"}],"predecessor-version":[{"id":3505,"href":"https:\/\/blogceta.zaragoza.unam.mx\/iqfes\/wp-json\/wp\/v2\/pages\/26\/revisions\/3505"}],"wp:attachment":[{"href":"https:\/\/blogceta.zaragoza.unam.mx\/iqfes\/wp-json\/wp\/v2\/media?parent=26"}],"curies":[{"name":"wp","href":"https:\/\/api.w.org\/{rel}","templated":true}]}}