{"id":424,"date":"2025-07-30T14:30:28","date_gmt":"2025-07-30T20:30:28","guid":{"rendered":"https:\/\/blogceta.zaragoza.unam.mx\/flujofluidos\/?page_id=424"},"modified":"2025-07-30T14:30:28","modified_gmt":"2025-07-30T20:30:28","slug":"pro22","status":"publish","type":"page","link":"https:\/\/blogceta.zaragoza.unam.mx\/flujofluidos\/pro22\/","title":{"rendered":"pro22"},"content":{"rendered":"\n<h1>Problema 22<\/h1>\n\n\n\n<figure class=\"wp-block-image\"><img decoding=\"async\" src=\"https:\/\/flujofluidos.wordpress.com\/wp-content\/uploads\/2020\/06\/pro22a.jpg?w=598\" alt=\"\" class=\"wp-image-357\" \/><\/figure>\n\n\n\n<figure class=\"wp-block-image\"><img decoding=\"async\" src=\"https:\/\/flujofluidos.wordpress.com\/wp-content\/uploads\/2020\/06\/pro22b.jpg?w=588\" alt=\"\" class=\"wp-image-358\" \/><\/figure>\n\n\n\n<figure class=\"wp-block-image\"><img decoding=\"async\" src=\"https:\/\/flujofluidos.wordpress.com\/wp-content\/uploads\/2020\/06\/pro22c.jpg?w=589\" alt=\"\" class=\"wp-image-359\" \/><\/figure>\n\n\n\n<p><strong>C\u00f3digo de programaci\u00f3n Matlab<\/strong><\/p>\n\n\n\n<p>% PROBLEMA 22<br>clc<br>clear<br>format compact<\/p>\n\n\n\n<p>% Agua a 20\u00b0C fluye de la base de un gran tanque de almacenamiento a trav\u00e9s<br>% de una tuber\u00eda horizontal lisa. Esto no es suficientemente r\u00e1pido.<br>% \u00bfCu\u00e1nta tuber\u00eda debe eliminarse para conseguir la velocidad a trav\u00e9s del<br>% tubo y que sea 2.5 veces mayor? Ign\u00f3rese los efectos de la energ\u00eda<br>% cin\u00e9tica y la entrada.<\/p>\n\n\n\n<p>D=input(\u2018Valor del di\u00e1metro de la tuber\u00eda [ft] \u2018);<br>%D=0.32808<br>L=input(\u2018Valor del tramo recto [ft] \u2018);<br>%L=3280.83<br>d=input(\u2018Valor de la densidad de la sustancia [lb\/ft^3] \u2018);<br>%d=62.35<br>v=input(\u2018Valor de la viscosidad de la sustancia [lb\/ft.s] \u2018);<br>%v=6.58e-4<br>U=input(\u2018Valor de la velocidad [ft\/s]\u2019)<br>%U=3.2808<br>gc=32.2;<\/p>\n\n\n\n<p>S=(pi*D*D)\/4<br>Nre=(D*U*d)\/v<br>f1=0.3164\/(Nre^(1\/4))<br>dp=(f1*U*U*L*d)\/(2*gc*D)<br>U2=2.5*U<br>Nre2=(D*U2*d)\/v<br>f2=0.3164\/(Nre2^(1\/4))<br>disp(\u2018Este es el tramo de tuber\u00eda que debe eliminarse para aumentar la<br>velocidad\u2019)<br>L2=(2*gc*D*dp)\/(d*U2*U2*f2)<br>disp(\u2018Tramo de la tuber\u00eda en ft\u2019)<br>Lnueva=L-L2<br>disp(\u2018Tramo de la tuber\u00eda en Km\u2019)<br>Lnuev=Lnueva\/3280.83<\/p>\n\n\n\n<p><\/p>\n","protected":false},"excerpt":{"rendered":"<p>Problema 22 C\u00f3digo de programaci\u00f3n Matlab % PROBLEMA 22clcclearformat compact % Agua a 20\u00b0C fluye de la base de un gran tanque de almacenamiento a trav\u00e9s% de una tuber\u00eda horizontal lisa. Esto no es suficientemente r\u00e1pido.% \u00bfCu\u00e1nta tuber\u00eda debe eliminarse para conseguir la velocidad a trav\u00e9s del% tubo y que sea 2.5 veces mayor? Ign\u00f3rese &hellip; <a href=\"https:\/\/blogceta.zaragoza.unam.mx\/flujofluidos\/pro22\/\" class=\"more-link\">Contin\u00faa leyendo <span class=\"screen-reader-text\">pro22<\/span><\/a><\/p>\n","protected":false},"author":123458,"featured_media":0,"parent":0,"menu_order":0,"comment_status":"closed","ping_status":"closed","template":"","meta":{"_bbp_topic_count":0,"_bbp_reply_count":0,"_bbp_total_topic_count":0,"_bbp_total_reply_count":0,"_bbp_voice_count":0,"_bbp_anonymous_reply_count":0,"_bbp_topic_count_hidden":0,"_bbp_reply_count_hidden":0,"_bbp_forum_subforum_count":0},"_links":{"self":[{"href":"https:\/\/blogceta.zaragoza.unam.mx\/flujofluidos\/wp-json\/wp\/v2\/pages\/424"}],"collection":[{"href":"https:\/\/blogceta.zaragoza.unam.mx\/flujofluidos\/wp-json\/wp\/v2\/pages"}],"about":[{"href":"https:\/\/blogceta.zaragoza.unam.mx\/flujofluidos\/wp-json\/wp\/v2\/types\/page"}],"author":[{"embeddable":true,"href":"https:\/\/blogceta.zaragoza.unam.mx\/flujofluidos\/wp-json\/wp\/v2\/users\/123458"}],"replies":[{"embeddable":true,"href":"https:\/\/blogceta.zaragoza.unam.mx\/flujofluidos\/wp-json\/wp\/v2\/comments?post=424"}],"version-history":[{"count":1,"href":"https:\/\/blogceta.zaragoza.unam.mx\/flujofluidos\/wp-json\/wp\/v2\/pages\/424\/revisions"}],"predecessor-version":[{"id":426,"href":"https:\/\/blogceta.zaragoza.unam.mx\/flujofluidos\/wp-json\/wp\/v2\/pages\/424\/revisions\/426"}],"wp:attachment":[{"href":"https:\/\/blogceta.zaragoza.unam.mx\/flujofluidos\/wp-json\/wp\/v2\/media?parent=424"}],"curies":[{"name":"wp","href":"https:\/\/api.w.org\/{rel}","templated":true}]}}