{"id":253,"date":"2025-04-22T10:36:11","date_gmt":"2025-04-22T16:36:11","guid":{"rendered":"https:\/\/blogceta.zaragoza.unam.mx\/flujofluidos\/?page_id=253"},"modified":"2026-02-25T15:41:15","modified_gmt":"2026-02-25T21:41:15","slug":"pro7","status":"publish","type":"page","link":"https:\/\/blogceta.zaragoza.unam.mx\/flujofluidos\/pro7\/","title":{"rendered":"pro7"},"content":{"rendered":"\n<figure class=\"wp-block-image size-full\"><img decoding=\"async\" loading=\"lazy\" width=\"619\" height=\"827\" src=\"https:\/\/blogceta.zaragoza.unam.mx\/flujofluidos\/wp-content\/uploads\/sites\/97\/2025\/04\/image-25.png\" alt=\"\" class=\"wp-image-254\" srcset=\"https:\/\/blogceta.zaragoza.unam.mx\/flujofluidos\/wp-content\/uploads\/sites\/97\/2025\/04\/image-25.png 619w, https:\/\/blogceta.zaragoza.unam.mx\/flujofluidos\/wp-content\/uploads\/sites\/97\/2025\/04\/image-25-225x300.png 225w\" sizes=\"(max-width: 619px) 100vw, 619px\" \/><\/figure>\n\n\n\n<figure class=\"wp-block-image size-full\"><img decoding=\"async\" loading=\"lazy\" width=\"580\" height=\"292\" src=\"https:\/\/blogceta.zaragoza.unam.mx\/flujofluidos\/wp-content\/uploads\/sites\/97\/2025\/04\/image-26.png\" alt=\"\" class=\"wp-image-255\" srcset=\"https:\/\/blogceta.zaragoza.unam.mx\/flujofluidos\/wp-content\/uploads\/sites\/97\/2025\/04\/image-26.png 580w, https:\/\/blogceta.zaragoza.unam.mx\/flujofluidos\/wp-content\/uploads\/sites\/97\/2025\/04\/image-26-300x151.png 300w\" sizes=\"(max-width: 580px) 100vw, 580px\" \/><\/figure>\n\n\n\n<p><strong>C\u00f3digo de programaci\u00f3n Matlab<\/strong><\/p>\n\n\n\n<pre class=\"wp-block-preformatted\">% PROBLEMA 7\nclc\nclear\nformat compact\n% Petr\u00f3leo a raz\u00f3n de 50 gal\/min fluye continuamente del tanque A al tanque\n% B a trav\u00e9s de una tuber\u00eda de 3000 ft y 3 in de di\u00e1metro, la tuber\u00eda es\n% c\u00e9dula 40. El aceite tiene una densidad de 62.3 lb\/ft^3 y una viscosidad\n% de 50cp. Los niveles de ambas superficies son los mismos en ambos tanques.\n% El tanque B esta ventilado con la atm\u00f3sfera. \u00bfCu\u00e1l es la presi\u00f3n relativa\n% en el tanque A para que exista este tipo de flujo?\nL=input(\u2018Dame el valor de la longitud de la tuber\u00eda [ft]= \u2018);\n%L=3000\nQ=input(\u2018Valor del gasto o flujo [ft^3\/s] = \u2018);\n%Q=0.114\nv=input(\u2018\u00bfCu\u00e1l es la viscosidad del fluido [lb\/ft.s]? \u2018);\n%v=0.0336\nd=input(\u2018Valor de la densidad [lb\/ft^3]= \u2018);\n%d=62.3\nPatm=input(\u2018Valor de la presi\u00f3n atmosf\u00e9rica [lb\/ft^2] = \u2018);\n%Patm=2116.8\nDi=input(\u2018Di\u00e1metro interno de la tuber\u00eda seg\u00fan la c\u00e9dula = \u2018);\n%Di=.2557\ngc=32.2;\ndisp(\u2018El valor de la velocidad tiene unidades [ft\/s]\u2019)\nu=Q\/((pi\/4)*Di^2)\nNre=(Di*d*u)\/v\ndisp(\u2018La ca\u00edda de presi\u00f3n esta dada en [lbf\/ft^2]\u2019)\ndp=(32*u*v*L)\/(gc*Di^2)\ndisp(\u2018La ca\u00edda de presi\u00f3n esta dada en [KPa]\u2019)\nDP=(dp*101325)\/(2116.8*100\ndisp(\u2018La presi\u00f3n 1 esta dada en [lbf\/ft^2]\u2019)\np1=dp+Patm<\/pre>\n\n\n\n<div class=\"is-layout-flex wp-block-buttons\">\n<div class=\"wp-block-button\"><a class=\"wp-block-button__link wp-element-button\" href=\"https:\/\/blogceta.zaragoza.unam.mx\/flujofluidos\/pro8\/\">problema 8<\/a><\/div>\n<\/div>\n","protected":false},"excerpt":{"rendered":"<p>C\u00f3digo de programaci\u00f3n Matlab % PROBLEMA 7 clc clear format compact % Petr\u00f3leo a raz\u00f3n de 50 gal\/min fluye continuamente del tanque A al tanque % B a trav\u00e9s de una tuber\u00eda de 3000 ft y 3 in de di\u00e1metro, la tuber\u00eda es % c\u00e9dula 40. El aceite tiene una densidad de 62.3 lb\/ft^3 y &hellip; <a href=\"https:\/\/blogceta.zaragoza.unam.mx\/flujofluidos\/pro7\/\" class=\"more-link\">Contin\u00faa leyendo <span class=\"screen-reader-text\">pro7<\/span><\/a><\/p>\n","protected":false},"author":123458,"featured_media":0,"parent":0,"menu_order":0,"comment_status":"closed","ping_status":"closed","template":"","meta":{"_bbp_topic_count":0,"_bbp_reply_count":0,"_bbp_total_topic_count":0,"_bbp_total_reply_count":0,"_bbp_voice_count":0,"_bbp_anonymous_reply_count":0,"_bbp_topic_count_hidden":0,"_bbp_reply_count_hidden":0,"_bbp_forum_subforum_count":0},"_links":{"self":[{"href":"https:\/\/blogceta.zaragoza.unam.mx\/flujofluidos\/wp-json\/wp\/v2\/pages\/253"}],"collection":[{"href":"https:\/\/blogceta.zaragoza.unam.mx\/flujofluidos\/wp-json\/wp\/v2\/pages"}],"about":[{"href":"https:\/\/blogceta.zaragoza.unam.mx\/flujofluidos\/wp-json\/wp\/v2\/types\/page"}],"author":[{"embeddable":true,"href":"https:\/\/blogceta.zaragoza.unam.mx\/flujofluidos\/wp-json\/wp\/v2\/users\/123458"}],"replies":[{"embeddable":true,"href":"https:\/\/blogceta.zaragoza.unam.mx\/flujofluidos\/wp-json\/wp\/v2\/comments?post=253"}],"version-history":[{"count":2,"href":"https:\/\/blogceta.zaragoza.unam.mx\/flujofluidos\/wp-json\/wp\/v2\/pages\/253\/revisions"}],"predecessor-version":[{"id":585,"href":"https:\/\/blogceta.zaragoza.unam.mx\/flujofluidos\/wp-json\/wp\/v2\/pages\/253\/revisions\/585"}],"wp:attachment":[{"href":"https:\/\/blogceta.zaragoza.unam.mx\/flujofluidos\/wp-json\/wp\/v2\/media?parent=253"}],"curies":[{"name":"wp","href":"https:\/\/api.w.org\/{rel}","templated":true}]}}