{"id":510,"date":"2020-05-23T19:41:46","date_gmt":"2020-05-23T19:41:46","guid":{"rendered":"https:\/\/blogceta.zaragoza.unam.mx\/estabio\/?page_id=510"},"modified":"2020-05-23T19:54:11","modified_gmt":"2020-05-23T19:54:11","slug":"combinaciones","status":"publish","type":"page","link":"https:\/\/blogceta.zaragoza.unam.mx\/estabio\/combinaciones\/","title":{"rendered":"Combinaciones"},"content":{"rendered":"\n<p class=\"has-text-align-center\"><strong>Comparaci\u00f3n entre Permutaciones y Combinaciones<\/strong><\/p>\n\n\n\n<figure class=\"wp-block-image size-large\"><img decoding=\"async\" loading=\"lazy\" width=\"556\" height=\"608\" src=\"https:\/\/blogceta.zaragoza.unam.mx\/estabio\/wp-content\/uploads\/sites\/56\/2020\/05\/image-11.png\" alt=\"\" class=\"wp-image-511\" srcset=\"https:\/\/blogceta.zaragoza.unam.mx\/estabio\/wp-content\/uploads\/sites\/56\/2020\/05\/image-11.png 556w, https:\/\/blogceta.zaragoza.unam.mx\/estabio\/wp-content\/uploads\/sites\/56\/2020\/05\/image-11-274x300.png 274w\" sizes=\"(max-width: 556px) 100vw, 556px\" \/><\/figure>\n\n\n\n<p class=\"has-text-color has-background has-white-color has-blue-background-color\">Muestreo<\/p>\n\n\n\n<p>Suponiendo un conjunto de n objetos diferentes de los cuales se selecciona un cierto n\u00famero k. La colecci\u00f3n de esos k objetos suele llamarse una muestra de tama\u00f1o k seleccionada del conjunto dado. Se plantea la siguiente pregunta \u00bfCu\u00e1ntas muestras diferentes pueden escogerse? Para esto def\u00ednase:<\/p>\n\n\n\n<p>1) En qu\u00e9 forma se selecciona la muestra.<\/p>\n\n\n\n<p>2)Lo que se entiende por muestras diferentes<\/p>\n\n\n\n<p>1) La selecci\u00f3n de la muestra puede hacerse<\/p>\n\n\n\n<p>1.1) Se selecciona un objeto, y ya no puede volver a seleccionarse.<\/p>\n\n\n\n<p>1.2) Una vez seleccionado un objeto, s\u00f3lo se registra cu\u00e1l es y se reintegra a la poblaci\u00f3n, de modo que puede seleccionarse nuevamente.<\/p>\n\n\n\n<p>Para<\/p>\n\n\n\n<p>1.1) Se dice que la muestra es SIN remplazo.<\/p>\n\n\n\n<p>1.2) Con reemplazo.<\/p>\n\n\n\n<p>2)Una muestra ser\u00e1 diferente de otras de acuerdo con uno de los 2 criterios b\u00e1sicos.<\/p>\n\n\n\n<p>2.1) Una muestra es diferente de otra si hay al menos un elmento que est\u00e1 en una de las dos pero no en la otra.<\/p>\n\n\n\n<p>2.2) Una muestra es diferente de otra si cumple el criterio 2.a) o bien si teniendo exactamente los mismos elementos, estos se obtuvieron en orden diferente.<\/p>\n\n\n\n<p>Para<\/p>\n\n\n\n<p> 2.a) Se dice que el orden NO importa y<\/p>\n\n\n\n<p>2.b) Muestras ordenadas.<\/p>\n\n\n\n<p>Examinando cada Caso.<\/p>\n\n\n\n<p>A. Se elige una muestra Sin reemplazo y el orden NO importa, entonces podemos determinar el n\u00famero de muestras posibles como sigue:<\/p>\n\n\n\n<p style=\"background-color:#00a398\" class=\"has-text-color has-background has-white-color\">Teorema<\/p>\n\n\n\n<p>El n\u00famero de muestras diferentes de tama\u00f1o k, donde el orden no importa, que puede seleccionarse sin reemplazo de una poblaci\u00f3n de tama\u00f1o n, es igual a<\/p>\n\n\n\n<figure class=\"wp-block-image size-large\"><img decoding=\"async\" loading=\"lazy\" width=\"127\" height=\"78\" src=\"https:\/\/blogceta.zaragoza.unam.mx\/estabio\/wp-content\/uploads\/sites\/56\/2020\/05\/image-12.png\" alt=\"\" class=\"wp-image-513\" \/><\/figure>\n\n\n\n<p>Notaci\u00f3n:<\/p>\n\n\n\n<figure class=\"wp-block-image size-large\"><img decoding=\"async\" loading=\"lazy\" width=\"200\" height=\"78\" src=\"https:\/\/blogceta.zaragoza.unam.mx\/estabio\/wp-content\/uploads\/sites\/56\/2020\/05\/image-13.png\" alt=\"\" class=\"wp-image-514\" \/><\/figure>\n\n\n\n<figure class=\"wp-block-image size-large\"><img decoding=\"async\" loading=\"lazy\" width=\"43\" height=\"59\" src=\"https:\/\/blogceta.zaragoza.unam.mx\/estabio\/wp-content\/uploads\/sites\/56\/2020\/05\/image-14.png\" alt=\"\" class=\"wp-image-515\" \/><figcaption>NOTA: Este s\u00edmbolo se lee como el n\u00famero de combinaciones de k objetos tomados de n objetos diferentes.<\/figcaption><\/figure>\n\n\n\n<p style=\"background-color:#00a329\" class=\"has-text-color has-background has-white-color\">Ejemplo<\/p>\n\n\n\n<p>\u00bfDe cu\u00e1ntas formas puede organizarse un equipo de basquetbol (5 jugadores) de entre un plantel de 7 jugadores?<\/p>\n\n\n\n<figure class=\"wp-block-image size-large\"><img decoding=\"async\" loading=\"lazy\" width=\"419\" height=\"53\" src=\"https:\/\/blogceta.zaragoza.unam.mx\/estabio\/wp-content\/uploads\/sites\/56\/2020\/05\/image-15.png\" alt=\"\" class=\"wp-image-516\" srcset=\"https:\/\/blogceta.zaragoza.unam.mx\/estabio\/wp-content\/uploads\/sites\/56\/2020\/05\/image-15.png 419w, https:\/\/blogceta.zaragoza.unam.mx\/estabio\/wp-content\/uploads\/sites\/56\/2020\/05\/image-15-300x38.png 300w\" sizes=\"(max-width: 419px) 100vw, 419px\" \/><figcaption><br><\/figcaption><\/figure>\n\n\n\n<p>Ahora para obtener el n\u00famero de muestras ordenadas de tama\u00f1o k, basta considerar que cada muestra donde el orden no importa genera k! muestras ordenadas diferentes, correspondientes a las k! permutaciones de los elementos de la muestra. Dicho n\u00famero es entonces<\/p>\n\n\n\n<figure class=\"wp-block-image size-large\"><img decoding=\"async\" loading=\"lazy\" width=\"277\" height=\"59\" src=\"https:\/\/blogceta.zaragoza.unam.mx\/estabio\/wp-content\/uploads\/sites\/56\/2020\/05\/image-16.png\" alt=\"\" class=\"wp-image-518\" \/><\/figure>\n\n\n\n<p>(n)<sub>k<\/sub>= n(n-1) (n-2) &#8230; (n-k+1)Considerando la selecci\u00f3n CON Reemplazo se tiene el siguiente:<\/p>\n\n\n\n<p style=\"background-color:#a39600\" class=\"has-text-color has-background has-white-color\">Teorema 1<\/p>\n\n\n\n<p>El n\u00famero de muestras ordenadas de tama\u00f1o k que pueden obtenerse con reemplazo, de una poblaci\u00f3n de n elementos es n<sup>k<\/sup>. <\/p>\n\n\n\n<p style=\"background-color:#a30011\" class=\"has-text-color has-background has-white-color\">Teorema 2<\/p>\n\n\n\n<p>El n\u00famero de muestras de tama\u00f1o k que pueden obtenerse, con reemplazo, de una poblaci\u00f3n de n elementos, y donde el orden no importa, es igual a:<\/p>\n\n\n\n<figure class=\"wp-block-image size-large\"><img decoding=\"async\" loading=\"lazy\" width=\"302\" height=\"77\" src=\"https:\/\/blogceta.zaragoza.unam.mx\/estabio\/wp-content\/uploads\/sites\/56\/2020\/05\/image-17.png\" alt=\"\" class=\"wp-image-519\" srcset=\"https:\/\/blogceta.zaragoza.unam.mx\/estabio\/wp-content\/uploads\/sites\/56\/2020\/05\/image-17.png 302w, https:\/\/blogceta.zaragoza.unam.mx\/estabio\/wp-content\/uploads\/sites\/56\/2020\/05\/image-17-300x76.png 300w\" sizes=\"(max-width: 302px) 100vw, 302px\" \/><\/figure>\n\n\n\n<p>Resumiendo.N\u00famero de Muestras de tama\u00f1o k que pueden obtenerse de una poblaci\u00f3n de n elementos.<\/p>\n\n\n\n<figure class=\"wp-block-image size-large\"><img decoding=\"async\" loading=\"lazy\" width=\"1023\" height=\"173\" src=\"https:\/\/blogceta.zaragoza.unam.mx\/estabio\/wp-content\/uploads\/sites\/56\/2020\/05\/image-18.png\" alt=\"\" class=\"wp-image-520\" srcset=\"https:\/\/blogceta.zaragoza.unam.mx\/estabio\/wp-content\/uploads\/sites\/56\/2020\/05\/image-18.png 1023w, https:\/\/blogceta.zaragoza.unam.mx\/estabio\/wp-content\/uploads\/sites\/56\/2020\/05\/image-18-300x51.png 300w, https:\/\/blogceta.zaragoza.unam.mx\/estabio\/wp-content\/uploads\/sites\/56\/2020\/05\/image-18-768x130.png 768w\" sizes=\"(max-width: 1023px) 100vw, 1023px\" \/><\/figure>\n\n\n\n<div class=\"wp-block-themeisle-blocks-advanced-columns has-undefined-columns has-desktop-undefined-layout has-tablet-equal-layout has-mobile-equal-layout has-default-gap has-vertical-unset\" id=\"wp-block-themeisle-blocks-advanced-columns-008da571\"><div class=\"wp-block-themeisle-blocks-advanced-columns-overlay\"><\/div><div class=\"innerblocks-wrap\"><\/div><\/div>\n","protected":false},"excerpt":{"rendered":"<p>Comparaci\u00f3n entre Permutaciones y Combinaciones Muestreo Suponiendo un conjunto de n objetos diferentes de los cuales se selecciona un cierto n\u00famero k. La colecci\u00f3n de esos k objetos suele llamarse una muestra de tama\u00f1o k seleccionada del conjunto dado. Se &hellip; <a href=\"https:\/\/blogceta.zaragoza.unam.mx\/estabio\/combinaciones\/\">Sigue leyendo <span class=\"meta-nav\">&rarr;<\/span><\/a><\/p>\n","protected":false},"author":53,"featured_media":0,"parent":0,"menu_order":0,"comment_status":"closed","ping_status":"closed","template":"","meta":{"_bbp_topic_count":0,"_bbp_reply_count":0,"_bbp_total_topic_count":0,"_bbp_total_reply_count":0,"_bbp_voice_count":0,"_bbp_anonymous_reply_count":0,"_bbp_topic_count_hidden":0,"_bbp_reply_count_hidden":0,"_bbp_forum_subforum_count":0},"_links":{"self":[{"href":"https:\/\/blogceta.zaragoza.unam.mx\/estabio\/wp-json\/wp\/v2\/pages\/510"}],"collection":[{"href":"https:\/\/blogceta.zaragoza.unam.mx\/estabio\/wp-json\/wp\/v2\/pages"}],"about":[{"href":"https:\/\/blogceta.zaragoza.unam.mx\/estabio\/wp-json\/wp\/v2\/types\/page"}],"author":[{"embeddable":true,"href":"https:\/\/blogceta.zaragoza.unam.mx\/estabio\/wp-json\/wp\/v2\/users\/53"}],"replies":[{"embeddable":true,"href":"https:\/\/blogceta.zaragoza.unam.mx\/estabio\/wp-json\/wp\/v2\/comments?post=510"}],"version-history":[{"count":3,"href":"https:\/\/blogceta.zaragoza.unam.mx\/estabio\/wp-json\/wp\/v2\/pages\/510\/revisions"}],"predecessor-version":[{"id":521,"href":"https:\/\/blogceta.zaragoza.unam.mx\/estabio\/wp-json\/wp\/v2\/pages\/510\/revisions\/521"}],"wp:attachment":[{"href":"https:\/\/blogceta.zaragoza.unam.mx\/estabio\/wp-json\/wp\/v2\/media?parent=510"}],"curies":[{"name":"wp","href":"https:\/\/api.w.org\/{rel}","templated":true}]}}