{"id":662,"date":"2021-03-26T21:33:53","date_gmt":"2021-03-26T21:33:53","guid":{"rendered":"https:\/\/blogceta.zaragoza.unam.mx\/cintegral\/?page_id=662"},"modified":"2021-03-27T03:52:53","modified_gmt":"2021-03-27T03:52:53","slug":"directa-formulario-basico","status":"publish","type":"page","link":"https:\/\/blogceta.zaragoza.unam.mx\/cintegral\/directa-formulario-basico\/","title":{"rendered":"Directa (Formulario b\u00e1sico)"},"content":{"rendered":"\n<p> <strong>La integraci\u00f3n directa<\/strong> se aplica cuando hay una correspondencia directa con alguna de las f\u00f3rmulas de integraci\u00f3n. Por lo que el primer paso es tener a la mano un formulario b\u00e1sico de integrales. <\/p>\n\n\n\n<figure class=\"wp-block-image size-large\"><img decoding=\"async\" loading=\"lazy\" width=\"626\" height=\"488\" src=\"https:\/\/blogceta.zaragoza.unam.mx\/cintegral\/wp-content\/uploads\/sites\/49\/2021\/03\/Formulario_integrales.png\" alt=\"\" class=\"wp-image-667\" srcset=\"https:\/\/blogceta.zaragoza.unam.mx\/cintegral\/wp-content\/uploads\/sites\/49\/2021\/03\/Formulario_integrales.png 626w, https:\/\/blogceta.zaragoza.unam.mx\/cintegral\/wp-content\/uploads\/sites\/49\/2021\/03\/Formulario_integrales-300x234.png 300w\" sizes=\"(max-width: 626px) 100vw, 626px\" \/><\/figure>\n\n\n\n<p style=\"text-align: right\"><a href=\"https:\/\/blogceta.zaragoza.unam.mx\/cintegral\/wp-content\/uploads\/sites\/49\/2021\/03\/ejemplos_directasBlog-2.pdf\">Ejemplos paso a paso, directas definidas<\/a><\/p>\n","protected":false},"excerpt":{"rendered":"<p>La integraci\u00f3n directa se aplica cuando hay una correspondencia directa con alguna de las f\u00f3rmulas de integraci\u00f3n. Por lo que el primer paso es tener a la mano un formulario b\u00e1sico de integrales. Ejemplos paso a paso, directas definidas<\/p>\n","protected":false},"author":53,"featured_media":0,"parent":0,"menu_order":0,"comment_status":"closed","ping_status":"closed","template":"","meta":{"_bbp_topic_count":0,"_bbp_reply_count":0,"_bbp_total_topic_count":0,"_bbp_total_reply_count":0,"_bbp_voice_count":0,"_bbp_anonymous_reply_count":0,"_bbp_topic_count_hidden":0,"_bbp_reply_count_hidden":0,"_bbp_forum_subforum_count":0},"_links":{"self":[{"href":"https:\/\/blogceta.zaragoza.unam.mx\/cintegral\/wp-json\/wp\/v2\/pages\/662"}],"collection":[{"href":"https:\/\/blogceta.zaragoza.unam.mx\/cintegral\/wp-json\/wp\/v2\/pages"}],"about":[{"href":"https:\/\/blogceta.zaragoza.unam.mx\/cintegral\/wp-json\/wp\/v2\/types\/page"}],"author":[{"embeddable":true,"href":"https:\/\/blogceta.zaragoza.unam.mx\/cintegral\/wp-json\/wp\/v2\/users\/53"}],"replies":[{"embeddable":true,"href":"https:\/\/blogceta.zaragoza.unam.mx\/cintegral\/wp-json\/wp\/v2\/comments?post=662"}],"version-history":[{"count":7,"href":"https:\/\/blogceta.zaragoza.unam.mx\/cintegral\/wp-json\/wp\/v2\/pages\/662\/revisions"}],"predecessor-version":[{"id":688,"href":"https:\/\/blogceta.zaragoza.unam.mx\/cintegral\/wp-json\/wp\/v2\/pages\/662\/revisions\/688"}],"wp:attachment":[{"href":"https:\/\/blogceta.zaragoza.unam.mx\/cintegral\/wp-json\/wp\/v2\/media?parent=662"}],"curies":[{"name":"wp","href":"https:\/\/api.w.org\/{rel}","templated":true}]}}