{"id":2,"date":"2019-05-24T00:49:13","date_gmt":"2019-05-24T00:49:13","guid":{"rendered":"https:\/\/blogceta.zaragoza.unam.mx\/cintegral\/?page_id=2"},"modified":"2022-03-11T15:48:25","modified_gmt":"2022-03-11T15:48:25","slug":"matematicas-ii","status":"publish","type":"page","link":"https:\/\/blogceta.zaragoza.unam.mx\/cintegral\/","title":{"rendered":"Presentaci\u00f3n"},"content":{"rendered":"\n<p class=\"has-text-align-left\">Con un enfoque que resalta la soluci\u00f3n de ejemplos y siguiendo el temario de la asignatura de Matem\u00e1ticas II que se imparte en la carrera de Biolog\u00eda de la FES Zaragoza se presenta  material de apoyo sobre: <\/p>\n\n\n\n<p><strong>PREREQUISITOS: Funci\u00f3n; Derivadas y Antiderivadas<\/strong><\/p>\n\n\n\n<div class=\"wp-block-image\"><figure class=\"alignright size-large is-resized\"><img decoding=\"async\" loading=\"lazy\" src=\"https:\/\/blogceta.zaragoza.unam.mx\/cintegral\/wp-content\/uploads\/sites\/49\/2022\/03\/sumas-de-riemann-912x1024.png\" alt=\"\" class=\"wp-image-880\" width=\"185\" height=\"208\" srcset=\"https:\/\/blogceta.zaragoza.unam.mx\/cintegral\/wp-content\/uploads\/sites\/49\/2022\/03\/sumas-de-riemann-912x1024.png 912w, https:\/\/blogceta.zaragoza.unam.mx\/cintegral\/wp-content\/uploads\/sites\/49\/2022\/03\/sumas-de-riemann-267x300.png 267w, https:\/\/blogceta.zaragoza.unam.mx\/cintegral\/wp-content\/uploads\/sites\/49\/2022\/03\/sumas-de-riemann-768x862.png 768w, https:\/\/blogceta.zaragoza.unam.mx\/cintegral\/wp-content\/uploads\/sites\/49\/2022\/03\/sumas-de-riemann.png 1125w\" sizes=\"(max-width: 185px) 100vw, 185px\" \/><\/figure><\/div>\n\n\n\n<p><strong>C\u00c1LCULO   INTEGRAL.<\/strong> La integral como antiderivada; Integral definida; Integraci\u00f3n directa; M\u00e9todos de Integraci\u00f3n  (Sustituci\u00f3n o Cambio de Variable; Por partes; Fracciones Parciales); Modelos de crecimiento.<\/p>\n\n\n\n<p><strong>RECURSOS EDUCATIVOS ABIERTOS. <\/strong> Enlaces a material de apoyo para el aprendizaje del c\u00e1lculo integral y para la soluci\u00f3n de ecuaciones diferenciales de primer orden.  <\/p>\n\n\n\n<p><strong>ECUACIONES DIFERENCIALES ORDINARIAS DE PRIMER ORDEN. <\/strong>Conceptos fundamentales;  Ecuaciones diferenciales de variables separadas;  Ecuaciones diferenciales homog\u00e9neas; Ecuaciones diferenciales exactas; Ecuaciones diferenciales lineales; Aplicaciones de las Ecuaciones Diferenciales de primer orden, en Biolog\u00eda.     <\/p>\n\n\n\n<p class=\"has-very-light-gray-background-color has-background\">Se hace \u00e9nfasis en la resoluci\u00f3n de ejemplos paso a paso y en los v\u00ednculos a Recursos Educativos Abiertos, REA (OER, en ingl\u00e9s), para el aprendizaje de estos temas.<\/p>\n\n\n","protected":false},"excerpt":{"rendered":"<p>Con un enfoque que resalta la soluci\u00f3n de ejemplos y siguiendo el temario de la asignatura de Matem\u00e1ticas II que se imparte en la carrera de Biolog\u00eda de la FES Zaragoza se presenta material de apoyo sobre: PREREQUISITOS: Funci\u00f3n; Derivadas y Antiderivadas C\u00c1LCULO INTEGRAL. La integral como antiderivada; Integral definida; Integraci\u00f3n directa; M\u00e9todos de Integraci\u00f3n &hellip; <a href=\"https:\/\/blogceta.zaragoza.unam.mx\/cintegral\/\" class=\"more-link\">Contin\u00faa leyendo <span class=\"screen-reader-text\">Presentaci\u00f3n<\/span><\/a><\/p>\n","protected":false},"author":53,"featured_media":0,"parent":0,"menu_order":0,"comment_status":"closed","ping_status":"open","template":"","meta":{"_bbp_topic_count":0,"_bbp_reply_count":0,"_bbp_total_topic_count":0,"_bbp_total_reply_count":0,"_bbp_voice_count":0,"_bbp_anonymous_reply_count":0,"_bbp_topic_count_hidden":0,"_bbp_reply_count_hidden":0,"_bbp_forum_subforum_count":0},"_links":{"self":[{"href":"https:\/\/blogceta.zaragoza.unam.mx\/cintegral\/wp-json\/wp\/v2\/pages\/2"}],"collection":[{"href":"https:\/\/blogceta.zaragoza.unam.mx\/cintegral\/wp-json\/wp\/v2\/pages"}],"about":[{"href":"https:\/\/blogceta.zaragoza.unam.mx\/cintegral\/wp-json\/wp\/v2\/types\/page"}],"author":[{"embeddable":true,"href":"https:\/\/blogceta.zaragoza.unam.mx\/cintegral\/wp-json\/wp\/v2\/users\/53"}],"replies":[{"embeddable":true,"href":"https:\/\/blogceta.zaragoza.unam.mx\/cintegral\/wp-json\/wp\/v2\/comments?post=2"}],"version-history":[{"count":19,"href":"https:\/\/blogceta.zaragoza.unam.mx\/cintegral\/wp-json\/wp\/v2\/pages\/2\/revisions"}],"predecessor-version":[{"id":885,"href":"https:\/\/blogceta.zaragoza.unam.mx\/cintegral\/wp-json\/wp\/v2\/pages\/2\/revisions\/885"}],"wp:attachment":[{"href":"https:\/\/blogceta.zaragoza.unam.mx\/cintegral\/wp-json\/wp\/v2\/media?parent=2"}],"curies":[{"name":"wp","href":"https:\/\/api.w.org\/{rel}","templated":true}]}}